{"id":59936,"date":"2023-12-18T00:00:00","date_gmt":"2023-12-17T23:00:00","guid":{"rendered":"https:\/\/2025.teleskopshop.ch\/shop\/non%20class\u00e9\/baader-telezentrisches-system-tz-4\/"},"modified":"2025-01-25T11:57:02","modified_gmt":"2025-01-25T10:57:02","slug":"baader-telezentrisches-system-tz-4","status":"publish","type":"product","link":"https:\/\/www.teleskopshop.ch\/fr\/shop\/optique\/extensions-optiques\/correcteurs-optiques\/systemes-telecentriques\/baader-telezentrisches-system-tz-4\/","title":{"rendered":"Syst\u00e8me t\u00e9l\u00e9centrique Baader TZ 4"},"content":{"rendered":"<p>T\u00e9l\u00e9centricit\u00e9 avec diam\u00e8tre ext\u00e9rieur de 2&nbsp;\u00bb et filetage T2 des deux c\u00f4t\u00e9s ;<br \/>\nAplanatique, avec extension de la distance focale 4x et sans<br \/>\nCourbure du champ de vision &#8211; fournit f\/30 sur les t\u00e9lescopes avec f\/7.5 ;<br \/>\nSp\u00e9cialement calcul\u00e9 et fabriqu\u00e9 pour la longueur d\u2019onde H-alpha, avec<br \/>\nvaleur de Strehl la plus \u00e9lev\u00e9e (luminosit\u00e9 de d\u00e9finition \u00e0 656,3 nm)<\/p>\n","protected":false},"excerpt":{"rendered":"<p>T\u00e9l\u00e9centricit\u00e9 avec diam\u00e8tre ext\u00e9rieur de 2&nbsp;\u00bb et filetage T2 des deux c\u00f4t\u00e9s ; Aplanatique, avec extension de la distance focale 4x et sans Courbure du champ de vision &#8211; fournit f\/30 sur les t\u00e9lescopes avec f\/7.5 ; Sp\u00e9cialement calcul\u00e9 et fabriqu\u00e9 pour la longueur d\u2019onde H-alpha, avec valeur de Strehl la plus \u00e9lev\u00e9e (luminosit\u00e9 de [&hellip;]<\/p>\n","protected":false},"featured_media":10546,"comment_status":"closed","ping_status":"open","template":"","meta":{"_acf_changed":false},"product_brand":[679],"product_cat":[1528,1522,1339,1552],"product_tag":[],"class_list":{"0":"post-59936","1":"product","2":"type-product","3":"status-publish","4":"has-post-thumbnail","6":"product_brand-baader","7":"product_cat-correcteurs-optiques","8":"product_cat-extensions-optiques","9":"product_cat-optique","10":"product_cat-systemes-telecentriques","12":"first","13":"instock","14":"taxable","15":"shipping-taxable","16":"purchasable","17":"product-type-simple"},"acf":[],"_links":{"self":[{"href":"https:\/\/www.teleskopshop.ch\/fr\/wp-json\/wp\/v2\/product\/59936","targetHints":{"allow":["GET"]}}],"collection":[{"href":"https:\/\/www.teleskopshop.ch\/fr\/wp-json\/wp\/v2\/product"}],"about":[{"href":"https:\/\/www.teleskopshop.ch\/fr\/wp-json\/wp\/v2\/types\/product"}],"replies":[{"embeddable":true,"href":"https:\/\/www.teleskopshop.ch\/fr\/wp-json\/wp\/v2\/comments?post=59936"}],"wp:featuredmedia":[{"embeddable":true,"href":"https:\/\/www.teleskopshop.ch\/fr\/wp-json\/wp\/v2\/media\/10546"}],"wp:attachment":[{"href":"https:\/\/www.teleskopshop.ch\/fr\/wp-json\/wp\/v2\/media?parent=59936"}],"wp:term":[{"taxonomy":"product_brand","embeddable":true,"href":"https:\/\/www.teleskopshop.ch\/fr\/wp-json\/wp\/v2\/product_brand?post=59936"},{"taxonomy":"product_cat","embeddable":true,"href":"https:\/\/www.teleskopshop.ch\/fr\/wp-json\/wp\/v2\/product_cat?post=59936"},{"taxonomy":"product_tag","embeddable":true,"href":"https:\/\/www.teleskopshop.ch\/fr\/wp-json\/wp\/v2\/product_tag?post=59936"}],"curies":[{"name":"wp","href":"https:\/\/api.w.org\/{rel}","templated":true}]}}