{"id":59927,"date":"2023-12-18T00:00:00","date_gmt":"2023-12-17T23:00:00","guid":{"rendered":"https:\/\/2025.teleskopshop.ch\/shop\/non%20class\u00e9\/baader-2-solar-telekompressor-0-7x\/"},"modified":"2025-01-25T11:58:04","modified_gmt":"2025-01-25T10:58:04","slug":"baader-2-solar-telekompressor-0-7x","status":"publish","type":"product","link":"https:\/\/www.teleskopshop.ch\/fr\/shop\/optique\/extensions-optiques\/correcteurs-optiques\/compresseurs-solaires\/baader-2-solar-telekompressor-0-7x\/","title":{"rendered":"Baader 2&nbsp;\u00bb T\u00e9l\u00e9compresseur Solaire 0.7x"},"content":{"rendered":"<p>T\u00e9l\u00e9compresseur H-alpha 0.7x 2&nbsp;\u00bb pour Spectre Solaire ;<br \/>\nMont\u00e9 directement sur le filtre SolarSpectrum du c\u00f4t\u00e9 de l\u2019oculaire et<br \/>\nr\u00e9duit la distance focale pr\u00e9c\u00e9demment \u00e9tendue d\u2019un facteur de 0,7 ;<br \/>\nSupport de travail 110mm (distance au capteur de la cam\u00e9ra) ;<br \/>\nFiletage 2&nbsp;\u00bb m\u00e2le. \/ 2&nbsp;\u00bb m\u00e2le. (convient pour bride universelle de 2 po<br \/>\n#2958240) ;<br \/>\nPour les applications photographiques ou de webcam, le t\u00e9l\u00e9compresseur est utilis\u00e9<br \/>\npour ajuster la distance focale \u00e0 des conditions de vision \u00e9ventuellement mauvaises<\/p>\n","protected":false},"excerpt":{"rendered":"<p>T\u00e9l\u00e9compresseur H-alpha 0.7x 2&nbsp;\u00bb pour Spectre Solaire ; Mont\u00e9 directement sur le filtre SolarSpectrum du c\u00f4t\u00e9 de l\u2019oculaire et r\u00e9duit la distance focale pr\u00e9c\u00e9demment \u00e9tendue d\u2019un facteur de 0,7 ; Support de travail 110mm (distance au capteur de la cam\u00e9ra) ; Filetage 2&nbsp;\u00bb m\u00e2le. \/ 2&nbsp;\u00bb m\u00e2le. (convient pour bride universelle de 2 po #2958240) [&hellip;]<\/p>\n","protected":false},"featured_media":10558,"comment_status":"closed","ping_status":"open","template":"","meta":{"_acf_changed":false},"product_brand":[679],"product_cat":[1546,1528,1522,1339],"product_tag":[],"class_list":{"0":"post-59927","1":"product","2":"type-product","3":"status-publish","4":"has-post-thumbnail","6":"product_brand-baader","7":"product_cat-compresseurs-solaires","8":"product_cat-correcteurs-optiques","9":"product_cat-extensions-optiques","10":"product_cat-optique","12":"first","13":"instock","14":"taxable","15":"shipping-taxable","16":"purchasable","17":"product-type-simple"},"acf":[],"_links":{"self":[{"href":"https:\/\/www.teleskopshop.ch\/fr\/wp-json\/wp\/v2\/product\/59927","targetHints":{"allow":["GET"]}}],"collection":[{"href":"https:\/\/www.teleskopshop.ch\/fr\/wp-json\/wp\/v2\/product"}],"about":[{"href":"https:\/\/www.teleskopshop.ch\/fr\/wp-json\/wp\/v2\/types\/product"}],"replies":[{"embeddable":true,"href":"https:\/\/www.teleskopshop.ch\/fr\/wp-json\/wp\/v2\/comments?post=59927"}],"wp:featuredmedia":[{"embeddable":true,"href":"https:\/\/www.teleskopshop.ch\/fr\/wp-json\/wp\/v2\/media\/10558"}],"wp:attachment":[{"href":"https:\/\/www.teleskopshop.ch\/fr\/wp-json\/wp\/v2\/media?parent=59927"}],"wp:term":[{"taxonomy":"product_brand","embeddable":true,"href":"https:\/\/www.teleskopshop.ch\/fr\/wp-json\/wp\/v2\/product_brand?post=59927"},{"taxonomy":"product_cat","embeddable":true,"href":"https:\/\/www.teleskopshop.ch\/fr\/wp-json\/wp\/v2\/product_cat?post=59927"},{"taxonomy":"product_tag","embeddable":true,"href":"https:\/\/www.teleskopshop.ch\/fr\/wp-json\/wp\/v2\/product_tag?post=59927"}],"curies":[{"name":"wp","href":"https:\/\/api.w.org\/{rel}","templated":true}]}}