{"id":59921,"date":"2023-12-18T00:00:00","date_gmt":"2023-12-17T23:00:00","guid":{"rendered":"https:\/\/2025.teleskopshop.ch\/shop\/non%20class\u00e9\/celestron-red-linse-0-7x-f-800-edge\/"},"modified":"2025-01-25T11:52:45","modified_gmt":"2025-01-25T10:52:45","slug":"celestron-red-linse-0-7x-f-800-edge","status":"publish","type":"product","link":"https:\/\/www.teleskopshop.ch\/fr\/shop\/optique\/extensions-optiques\/correcteurs-optiques\/reducteur\/celestron-red-linse-0-7x-f-800-edge\/","title":{"rendered":"Lentille rouge Celestron 0,7x F. 800 Edge"},"content":{"rendered":"<p>R\u00e9ducteur pour 800 Edge HD<br \/>\nL&rsquo;EdgeHD Reducer offre un sp\u00e9cialement con\u00e7u pour l&rsquo;EdgeHD<br \/>\nOptique calcul\u00e9e de t\u00e9lescopes avec cinq \u00e9l\u00e9ments optiques (y compris avec<br \/>\nverre de lanthane), tout en conservant le champ de vision plat de l&rsquo;EdgeHD<br \/>\noptique.<br \/>\nRaccourcir contrairement aux r\u00e9ducteurs plus simples pour le format APS<br \/>\nEdge-HD Reducer ne correspond pas au backfocus original de 146 mm. \u00c0 travers cela<br \/>\nNon seulement n&rsquo;importe quel appareil photo reflex num\u00e9rique peut \u00eatre connect\u00e9, mais aussi<br \/>\ntoutes les cam\u00e9ras CCD connues avec roues \u00e0 filtres et optique active (AO)<br \/>\nsyst\u00e8mes et adaptateurs de guidage hors axe.<br \/>\nLe r\u00e9ducteur EdgeHD 0,7x contient des lentilles avec un indice de r\u00e9fraction extr\u00eame,<br \/>\ndont des lentilles au lanthane \u00e0 tr\u00e8s faible dispersion. En cons\u00e9quence, reste<br \/>\nle contraste particuli\u00e8rement \u00e9lev\u00e9 de l&rsquo;optique Edge HD malgr\u00e9 les nombreux<br \/>\nlentilles suppl\u00e9mentaires ne diminuent pas et cela se produit sur une<br \/>\npas d&rsquo;aberrations chromatiques sur une tr\u00e8s large gamme spectrale.<br \/>\nChaque surface verre-air de ce syst\u00e8me de lentilles est con\u00e7ue pour obtenir un maximum<br \/>\nTransmission et fid\u00e9lit\u00e9 des couleurs multicouches. Tous les bords de lentille<br \/>\nsont soigneusement noircis pour \u00e9liminer compl\u00e8tement les reflets internes<br \/>\nr\u00e9primer. Les grandes lentilles d&rsquo;un diam\u00e8tre allant jusqu&rsquo;\u00e0 60 mm<br \/>\npermettre un cercle d&rsquo;image enti\u00e8rement \u00e9clair\u00e9 d&rsquo;un diam\u00e8tre de 42 mm<br \/>\n&#8211; convient \u00e9galement aux grands capteurs CCD.<br \/>\nLe bo\u00eetier complexe en aluminium frais\u00e9 CNC fournit l&rsquo;exact<br \/>\ndistances et un alignement pr\u00e9cis des lentilles. bouchon \u00e0 vis<br \/>\nFabriqu\u00e9 en m\u00e9tal, prot\u00e8ge les lentilles de la poussi\u00e8re et des dommages lorsque le<br \/>\nEdge HD Reducer n&rsquo;est pas utilis\u00e9.<br \/>\nAvec l&rsquo;option f\/2 HyperStar et le r\u00e9ducteur f\/7 Edge HD<br \/>\nl&rsquo;optique f\/10 Celestron EdgeHD Schmidt-Cassegrain pour loin<br \/>\nl&rsquo;optique de t\u00e9lescope la plus polyvalente de sa cat\u00e9gorie de prix.<br \/>\nPermet l&rsquo;utilisation d&rsquo;adaptateurs en T EdgeHD existants avec ou sans<br \/>\nR\u00e9ducteur Edge HD<\/p>\n","protected":false},"excerpt":{"rendered":"<p>R\u00e9ducteur pour 800 Edge HD L&rsquo;EdgeHD Reducer offre un sp\u00e9cialement con\u00e7u pour l&rsquo;EdgeHD Optique calcul\u00e9e de t\u00e9lescopes avec cinq \u00e9l\u00e9ments optiques (y compris avec verre de lanthane), tout en conservant le champ de vision plat de l&rsquo;EdgeHD optique. Raccourcir contrairement aux r\u00e9ducteurs plus simples pour le format APS Edge-HD Reducer ne correspond pas au backfocus [&hellip;]<\/p>\n","protected":false},"featured_media":8114,"comment_status":"closed","ping_status":"open","template":"","meta":{"_acf_changed":false},"product_brand":[674],"product_cat":[1528,1522,1339,1543],"product_tag":[],"class_list":{"0":"post-59921","1":"product","2":"type-product","3":"status-publish","4":"has-post-thumbnail","6":"product_brand-celestron","7":"product_cat-correcteurs-optiques","8":"product_cat-extensions-optiques","9":"product_cat-optique","10":"product_cat-reducteur","12":"first","13":"instock","14":"taxable","15":"shipping-taxable","16":"purchasable","17":"product-type-simple"},"acf":[],"_links":{"self":[{"href":"https:\/\/www.teleskopshop.ch\/fr\/wp-json\/wp\/v2\/product\/59921","targetHints":{"allow":["GET"]}}],"collection":[{"href":"https:\/\/www.teleskopshop.ch\/fr\/wp-json\/wp\/v2\/product"}],"about":[{"href":"https:\/\/www.teleskopshop.ch\/fr\/wp-json\/wp\/v2\/types\/product"}],"replies":[{"embeddable":true,"href":"https:\/\/www.teleskopshop.ch\/fr\/wp-json\/wp\/v2\/comments?post=59921"}],"wp:featuredmedia":[{"embeddable":true,"href":"https:\/\/www.teleskopshop.ch\/fr\/wp-json\/wp\/v2\/media\/8114"}],"wp:attachment":[{"href":"https:\/\/www.teleskopshop.ch\/fr\/wp-json\/wp\/v2\/media?parent=59921"}],"wp:term":[{"taxonomy":"product_brand","embeddable":true,"href":"https:\/\/www.teleskopshop.ch\/fr\/wp-json\/wp\/v2\/product_brand?post=59921"},{"taxonomy":"product_cat","embeddable":true,"href":"https:\/\/www.teleskopshop.ch\/fr\/wp-json\/wp\/v2\/product_cat?post=59921"},{"taxonomy":"product_tag","embeddable":true,"href":"https:\/\/www.teleskopshop.ch\/fr\/wp-json\/wp\/v2\/product_tag?post=59921"}],"curies":[{"name":"wp","href":"https:\/\/api.w.org\/{rel}","templated":true}]}}