{"id":59912,"date":"2023-12-18T00:00:00","date_gmt":"2023-12-17T23:00:00","guid":{"rendered":"https:\/\/2025.teleskopshop.ch\/shop\/non%20class\u00e9\/celestron-reduktionslinse-f-6-3\/"},"modified":"2025-01-25T11:50:47","modified_gmt":"2025-01-25T10:50:47","slug":"celestron-reduktionslinse-f-6-3","status":"publish","type":"product","link":"https:\/\/www.teleskopshop.ch\/fr\/shop\/optique\/extensions-optiques\/correcteurs-optiques\/reducteur\/celestron-reduktionslinse-f-6-3\/","title":{"rendered":"Objectif de r\u00e9duction Celestron f\/6.3"},"content":{"rendered":"<p>R\u00e9ducteur \/ Correcteur f\/6.3 &#8211; avec filetage interne de 2 pouces (pas pour Edge-HD)<br \/>\nCe syst\u00e8me de correction de lentille sensible tue plusieurs oiseaux en m\u00eame temps<br \/>\nd&rsquo;une pierre : le r\u00e9ducteur de focale \u00e0 4 lentilles raccourcit la distance focale<br \/>\nde tous les t\u00e9lescopes Schmidt-Cassegrain par un facteur de 0,63. Que<br \/>\nLe rapport d&rsquo;ouverture change dans la m\u00eame mesure de 1:10 \u00e0 1:6.3.<br \/>\nCela se traduit par un champ de vision beaucoup plus large et autour de la<br \/>\nFacteur 3 temps d&rsquo;exposition plus courts. Le syst\u00e8me de correction optique ouvre<br \/>\nle champ de vision l\u00e9g\u00e8rement incurv\u00e9 de tous les t\u00e9lescopes Schmidt-Cassegrain.<br \/>\nIl s&rsquo;agit d&rsquo;un \u00ab\u00a0richfield\u00a0\u00bb enti\u00e8rement corrig\u00e9 et sans vignettage<br \/>\nchamp de vision de 24 mm de diam\u00e8tre. Les focales de<br \/>\nCelestron SC &#8211; Les t\u00e9lescopes \u00e9voluent comme suit&nbsp;:<br \/>\nC-5 : de 1250 \u00e0 788 mm \/ f6.3<br \/>\nC-8 : de 2000 \u00e0 1260 mm \/ f6.3<br \/>\nC-9 : de 2350 \u00e0 1480 mm \/ f6.3<br \/>\nC-11 : de 2800 \u00e0 1764 mm \/ f6.3<br \/>\nC-14 : de 3910 \u00e0 2457 mm \/ f7.3<br \/>\nLe r\u00e9ducteur de focale Celestron peut \u00e9galement \u00eatre visuellement utile<br \/>\nins\u00e9rer. Il a le filetage Celestron SC des deux c\u00f4t\u00e9s, et<br \/>\nest viss\u00e9 directement sur le tube du t\u00e9lescope. Il peut aussi dans<br \/>\nCombinaison avec le guide radial &#8211; pour la photographie et les cam\u00e9ras CCD<br \/>\n\u00eatre utilis\u00e9.<\/p>\n","protected":false},"excerpt":{"rendered":"<p>R\u00e9ducteur \/ Correcteur f\/6.3 &#8211; avec filetage interne de 2 pouces (pas pour Edge-HD) Ce syst\u00e8me de correction de lentille sensible tue plusieurs oiseaux en m\u00eame temps d&rsquo;une pierre : le r\u00e9ducteur de focale \u00e0 4 lentilles raccourcit la distance focale de tous les t\u00e9lescopes Schmidt-Cassegrain par un facteur de 0,63. Que Le rapport d&rsquo;ouverture [&hellip;]<\/p>\n","protected":false},"featured_media":8054,"comment_status":"closed","ping_status":"open","template":"","meta":{"_acf_changed":false},"product_brand":[674],"product_cat":[1528,1522,1339,1543],"product_tag":[],"class_list":{"0":"post-59912","1":"product","2":"type-product","3":"status-publish","4":"has-post-thumbnail","6":"product_brand-celestron","7":"product_cat-correcteurs-optiques","8":"product_cat-extensions-optiques","9":"product_cat-optique","10":"product_cat-reducteur","12":"first","13":"instock","14":"taxable","15":"shipping-taxable","16":"purchasable","17":"product-type-simple"},"acf":[],"_links":{"self":[{"href":"https:\/\/www.teleskopshop.ch\/fr\/wp-json\/wp\/v2\/product\/59912","targetHints":{"allow":["GET"]}}],"collection":[{"href":"https:\/\/www.teleskopshop.ch\/fr\/wp-json\/wp\/v2\/product"}],"about":[{"href":"https:\/\/www.teleskopshop.ch\/fr\/wp-json\/wp\/v2\/types\/product"}],"replies":[{"embeddable":true,"href":"https:\/\/www.teleskopshop.ch\/fr\/wp-json\/wp\/v2\/comments?post=59912"}],"wp:featuredmedia":[{"embeddable":true,"href":"https:\/\/www.teleskopshop.ch\/fr\/wp-json\/wp\/v2\/media\/8054"}],"wp:attachment":[{"href":"https:\/\/www.teleskopshop.ch\/fr\/wp-json\/wp\/v2\/media?parent=59912"}],"wp:term":[{"taxonomy":"product_brand","embeddable":true,"href":"https:\/\/www.teleskopshop.ch\/fr\/wp-json\/wp\/v2\/product_brand?post=59912"},{"taxonomy":"product_cat","embeddable":true,"href":"https:\/\/www.teleskopshop.ch\/fr\/wp-json\/wp\/v2\/product_cat?post=59912"},{"taxonomy":"product_tag","embeddable":true,"href":"https:\/\/www.teleskopshop.ch\/fr\/wp-json\/wp\/v2\/product_tag?post=59912"}],"curies":[{"name":"wp","href":"https:\/\/api.w.org\/{rel}","templated":true}]}}