{"id":59909,"date":"2023-12-18T00:00:00","date_gmt":"2023-12-17T23:00:00","guid":{"rendered":"https:\/\/2025.teleskopshop.ch\/shop\/non%20class\u00e9\/baader-mpcc-iii-newton-komakorrekt-foto\/"},"modified":"2025-01-25T11:51:05","modified_gmt":"2025-01-25T10:51:05","slug":"baader-mpcc-iii-newton-komakorrekt-foto","status":"publish","type":"product","link":"https:\/\/www.teleskopshop.ch\/fr\/shop\/optique\/extensions-optiques\/correcteurs-optiques\/correcteurs-de-coma\/baader-mpcc-iii-newton-komakorrekt-foto\/","title":{"rendered":"Baader MPCC III Coma newtonien correct. photo"},"content":{"rendered":"<p>&#8211; Version photographique avec bague d&rsquo;arr\u00eat 2&Prime; amovible, utilisable<br \/>\n au choix avec raccordement T2 (M42x0,75) ou M48x0,75.<br \/>\n&#8211; Correcteur de coma pour t\u00e9lescopes newtoniens, qui augmente la distance focale du<br \/>\n Le t\u00e9lescope n&rsquo;est pas allong\u00e9 et ne r\u00e9duit pas le champ de vision !<br \/>\n&#8211; Grands objectifs pour des prises de vue totalement sans vignettage jusqu&rsquo;\u00e0 f\/3.5.<br \/>\n Niveau de nettet\u00e9 le plus \u00e9lev\u00e9 sur l&rsquo;ensemble du champ d&rsquo;image.<br \/>\n&#8211; Phantom Coating &#8211; Groupe multicouche pour une transmission maximale et<br \/>\n \u00e0 l&rsquo;abri des reflets<\/p>\n","protected":false},"excerpt":{"rendered":"<p>&#8211; Version photographique avec bague d&rsquo;arr\u00eat 2&Prime; amovible, utilisable au choix avec raccordement T2 (M42x0,75) ou M48x0,75. &#8211; Correcteur de coma pour t\u00e9lescopes newtoniens, qui augmente la distance focale du Le t\u00e9lescope n&rsquo;est pas allong\u00e9 et ne r\u00e9duit pas le champ de vision ! &#8211; Grands objectifs pour des prises de vue totalement sans vignettage [&hellip;]<\/p>\n","protected":false},"featured_media":8682,"comment_status":"closed","ping_status":"open","template":"","meta":{"_acf_changed":false},"product_brand":[679],"product_cat":[1540,1528,1522,1339],"product_tag":[],"class_list":{"0":"post-59909","1":"product","2":"type-product","3":"status-publish","4":"has-post-thumbnail","6":"product_brand-baader","7":"product_cat-correcteurs-de-coma","8":"product_cat-correcteurs-optiques","9":"product_cat-extensions-optiques","10":"product_cat-optique","12":"first","13":"instock","14":"taxable","15":"shipping-taxable","16":"purchasable","17":"product-type-simple"},"acf":[],"_links":{"self":[{"href":"https:\/\/www.teleskopshop.ch\/fr\/wp-json\/wp\/v2\/product\/59909","targetHints":{"allow":["GET"]}}],"collection":[{"href":"https:\/\/www.teleskopshop.ch\/fr\/wp-json\/wp\/v2\/product"}],"about":[{"href":"https:\/\/www.teleskopshop.ch\/fr\/wp-json\/wp\/v2\/types\/product"}],"replies":[{"embeddable":true,"href":"https:\/\/www.teleskopshop.ch\/fr\/wp-json\/wp\/v2\/comments?post=59909"}],"wp:featuredmedia":[{"embeddable":true,"href":"https:\/\/www.teleskopshop.ch\/fr\/wp-json\/wp\/v2\/media\/8682"}],"wp:attachment":[{"href":"https:\/\/www.teleskopshop.ch\/fr\/wp-json\/wp\/v2\/media?parent=59909"}],"wp:term":[{"taxonomy":"product_brand","embeddable":true,"href":"https:\/\/www.teleskopshop.ch\/fr\/wp-json\/wp\/v2\/product_brand?post=59909"},{"taxonomy":"product_cat","embeddable":true,"href":"https:\/\/www.teleskopshop.ch\/fr\/wp-json\/wp\/v2\/product_cat?post=59909"},{"taxonomy":"product_tag","embeddable":true,"href":"https:\/\/www.teleskopshop.ch\/fr\/wp-json\/wp\/v2\/product_tag?post=59909"}],"curies":[{"name":"wp","href":"https:\/\/api.w.org\/{rel}","templated":true}]}}