{"id":59888,"date":"2023-12-18T00:00:00","date_gmt":"2023-12-17T23:00:00","guid":{"rendered":"https:\/\/2025.teleskopshop.ch\/shop\/non%20class\u00e9\/baader-okular-klemme-fuer-scs\/"},"modified":"2025-01-25T11:58:15","modified_gmt":"2025-01-25T10:58:15","slug":"baader-okular-klemme-fuer-scs","status":"publish","type":"product","link":"https:\/\/www.teleskopshop.ch\/fr\/shop\/optique\/extensions-optiques\/oculaires\/accessoires-oculaires-fr\/pinces\/baader-okular-klemme-fuer-scs\/","title":{"rendered":"Pince oculaire Baader pour SC"},"content":{"rendered":"<p>Pince oculaire de luxe 2&Prime; pour SC (avec filetage SC 2&Prime; femelle) sans 2&Prime;<br \/>\nPorte-filtre #17.<br \/>\nL&rsquo;adaptateur 2&Prime; est fix\u00e9 \u00e0 l&rsquo;aide de deux grosses vis molet\u00e9es,<br \/>\nqui fixent solidement l&rsquo;accessoire 2&Prime; via une bague de serrage. tu atteins<br \/>\nune telle pince tr\u00e8s robuste, qui fonctionne aussi bien avec des gants<br \/>\nla presse est. Vous avez un \u00e9clairage complet avec l&rsquo;adaptateur.<br \/>\nLes miroirs diagonaux avec le filetage de connexion SC ont un diam\u00e8tre relativement \u00e9troit<br \/>\nAdaptateur pour SC, ils ont un ombrage des bords. De plus, le<br \/>\nAdaptateur 2&Prime; l&rsquo;exploitation compl\u00e8te de la large gamme 2&Prime;.<br \/>\nC\u00f4t\u00e9 t\u00e9lescope : filetage interne SC (filetage 2&Prime;)<br \/>\nC\u00f4t\u00e9 oculaire : canon 2&Prime; &#8211; bague de compression avec deux vis molet\u00e9es<br \/>\nLongueur : 53 mm<\/p>\n","protected":false},"excerpt":{"rendered":"<p>Pince oculaire de luxe 2&Prime; pour SC (avec filetage SC 2&Prime; femelle) sans 2&Prime; Porte-filtre #17. L&rsquo;adaptateur 2&Prime; est fix\u00e9 \u00e0 l&rsquo;aide de deux grosses vis molet\u00e9es, qui fixent solidement l&rsquo;accessoire 2&Prime; via une bague de serrage. tu atteins une telle pince tr\u00e8s robuste, qui fonctionne aussi bien avec des gants la presse est. Vous [&hellip;]<\/p>\n","protected":false},"featured_media":10450,"comment_status":"closed","ping_status":"open","template":"","meta":{"_acf_changed":false},"product_brand":[679],"product_cat":[1516,1477,1339,1519],"product_tag":[],"class_list":{"0":"post-59888","1":"product","2":"type-product","3":"status-publish","4":"has-post-thumbnail","6":"product_brand-baader","7":"product_cat-accessoires-oculaires-fr","8":"product_cat-oculaires","9":"product_cat-optique","10":"product_cat-pinces","12":"first","13":"instock","14":"taxable","15":"shipping-taxable","16":"purchasable","17":"product-type-simple"},"acf":[],"_links":{"self":[{"href":"https:\/\/www.teleskopshop.ch\/fr\/wp-json\/wp\/v2\/product\/59888","targetHints":{"allow":["GET"]}}],"collection":[{"href":"https:\/\/www.teleskopshop.ch\/fr\/wp-json\/wp\/v2\/product"}],"about":[{"href":"https:\/\/www.teleskopshop.ch\/fr\/wp-json\/wp\/v2\/types\/product"}],"replies":[{"embeddable":true,"href":"https:\/\/www.teleskopshop.ch\/fr\/wp-json\/wp\/v2\/comments?post=59888"}],"wp:featuredmedia":[{"embeddable":true,"href":"https:\/\/www.teleskopshop.ch\/fr\/wp-json\/wp\/v2\/media\/10450"}],"wp:attachment":[{"href":"https:\/\/www.teleskopshop.ch\/fr\/wp-json\/wp\/v2\/media?parent=59888"}],"wp:term":[{"taxonomy":"product_brand","embeddable":true,"href":"https:\/\/www.teleskopshop.ch\/fr\/wp-json\/wp\/v2\/product_brand?post=59888"},{"taxonomy":"product_cat","embeddable":true,"href":"https:\/\/www.teleskopshop.ch\/fr\/wp-json\/wp\/v2\/product_cat?post=59888"},{"taxonomy":"product_tag","embeddable":true,"href":"https:\/\/www.teleskopshop.ch\/fr\/wp-json\/wp\/v2\/product_tag?post=59888"}],"curies":[{"name":"wp","href":"https:\/\/api.w.org\/{rel}","templated":true}]}}