{"id":59885,"date":"2023-12-18T00:00:00","date_gmt":"2023-12-17T23:00:00","guid":{"rendered":"https:\/\/2025.teleskopshop.ch\/shop\/non%20class\u00e9\/pentax-okular-zoom-xf-65-195mm\/"},"modified":"2025-01-25T12:10:34","modified_gmt":"2025-01-25T11:10:34","slug":"pentax-okular-zoom-xf-65-195mm","status":"publish","type":"product","link":"https:\/\/www.teleskopshop.ch\/fr\/shop\/optique\/extensions-optiques\/oculaires\/oculaires-zoom\/pentax-okular-zoom-xf-65-195mm\/","title":{"rendered":"Oculaire Pentax Zoom XF 6.5-19.5mm"},"content":{"rendered":"<p>L\u2019oculaire zoom PENTAX XF offre un grossissement de 20x \u00e0 60x<br \/>\navec les longues-vues PENTAX 65 mm et un d\u00e9gagement oculaire de 11 mm \u00e0<br \/>\n15mm.<br \/>\nCon\u00e7u pour \u00eatre utilis\u00e9 avec les longues-vues PENTAX et avec<br \/>\nt\u00e9lescopes astronomiques avec porte-oculaire correspondant de 1 1\/4&nbsp;\u00bb.<br \/>\nL\u2019\u0153illeton rotatif offre une vue confortable lorsqu\u2019il est retir\u00e9.<br \/>\nVis\/filetage de montage de l\u2019adaptateur (mod\u00e8les \u00e0 mise au point unique : 30,5 mm<br \/>\nDiam\u00e8tre avec pas de 0,5 mm ; Zoom : 43 mm de diam\u00e8tre avec 0,75 mm<br \/>\npente).<br \/>\nCompatible avec les longues-vues suivantes : longues-vues des s\u00e9ries PF-65 et PF-65<br \/>\nPF-65ED(A)II, Longues-vues s\u00e9rie PF-80, Longues-vues s\u00e9rie PF-100<\/p>\n","protected":false},"excerpt":{"rendered":"<p>L\u2019oculaire zoom PENTAX XF offre un grossissement de 20x \u00e0 60x avec les longues-vues PENTAX 65 mm et un d\u00e9gagement oculaire de 11 mm \u00e0 15mm. Con\u00e7u pour \u00eatre utilis\u00e9 avec les longues-vues PENTAX et avec t\u00e9lescopes astronomiques avec porte-oculaire correspondant de 1 1\/4&nbsp;\u00bb. L\u2019\u0153illeton rotatif offre une vue confortable lorsqu\u2019il est retir\u00e9. Vis\/filetage de [&hellip;]<\/p>\n","protected":false},"featured_media":10614,"comment_status":"closed","ping_status":"open","template":"","meta":{"_acf_changed":false},"product_brand":[688],"product_cat":[1477,1513,1339],"product_tag":[],"class_list":{"0":"post-59885","1":"product","2":"type-product","3":"status-publish","4":"has-post-thumbnail","6":"product_brand-pentax","7":"product_cat-oculaires","8":"product_cat-oculaires-zoom","9":"product_cat-optique","11":"first","12":"instock","13":"taxable","14":"shipping-taxable","15":"purchasable","16":"product-type-simple"},"acf":[],"_links":{"self":[{"href":"https:\/\/www.teleskopshop.ch\/fr\/wp-json\/wp\/v2\/product\/59885","targetHints":{"allow":["GET"]}}],"collection":[{"href":"https:\/\/www.teleskopshop.ch\/fr\/wp-json\/wp\/v2\/product"}],"about":[{"href":"https:\/\/www.teleskopshop.ch\/fr\/wp-json\/wp\/v2\/types\/product"}],"replies":[{"embeddable":true,"href":"https:\/\/www.teleskopshop.ch\/fr\/wp-json\/wp\/v2\/comments?post=59885"}],"wp:featuredmedia":[{"embeddable":true,"href":"https:\/\/www.teleskopshop.ch\/fr\/wp-json\/wp\/v2\/media\/10614"}],"wp:attachment":[{"href":"https:\/\/www.teleskopshop.ch\/fr\/wp-json\/wp\/v2\/media?parent=59885"}],"wp:term":[{"taxonomy":"product_brand","embeddable":true,"href":"https:\/\/www.teleskopshop.ch\/fr\/wp-json\/wp\/v2\/product_brand?post=59885"},{"taxonomy":"product_cat","embeddable":true,"href":"https:\/\/www.teleskopshop.ch\/fr\/wp-json\/wp\/v2\/product_cat?post=59885"},{"taxonomy":"product_tag","embeddable":true,"href":"https:\/\/www.teleskopshop.ch\/fr\/wp-json\/wp\/v2\/product_tag?post=59885"}],"curies":[{"name":"wp","href":"https:\/\/api.w.org\/{rel}","templated":true}]}}