{"id":59879,"date":"2023-12-18T00:00:00","date_gmt":"2023-12-17T23:00:00","guid":{"rendered":"https:\/\/2025.teleskopshop.ch\/shop\/non%20class\u00e9\/baader-aspheric-hyperion-31mm-2-50-8mm\/"},"modified":"2025-01-25T11:58:59","modified_gmt":"2025-01-25T10:58:59","slug":"baader-aspheric-hyperion-31mm-2-50-8mm","status":"publish","type":"product","link":"https:\/\/www.teleskopshop.ch\/fr\/shop\/optique\/extensions-optiques\/oculaires\/oculaires-grand-angle\/baader-aspheric-hyperion-31mm-2-50-8mm\/","title":{"rendered":"Baader Hyperion Asph\u00e9rique 31mm 2&Prime; \/50.8mm"},"content":{"rendered":"<p>Oculaire asph\u00e9rique de 31 mm de 2&Prime; avec r\u00e9ducteur \u00e0 diam\u00e8tre de canon de 1\u00bc\u00a0\u00bb<br \/>\net incl. \u0152illeton en caoutchouc\/abat-jour de feu lat\u00e9ral #2454653.<br \/>\nLa correction asph\u00e9rique d&rsquo;un syst\u00e8me optique corrige de nombreux<br \/>\nerreurs d&rsquo;imagerie. La nettet\u00e9 est maintenue sur tout le champ de vision<br \/>\npr\u00e9serv\u00e9e et la distorsion est r\u00e9duite au minimum. \u00c0 propos de \u00e7a<br \/>\nDe plus, l&rsquo;oculaire peut \u00eatre rendu beaucoup plus compact et plus l\u00e9ger<br \/>\nsera. Excellent comportement d&rsquo;insight sans effet \u00ab\u00a0Kidney Bean\u00a0\u00bb.<br \/>\nExtr\u00eamement l\u00e9ger et petit et comme projecteur de plan photographique avec tous<br \/>\nLes connexions du syst\u00e8me Hyperion peuvent \u00eatre utilis\u00e9es. Fant\u00f4me optimis\u00e9<br \/>\nMulti-couches pour une transmission maximale et un tr\u00e8s bon contraste.<br \/>\nAdaptation au T2 pour les appareils photo reflex et \u00e0 presque tous<br \/>\nFiltrer les threads des appareils photo num\u00e9riques. Adaptateur 1,25&Prime; inclus<br \/>\ncontenir.<br \/>\nFocale : 31 mm, champ de vision : 72\u00b0, poids : environ 400 g<br \/>\nRev\u00eatement : Multi-rev\u00eatement sur chaque surface verre\/air<\/p>\n","protected":false},"excerpt":{"rendered":"<p>Oculaire asph\u00e9rique de 31 mm de 2&Prime; avec r\u00e9ducteur \u00e0 diam\u00e8tre de canon de 1\u00bc\u00a0\u00bb et incl. \u0152illeton en caoutchouc\/abat-jour de feu lat\u00e9ral #2454653. La correction asph\u00e9rique d&rsquo;un syst\u00e8me optique corrige de nombreux erreurs d&rsquo;imagerie. La nettet\u00e9 est maintenue sur tout le champ de vision pr\u00e9serv\u00e9e et la distorsion est r\u00e9duite au minimum. \u00c0 propos [&hellip;]<\/p>\n","protected":false},"featured_media":10574,"comment_status":"closed","ping_status":"open","template":"","meta":{"_acf_changed":false},"product_brand":[679],"product_cat":[1477,1510,1339],"product_tag":[],"class_list":{"0":"post-59879","1":"product","2":"type-product","3":"status-publish","4":"has-post-thumbnail","6":"product_brand-baader","7":"product_cat-oculaires","8":"product_cat-oculaires-grand-angle","9":"product_cat-optique","11":"first","12":"instock","13":"taxable","14":"shipping-taxable","15":"purchasable","16":"product-type-simple"},"acf":[],"_links":{"self":[{"href":"https:\/\/www.teleskopshop.ch\/fr\/wp-json\/wp\/v2\/product\/59879","targetHints":{"allow":["GET"]}}],"collection":[{"href":"https:\/\/www.teleskopshop.ch\/fr\/wp-json\/wp\/v2\/product"}],"about":[{"href":"https:\/\/www.teleskopshop.ch\/fr\/wp-json\/wp\/v2\/types\/product"}],"replies":[{"embeddable":true,"href":"https:\/\/www.teleskopshop.ch\/fr\/wp-json\/wp\/v2\/comments?post=59879"}],"wp:featuredmedia":[{"embeddable":true,"href":"https:\/\/www.teleskopshop.ch\/fr\/wp-json\/wp\/v2\/media\/10574"}],"wp:attachment":[{"href":"https:\/\/www.teleskopshop.ch\/fr\/wp-json\/wp\/v2\/media?parent=59879"}],"wp:term":[{"taxonomy":"product_brand","embeddable":true,"href":"https:\/\/www.teleskopshop.ch\/fr\/wp-json\/wp\/v2\/product_brand?post=59879"},{"taxonomy":"product_cat","embeddable":true,"href":"https:\/\/www.teleskopshop.ch\/fr\/wp-json\/wp\/v2\/product_cat?post=59879"},{"taxonomy":"product_tag","embeddable":true,"href":"https:\/\/www.teleskopshop.ch\/fr\/wp-json\/wp\/v2\/product_tag?post=59879"}],"curies":[{"name":"wp","href":"https:\/\/api.w.org\/{rel}","templated":true}]}}