{"id":59876,"date":"2023-12-18T00:00:00","date_gmt":"2023-12-17T23:00:00","guid":{"rendered":"https:\/\/2025.teleskopshop.ch\/shop\/non%20class\u00e9\/pentax-okular-xw-23\/"},"modified":"2025-01-25T11:50:52","modified_gmt":"2025-01-25T10:50:52","slug":"pentax-okular-xw-23","status":"publish","type":"product","link":"https:\/\/www.teleskopshop.ch\/fr\/shop\/optique\/extensions-optiques\/oculaires\/oculaires-grand-angle\/pentax-okular-xw-23\/","title":{"rendered":"Oculaire Pentax XW-23"},"content":{"rendered":"<p>L\u2019oculaire Pentax XW-23 a le plus grand champ de vision \u00e0 85\u00b0<br \/>\nle<br \/>\nS\u00e9rie.n la combinaison avec un soulagement oculaire de 20 mm lui fournit<br \/>\nUne section d\u2019images particuli\u00e8rement large pour une observation passionnante de<br \/>\nN\u00e9buleuses d\u2019\u00e9toiles et amas d\u2019\u00e9toiles.La s\u00e9rie XW a un<br \/>\nConstruction du JIS Class 4*, qui peut \u00e9galement \u00eatre utilis\u00e9 sous une pluie battante<br \/>\nou ros\u00e9e nocturne.<\/p>\n","protected":false},"excerpt":{"rendered":"<p>L\u2019oculaire Pentax XW-23 a le plus grand champ de vision \u00e0 85\u00b0 le S\u00e9rie.n la combinaison avec un soulagement oculaire de 20 mm lui fournit Une section d\u2019images particuli\u00e8rement large pour une observation passionnante de N\u00e9buleuses d\u2019\u00e9toiles et amas d\u2019\u00e9toiles.La s\u00e9rie XW a un Construction du JIS Class 4*, qui peut \u00e9galement \u00eatre utilis\u00e9 sous [&hellip;]<\/p>\n","protected":false},"featured_media":8790,"comment_status":"closed","ping_status":"open","template":"","meta":{"_acf_changed":false},"product_brand":[688],"product_cat":[1477,1510,1339],"product_tag":[],"class_list":{"0":"post-59876","1":"product","2":"type-product","3":"status-publish","4":"has-post-thumbnail","6":"product_brand-pentax","7":"product_cat-oculaires","8":"product_cat-oculaires-grand-angle","9":"product_cat-optique","11":"first","12":"instock","13":"taxable","14":"shipping-taxable","15":"purchasable","16":"product-type-simple"},"acf":[],"_links":{"self":[{"href":"https:\/\/www.teleskopshop.ch\/fr\/wp-json\/wp\/v2\/product\/59876","targetHints":{"allow":["GET"]}}],"collection":[{"href":"https:\/\/www.teleskopshop.ch\/fr\/wp-json\/wp\/v2\/product"}],"about":[{"href":"https:\/\/www.teleskopshop.ch\/fr\/wp-json\/wp\/v2\/types\/product"}],"replies":[{"embeddable":true,"href":"https:\/\/www.teleskopshop.ch\/fr\/wp-json\/wp\/v2\/comments?post=59876"}],"wp:featuredmedia":[{"embeddable":true,"href":"https:\/\/www.teleskopshop.ch\/fr\/wp-json\/wp\/v2\/media\/8790"}],"wp:attachment":[{"href":"https:\/\/www.teleskopshop.ch\/fr\/wp-json\/wp\/v2\/media?parent=59876"}],"wp:term":[{"taxonomy":"product_brand","embeddable":true,"href":"https:\/\/www.teleskopshop.ch\/fr\/wp-json\/wp\/v2\/product_brand?post=59876"},{"taxonomy":"product_cat","embeddable":true,"href":"https:\/\/www.teleskopshop.ch\/fr\/wp-json\/wp\/v2\/product_cat?post=59876"},{"taxonomy":"product_tag","embeddable":true,"href":"https:\/\/www.teleskopshop.ch\/fr\/wp-json\/wp\/v2\/product_tag?post=59876"}],"curies":[{"name":"wp","href":"https:\/\/api.w.org\/{rel}","templated":true}]}}