{"id":59858,"date":"2023-12-18T00:00:00","date_gmt":"2023-12-17T23:00:00","guid":{"rendered":"https:\/\/2025.teleskopshop.ch\/shop\/non%20class\u00e9\/nikon-sep-2060-okular-16-48-20-60x\/"},"modified":"2025-01-25T11:53:01","modified_gmt":"2025-01-25T10:53:01","slug":"nikon-sep-2060-okular-16-48-20-60x","status":"publish","type":"product","link":"https:\/\/www.teleskopshop.ch\/fr\/shop\/optique\/extensions-optiques\/oculaires\/oculaires-pour-telescopes-dobservation\/nikon-sep-2060-okular-16-48-20-60x\/","title":{"rendered":"Oculaire Nikon SEP-2060 16-48\/20-60x"},"content":{"rendered":"<p>Pour Fieldscope Prostaff 5<br \/>\nConnexion \u00e0 ba\u00efonnette avec verrouillage pour une fixation rapide et<br \/>\n\u00c9liminer.<br \/>\nEnti\u00e8rement multicouche<br \/>\nR\u00e9sistant aux \u00e9claboussures<br \/>\nGrande distance de pupille de sortie<br \/>\nNouveaux \u0153illetons r\u00e9glables &#8211; r\u00e9tract\u00e9s : pour la digiscopie,<br \/>\n\u00e9tendu : pour s&rsquo;adapter \u00e0 la position des yeux.<\/p>\n","protected":false},"excerpt":{"rendered":"<p>Pour Fieldscope Prostaff 5 Connexion \u00e0 ba\u00efonnette avec verrouillage pour une fixation rapide et \u00c9liminer. Enti\u00e8rement multicouche R\u00e9sistant aux \u00e9claboussures Grande distance de pupille de sortie Nouveaux \u0153illetons r\u00e9glables &#8211; r\u00e9tract\u00e9s : pour la digiscopie, \u00e9tendu : pour s&rsquo;adapter \u00e0 la position des yeux.<\/p>\n","protected":false},"featured_media":7946,"comment_status":"closed","ping_status":"open","template":"","meta":{"_acf_changed":false},"product_brand":[686],"product_cat":[1477,1504,1339],"product_tag":[],"class_list":{"0":"post-59858","1":"product","2":"type-product","3":"status-publish","4":"has-post-thumbnail","6":"product_brand-nikon","7":"product_cat-oculaires","8":"product_cat-oculaires-pour-telescopes-dobservation","9":"product_cat-optique","11":"first","12":"instock","13":"taxable","14":"shipping-taxable","15":"purchasable","16":"product-type-simple"},"acf":[],"_links":{"self":[{"href":"https:\/\/www.teleskopshop.ch\/fr\/wp-json\/wp\/v2\/product\/59858","targetHints":{"allow":["GET"]}}],"collection":[{"href":"https:\/\/www.teleskopshop.ch\/fr\/wp-json\/wp\/v2\/product"}],"about":[{"href":"https:\/\/www.teleskopshop.ch\/fr\/wp-json\/wp\/v2\/types\/product"}],"replies":[{"embeddable":true,"href":"https:\/\/www.teleskopshop.ch\/fr\/wp-json\/wp\/v2\/comments?post=59858"}],"wp:featuredmedia":[{"embeddable":true,"href":"https:\/\/www.teleskopshop.ch\/fr\/wp-json\/wp\/v2\/media\/7946"}],"wp:attachment":[{"href":"https:\/\/www.teleskopshop.ch\/fr\/wp-json\/wp\/v2\/media?parent=59858"}],"wp:term":[{"taxonomy":"product_brand","embeddable":true,"href":"https:\/\/www.teleskopshop.ch\/fr\/wp-json\/wp\/v2\/product_brand?post=59858"},{"taxonomy":"product_cat","embeddable":true,"href":"https:\/\/www.teleskopshop.ch\/fr\/wp-json\/wp\/v2\/product_cat?post=59858"},{"taxonomy":"product_tag","embeddable":true,"href":"https:\/\/www.teleskopshop.ch\/fr\/wp-json\/wp\/v2\/product_tag?post=59858"}],"curies":[{"name":"wp","href":"https:\/\/api.w.org\/{rel}","templated":true}]}}