{"id":59837,"date":"2023-12-18T00:00:00","date_gmt":"2023-12-17T23:00:00","guid":{"rendered":"https:\/\/2025.teleskopshop.ch\/shop\/non%20class\u00e9\/baader-hyperion-kit-7-okulare-koffer\/"},"modified":"2025-01-25T11:52:41","modified_gmt":"2025-01-25T10:52:41","slug":"baader-hyperion-kit-7-okulare-koffer","status":"publish","type":"product","link":"https:\/\/www.teleskopshop.ch\/fr\/shop\/optique\/extensions-optiques\/oculaires\/set-fr\/baader-hyperion-kit-7-okulare-koffer\/","title":{"rendered":"Kit Baader Hyperion, 7 oculaires + mallette"},"content":{"rendered":"<p>&#8211; Jeu d&rsquo;oculaires avec les sept focales Hyperion (5, 8, 10, 13, 17,<br \/>\n 21, 24 mm), incl. \u00e9tui \u00e0 oculaire<br \/>\n&#8211; Immense champ de vision grand angle de 68 degr\u00e9s adapt\u00e9 \u00e0 la<br \/>\n angle de vision maximal de l&rsquo;oeil humain<br \/>\n&#8211; Rev\u00eatement Phantom Group de classe Zeiss pour une absence totale de reflets<br \/>\n et contraste maximal de l&rsquo;image<br \/>\n&#8211; La conception modulaire du corps de l&rsquo;oculaire permet de changer<br \/>\n Distance focale de l&rsquo;oculaire avec bagues de r\u00e9glage fin en option<br \/>\n&#8211; Compatibilit\u00e9 avec l&rsquo;appareil photo&nbsp;! Presque tous les bo\u00eetiers d&rsquo;appareils photo reflex num\u00e9riques peuvent \u00eatre utilis\u00e9s<br \/>\n \u00e9galement des cam\u00e9ras plus simples avec un objectif fixe directement sur l&rsquo;Hyperion<br \/>\n Connecter les oculaires<\/p>\n","protected":false},"excerpt":{"rendered":"<p>&#8211; Jeu d&rsquo;oculaires avec les sept focales Hyperion (5, 8, 10, 13, 17, 21, 24 mm), incl. \u00e9tui \u00e0 oculaire &#8211; Immense champ de vision grand angle de 68 degr\u00e9s adapt\u00e9 \u00e0 la angle de vision maximal de l&rsquo;oeil humain &#8211; Rev\u00eatement Phantom Group de classe Zeiss pour une absence totale de reflets et contraste [&hellip;]<\/p>\n","protected":false},"featured_media":8158,"comment_status":"closed","ping_status":"open","template":"","meta":{"_acf_changed":false},"product_brand":[679],"product_cat":[1477,1339,1501],"product_tag":[],"class_list":{"0":"post-59837","1":"product","2":"type-product","3":"status-publish","4":"has-post-thumbnail","6":"product_brand-baader","7":"product_cat-oculaires","8":"product_cat-optique","9":"product_cat-set-fr","11":"first","12":"instock","13":"taxable","14":"shipping-taxable","15":"purchasable","16":"product-type-simple"},"acf":[],"_links":{"self":[{"href":"https:\/\/www.teleskopshop.ch\/fr\/wp-json\/wp\/v2\/product\/59837","targetHints":{"allow":["GET"]}}],"collection":[{"href":"https:\/\/www.teleskopshop.ch\/fr\/wp-json\/wp\/v2\/product"}],"about":[{"href":"https:\/\/www.teleskopshop.ch\/fr\/wp-json\/wp\/v2\/types\/product"}],"replies":[{"embeddable":true,"href":"https:\/\/www.teleskopshop.ch\/fr\/wp-json\/wp\/v2\/comments?post=59837"}],"wp:featuredmedia":[{"embeddable":true,"href":"https:\/\/www.teleskopshop.ch\/fr\/wp-json\/wp\/v2\/media\/8158"}],"wp:attachment":[{"href":"https:\/\/www.teleskopshop.ch\/fr\/wp-json\/wp\/v2\/media?parent=59837"}],"wp:term":[{"taxonomy":"product_brand","embeddable":true,"href":"https:\/\/www.teleskopshop.ch\/fr\/wp-json\/wp\/v2\/product_brand?post=59837"},{"taxonomy":"product_cat","embeddable":true,"href":"https:\/\/www.teleskopshop.ch\/fr\/wp-json\/wp\/v2\/product_cat?post=59837"},{"taxonomy":"product_tag","embeddable":true,"href":"https:\/\/www.teleskopshop.ch\/fr\/wp-json\/wp\/v2\/product_tag?post=59837"}],"curies":[{"name":"wp","href":"https:\/\/api.w.org\/{rel}","templated":true}]}}