{"id":59831,"date":"2023-12-18T00:00:00","date_gmt":"2023-12-17T23:00:00","guid":{"rendered":"https:\/\/2025.teleskopshop.ch\/shop\/non%20class\u00e9\/baader-morpheus-okular-kit-3-st-koffer\/"},"modified":"2025-01-25T11:50:51","modified_gmt":"2025-01-25T10:50:51","slug":"baader-morpheus-okular-kit-3-st-koffer","status":"publish","type":"product","link":"https:\/\/www.teleskopshop.ch\/fr\/shop\/optique\/extensions-optiques\/oculaires\/jeux-doculaires\/baader-morpheus-okular-kit-3-st-koffer\/","title":{"rendered":"Kit oculaire Baader Morpheus 3 pcs.+\u00e9tui"},"content":{"rendered":"<p>Oculaires larges 11\/4&nbsp;\u00bb + 2&nbsp;\u00bb 76\u00b0.<br \/>\nKit de 3 oculaires 4.5\/9\/14mm<br \/>\nY compris \u00e9tui \u00e0 oculaires 2454601<br \/>\nComprend un sac utilitaire de petite 2954201<br \/>\n\u00c9toiles nettes jusqu\u2019au bord : le champ de vision de 76\u00b0 n\u2019est affect\u00e9 par aucun<br \/>\nAutre oculaire grand angle moderne en nettet\u00e9 sur l\u2019ensemble, plat<br \/>\nchamp.<br \/>\nLongue distance interpupillaire et adapt\u00e9 au bino: Avec le Morpheus, vous pouvez observer<br \/>\nPlus confortable que jamais avec des oculaires grand angle.<br \/>\nDistorsion minimale: La conception optique du Morpheus permet<br \/>\nune distorsion angulaire exceptionnellement faible.<br \/>\nAdaptation photo\/vid\u00e9o : Tout comme les oculaires Hyperion, le<br \/>\nMorpheus excellents oculaires de projection pour la photographie utilisant<br \/>\ndu fil photo M43.<\/p>\n","protected":false},"excerpt":{"rendered":"<p>Oculaires larges 11\/4&nbsp;\u00bb + 2&nbsp;\u00bb 76\u00b0. Kit de 3 oculaires 4.5\/9\/14mm Y compris \u00e9tui \u00e0 oculaires 2454601 Comprend un sac utilitaire de petite 2954201 \u00c9toiles nettes jusqu\u2019au bord : le champ de vision de 76\u00b0 n\u2019est affect\u00e9 par aucun Autre oculaire grand angle moderne en nettet\u00e9 sur l\u2019ensemble, plat champ. Longue distance interpupillaire et adapt\u00e9 [&hellip;]<\/p>\n","protected":false},"featured_media":8794,"comment_status":"closed","ping_status":"open","template":"","meta":{"_acf_changed":false},"product_brand":[679],"product_cat":[1495,1477,1339],"product_tag":[],"class_list":{"0":"post-59831","1":"product","2":"type-product","3":"status-publish","4":"has-post-thumbnail","6":"product_brand-baader","7":"product_cat-jeux-doculaires","8":"product_cat-oculaires","9":"product_cat-optique","11":"first","12":"instock","13":"taxable","14":"shipping-taxable","15":"purchasable","16":"product-type-simple"},"acf":[],"_links":{"self":[{"href":"https:\/\/www.teleskopshop.ch\/fr\/wp-json\/wp\/v2\/product\/59831","targetHints":{"allow":["GET"]}}],"collection":[{"href":"https:\/\/www.teleskopshop.ch\/fr\/wp-json\/wp\/v2\/product"}],"about":[{"href":"https:\/\/www.teleskopshop.ch\/fr\/wp-json\/wp\/v2\/types\/product"}],"replies":[{"embeddable":true,"href":"https:\/\/www.teleskopshop.ch\/fr\/wp-json\/wp\/v2\/comments?post=59831"}],"wp:featuredmedia":[{"embeddable":true,"href":"https:\/\/www.teleskopshop.ch\/fr\/wp-json\/wp\/v2\/media\/8794"}],"wp:attachment":[{"href":"https:\/\/www.teleskopshop.ch\/fr\/wp-json\/wp\/v2\/media?parent=59831"}],"wp:term":[{"taxonomy":"product_brand","embeddable":true,"href":"https:\/\/www.teleskopshop.ch\/fr\/wp-json\/wp\/v2\/product_brand?post=59831"},{"taxonomy":"product_cat","embeddable":true,"href":"https:\/\/www.teleskopshop.ch\/fr\/wp-json\/wp\/v2\/product_cat?post=59831"},{"taxonomy":"product_tag","embeddable":true,"href":"https:\/\/www.teleskopshop.ch\/fr\/wp-json\/wp\/v2\/product_tag?post=59831"}],"curies":[{"name":"wp","href":"https:\/\/api.w.org\/{rel}","templated":true}]}}