{"id":59828,"date":"2023-12-18T00:00:00","date_gmt":"2023-12-17T23:00:00","guid":{"rendered":"https:\/\/2025.teleskopshop.ch\/shop\/non%20class\u00e9\/celestron-barlow-luminos-2-5x-2\/"},"modified":"2025-01-25T11:52:40","modified_gmt":"2025-01-25T10:52:40","slug":"celestron-barlow-luminos-2-5x-2","status":"publish","type":"product","link":"https:\/\/www.teleskopshop.ch\/fr\/shop\/optique\/extensions-optiques\/oculaires\/oculaires-2\/celestron-barlow-luminos-2-5x-2\/","title":{"rendered":"Celestron Barlow Luminos 2.5x, 2&nbsp;\u00bb"},"content":{"rendered":"<p>La lentille de Barlow s&rsquo;interpose entre l&rsquo;oculaire et le porte-oculaire et augmente la<br \/>\nGrossissement d&rsquo;un facteur 2,5. Il peut \u00eatre utilis\u00e9 avec des oculaires de 1,25&Prime; et 2&Prime;<br \/>\n\u00eatre utilis\u00e9. La lentille de Barlow se compose de quatre lentilles compl\u00e8tes<br \/>\nlentilles multicouches et offre une image plate avec le minimum<br \/>\nerreur de couleur.<br \/>\nLONGUEUR&nbsp;: 93&nbsp;mm<br \/>\nLARGEUR&nbsp;: 64&nbsp;mm<br \/>\nPOIDS : 312g<br \/>\nRALLONGE : 2&Prime; (51mm)<br \/>\nGROSSISSEMENT : 2,5x<br \/>\nREV\u00caTEMENT&nbsp;: Enti\u00e8rement multicouche<br \/>\nR\u00c9DUCTION : 1.25&Prime; (1\u00bc\u00a0\u00bb)<br \/>\nANNEAUX DE SERRAGE : Sur porte-oculaire 1,25&Prime; et 2&Prime;<br \/>\nOUVERTURE LIBRE : 28mm<\/p>\n","protected":false},"excerpt":{"rendered":"<p>La lentille de Barlow s&rsquo;interpose entre l&rsquo;oculaire et le porte-oculaire et augmente la Grossissement d&rsquo;un facteur 2,5. Il peut \u00eatre utilis\u00e9 avec des oculaires de 1,25&Prime; et 2&Prime; \u00eatre utilis\u00e9. La lentille de Barlow se compose de quatre lentilles compl\u00e8tes lentilles multicouches et offre une image plate avec le minimum erreur de couleur. LONGUEUR&nbsp;: 93&nbsp;mm [&hellip;]<\/p>\n","protected":false},"featured_media":8126,"comment_status":"closed","ping_status":"open","template":"","meta":{"_acf_changed":false},"product_brand":[674],"product_cat":[1477,1483,1339],"product_tag":[],"class_list":{"0":"post-59828","1":"product","2":"type-product","3":"status-publish","4":"has-post-thumbnail","6":"product_brand-celestron","7":"product_cat-oculaires","8":"product_cat-oculaires-2","9":"product_cat-optique","11":"first","12":"instock","13":"taxable","14":"shipping-taxable","15":"purchasable","16":"product-type-simple"},"acf":[],"_links":{"self":[{"href":"https:\/\/www.teleskopshop.ch\/fr\/wp-json\/wp\/v2\/product\/59828","targetHints":{"allow":["GET"]}}],"collection":[{"href":"https:\/\/www.teleskopshop.ch\/fr\/wp-json\/wp\/v2\/product"}],"about":[{"href":"https:\/\/www.teleskopshop.ch\/fr\/wp-json\/wp\/v2\/types\/product"}],"replies":[{"embeddable":true,"href":"https:\/\/www.teleskopshop.ch\/fr\/wp-json\/wp\/v2\/comments?post=59828"}],"wp:featuredmedia":[{"embeddable":true,"href":"https:\/\/www.teleskopshop.ch\/fr\/wp-json\/wp\/v2\/media\/8126"}],"wp:attachment":[{"href":"https:\/\/www.teleskopshop.ch\/fr\/wp-json\/wp\/v2\/media?parent=59828"}],"wp:term":[{"taxonomy":"product_brand","embeddable":true,"href":"https:\/\/www.teleskopshop.ch\/fr\/wp-json\/wp\/v2\/product_brand?post=59828"},{"taxonomy":"product_cat","embeddable":true,"href":"https:\/\/www.teleskopshop.ch\/fr\/wp-json\/wp\/v2\/product_cat?post=59828"},{"taxonomy":"product_tag","embeddable":true,"href":"https:\/\/www.teleskopshop.ch\/fr\/wp-json\/wp\/v2\/product_tag?post=59828"}],"curies":[{"name":"wp","href":"https:\/\/api.w.org\/{rel}","templated":true}]}}