{"id":59825,"date":"2023-12-18T00:00:00","date_gmt":"2023-12-17T23:00:00","guid":{"rendered":"https:\/\/2025.teleskopshop.ch\/shop\/non%20class\u00e9\/baader-hyperion-kit-8-24mm-barlow-2-25x\/"},"modified":"2025-01-25T11:52:09","modified_gmt":"2025-01-25T10:52:09","slug":"baader-hyperion-kit-8-24mm-barlow-2-25x","status":"publish","type":"product","link":"https:\/\/www.teleskopshop.ch\/fr\/shop\/optique\/extensions-optiques\/oculaires\/oculaires-1-25\/baader-hyperion-kit-8-24mm-barlow-2-25x\/","title":{"rendered":"Kit Baader Hyperion 8-24mm\/Barlow 2.25x"},"content":{"rendered":"<p>Ensemble : Hyperion Universal Zoom Mark IV + Hyperion Barlow 2,25x (8-24 mm \/<br \/>\n3,6-10,7 mm).<br \/>\n&#8211; Comprend un Hyperion Universal Zoom Mark IV, ainsi qu&rsquo;un oculaire 8-24 mm<br \/>\n Lentille Hyperion Barlow 2.25x<br \/>\n&#8211; Cette combinaison d&rsquo;oculaire Hyperion Zoom Mark IV et Hyperion<br \/>\n L&rsquo;objectif Barlow offre la plus large gamme de focales globales<br \/>\n 3.6-24mm<br \/>\n&#8211; Contient tous les accessoires faisant partie de l&rsquo;\u00e9quipement de base de l&rsquo;oculaire<br \/>\n et la lentille de Barlow est incluse.<br \/>\nATTENTION&nbsp;: Veuillez noter que cet ensemble de Zoom est livr\u00e9 avec Barlow<br \/>\nne peut \u00eatre utilis\u00e9 qu&rsquo;\u00e0 des fins astronomiques.<br \/>\nIl ne convient pas pour une utilisation avec des longues-vues.<\/p>\n","protected":false},"excerpt":{"rendered":"<p>Ensemble : Hyperion Universal Zoom Mark IV + Hyperion Barlow 2,25x (8-24 mm \/ 3,6-10,7 mm). &#8211; Comprend un Hyperion Universal Zoom Mark IV, ainsi qu&rsquo;un oculaire 8-24 mm Lentille Hyperion Barlow 2.25x &#8211; Cette combinaison d&rsquo;oculaire Hyperion Zoom Mark IV et Hyperion L&rsquo;objectif Barlow offre la plus large gamme de focales globales 3.6-24mm &#8211; [&hellip;]<\/p>\n","protected":false},"featured_media":8518,"comment_status":"closed","ping_status":"open","template":"","meta":{"_acf_changed":false},"product_brand":[679],"product_cat":[1477,1480,1483,1339],"product_tag":[],"class_list":{"0":"post-59825","1":"product","2":"type-product","3":"status-publish","4":"has-post-thumbnail","6":"product_brand-baader","7":"product_cat-oculaires","8":"product_cat-oculaires-1-25","9":"product_cat-oculaires-2","10":"product_cat-optique","12":"first","13":"instock","14":"taxable","15":"shipping-taxable","16":"purchasable","17":"product-type-simple"},"acf":[],"_links":{"self":[{"href":"https:\/\/www.teleskopshop.ch\/fr\/wp-json\/wp\/v2\/product\/59825","targetHints":{"allow":["GET"]}}],"collection":[{"href":"https:\/\/www.teleskopshop.ch\/fr\/wp-json\/wp\/v2\/product"}],"about":[{"href":"https:\/\/www.teleskopshop.ch\/fr\/wp-json\/wp\/v2\/types\/product"}],"replies":[{"embeddable":true,"href":"https:\/\/www.teleskopshop.ch\/fr\/wp-json\/wp\/v2\/comments?post=59825"}],"wp:featuredmedia":[{"embeddable":true,"href":"https:\/\/www.teleskopshop.ch\/fr\/wp-json\/wp\/v2\/media\/8518"}],"wp:attachment":[{"href":"https:\/\/www.teleskopshop.ch\/fr\/wp-json\/wp\/v2\/media?parent=59825"}],"wp:term":[{"taxonomy":"product_brand","embeddable":true,"href":"https:\/\/www.teleskopshop.ch\/fr\/wp-json\/wp\/v2\/product_brand?post=59825"},{"taxonomy":"product_cat","embeddable":true,"href":"https:\/\/www.teleskopshop.ch\/fr\/wp-json\/wp\/v2\/product_cat?post=59825"},{"taxonomy":"product_tag","embeddable":true,"href":"https:\/\/www.teleskopshop.ch\/fr\/wp-json\/wp\/v2\/product_tag?post=59825"}],"curies":[{"name":"wp","href":"https:\/\/api.w.org\/{rel}","templated":true}]}}