{"id":59810,"date":"2023-12-18T00:00:00","date_gmt":"2023-12-17T23:00:00","guid":{"rendered":"https:\/\/2025.teleskopshop.ch\/shop\/non%20class\u00e9\/baader-hyperion-okular-21-mm-1%c2%bc-68\/"},"modified":"2025-01-25T11:52:38","modified_gmt":"2025-01-25T10:52:38","slug":"baader-hyperion-okular-21-mm-1%c2%bc-68","status":"publish","type":"product","link":"https:\/\/www.teleskopshop.ch\/fr\/shop\/optique\/extensions-optiques\/oculaires\/oculaires-1-25\/baader-hyperion-okular-21-mm-1%c2%bc-68\/","title":{"rendered":"Oculaire Baader Hyp\u00e9rion 21 mm 1\u00bc\u00a0\u00bb 68\u00b0"},"content":{"rendered":"<p>Oculaire Baader Hyperion &#8211; focale 21mm &#8211; 1.25&Prime;.<br \/>\nL&rsquo;Hyperion 21mm est un bel oculaire universel pour les longues focales<br \/>\nSyst\u00e8mes tels que Schmidt Cassegrain<br \/>\nT\u00e9lescopes ou Maksutov. Il sert d&rsquo;oculaire d&rsquo;entr\u00e9e de gamme pour la lune et<br \/>\nPlan\u00e8tes mais aussi comme oculaire du ciel profond pour les amas d&rsquo;\u00e9toiles compacts, les n\u00e9buleuses<br \/>\nou galaxies.<br \/>\n\u00c0 propos des excellentes performances d&rsquo;imagerie dans le domaine visuel<br \/>\nDe plus, les oculaires Hyperion offrent \u00e9galement de nombreuses fonctionnalit\u00e9s photographiques<br \/>\nPossibilit\u00e9s. Vous pouvez utiliser votre fil auxiliaire du c\u00f4t\u00e9 des yeux<br \/>\nAdaptez la cam\u00e9ra directement &#8211; exactement centr\u00e9e &#8211; pour une<br \/>\nqualit\u00e9 de l&rsquo;image.<br \/>\nVous pouvez utiliser les anneaux d&rsquo;extension Hyperion en option pour<br \/>\nChanger la distance focale de l&rsquo;oculaire sans \u00e9l\u00e9ment d&rsquo;objectif suppl\u00e9mentaire<br \/>\net donc sans perte de qualit\u00e9. Vous pouvez en obtenir trois \u00e0 partir d&rsquo;un seul oculaire<br \/>\nobtenir des niveaux de grossissement.<br \/>\nIls ont des diam\u00e8tres d&rsquo;insertion de 1,25&Prime; et 2&Prime; disponibles. Pour<br \/>\nvous pouvez obtenir l&rsquo;oculaire sur n&rsquo;importe quel appareil &#8211; m\u00eame avec une position focale serr\u00e9e.<br \/>\nPour une utilisation avec un filtre de 2&Prime;, l&rsquo;oculaire peut \u00eatre<br \/>\nd\u00e9visser. Cela signifie que ces filtres peuvent \u00e9galement \u00eatre utilis\u00e9s<br \/>\nsera.<\/p>\n","protected":false},"excerpt":{"rendered":"<p>Oculaire Baader Hyperion &#8211; focale 21mm &#8211; 1.25&Prime;. L&rsquo;Hyperion 21mm est un bel oculaire universel pour les longues focales Syst\u00e8mes tels que Schmidt Cassegrain T\u00e9lescopes ou Maksutov. Il sert d&rsquo;oculaire d&rsquo;entr\u00e9e de gamme pour la lune et Plan\u00e8tes mais aussi comme oculaire du ciel profond pour les amas d&rsquo;\u00e9toiles compacts, les n\u00e9buleuses ou galaxies. \u00c0 [&hellip;]<\/p>\n","protected":false},"featured_media":8190,"comment_status":"closed","ping_status":"open","template":"","meta":{"_acf_changed":false},"product_brand":[679],"product_cat":[1477,1480,1339],"product_tag":[],"class_list":{"0":"post-59810","1":"product","2":"type-product","3":"status-publish","4":"has-post-thumbnail","6":"product_brand-baader","7":"product_cat-oculaires","8":"product_cat-oculaires-1-25","9":"product_cat-optique","11":"first","12":"instock","13":"taxable","14":"shipping-taxable","15":"purchasable","16":"product-type-simple"},"acf":[],"_links":{"self":[{"href":"https:\/\/www.teleskopshop.ch\/fr\/wp-json\/wp\/v2\/product\/59810","targetHints":{"allow":["GET"]}}],"collection":[{"href":"https:\/\/www.teleskopshop.ch\/fr\/wp-json\/wp\/v2\/product"}],"about":[{"href":"https:\/\/www.teleskopshop.ch\/fr\/wp-json\/wp\/v2\/types\/product"}],"replies":[{"embeddable":true,"href":"https:\/\/www.teleskopshop.ch\/fr\/wp-json\/wp\/v2\/comments?post=59810"}],"wp:featuredmedia":[{"embeddable":true,"href":"https:\/\/www.teleskopshop.ch\/fr\/wp-json\/wp\/v2\/media\/8190"}],"wp:attachment":[{"href":"https:\/\/www.teleskopshop.ch\/fr\/wp-json\/wp\/v2\/media?parent=59810"}],"wp:term":[{"taxonomy":"product_brand","embeddable":true,"href":"https:\/\/www.teleskopshop.ch\/fr\/wp-json\/wp\/v2\/product_brand?post=59810"},{"taxonomy":"product_cat","embeddable":true,"href":"https:\/\/www.teleskopshop.ch\/fr\/wp-json\/wp\/v2\/product_cat?post=59810"},{"taxonomy":"product_tag","embeddable":true,"href":"https:\/\/www.teleskopshop.ch\/fr\/wp-json\/wp\/v2\/product_tag?post=59810"}],"curies":[{"name":"wp","href":"https:\/\/api.w.org\/{rel}","templated":true}]}}