{"id":59801,"date":"2023-12-18T00:00:00","date_gmt":"2023-12-17T23:00:00","guid":{"rendered":"https:\/\/2025.teleskopshop.ch\/shop\/non%20class\u00e9\/baader-hyperion-okular-10-mm-1%c2%bc-68\/"},"modified":"2025-01-25T11:50:48","modified_gmt":"2025-01-25T10:50:48","slug":"baader-hyperion-okular-10-mm-1%c2%bc-68","status":"publish","type":"product","link":"https:\/\/www.teleskopshop.ch\/fr\/shop\/optique\/extensions-optiques\/oculaires\/oculaires-1-25\/baader-hyperion-okular-10-mm-1%c2%bc-68\/","title":{"rendered":"Oculaire Baader Hyp\u00e9rion 10mm 1\u00bc\u00a0\u00bb 68\u00b0"},"content":{"rendered":"<p>Aper\u00e7u confortable m\u00eame \u00e0 des grossissements \u00e9lev\u00e9s !<br \/>\nRev\u00eatement Phantom Group de classe Zeiss pour une absence totale de reflets et<br \/>\ncontraste maximal de l&rsquo;image.<br \/>\nDiam\u00e8tre d&rsquo;insertion 1\u00bc\u00a0\u00bb ET 2&Prime;, donc focales variables<br \/>\nPlusieurs fils pour la connexion de la cam\u00e9ra et des accessoires, afocal et normal<br \/>\nLes projections oculaires sont possibles.<br \/>\nPour une utilisation avec un filtre de 2&Prime;, l&rsquo;oculaire peut \u00eatre<br \/>\nd\u00e9visser. Cela signifie que ces filtres peuvent \u00e9galement \u00eatre utilis\u00e9s<br \/>\nsera.<\/p>\n","protected":false},"excerpt":{"rendered":"<p>Aper\u00e7u confortable m\u00eame \u00e0 des grossissements \u00e9lev\u00e9s ! Rev\u00eatement Phantom Group de classe Zeiss pour une absence totale de reflets et contraste maximal de l&rsquo;image. Diam\u00e8tre d&rsquo;insertion 1\u00bc\u00a0\u00bb ET 2&Prime;, donc focales variables Plusieurs fils pour la connexion de la cam\u00e9ra et des accessoires, afocal et normal Les projections oculaires sont possibles. Pour une utilisation [&hellip;]<\/p>\n","protected":false},"featured_media":8178,"comment_status":"closed","ping_status":"open","template":"","meta":{"_acf_changed":false},"product_brand":[679],"product_cat":[1477,1480,1339],"product_tag":[],"class_list":{"0":"post-59801","1":"product","2":"type-product","3":"status-publish","4":"has-post-thumbnail","6":"product_brand-baader","7":"product_cat-oculaires","8":"product_cat-oculaires-1-25","9":"product_cat-optique","11":"first","12":"instock","13":"taxable","14":"shipping-taxable","15":"purchasable","16":"product-type-simple"},"acf":[],"_links":{"self":[{"href":"https:\/\/www.teleskopshop.ch\/fr\/wp-json\/wp\/v2\/product\/59801","targetHints":{"allow":["GET"]}}],"collection":[{"href":"https:\/\/www.teleskopshop.ch\/fr\/wp-json\/wp\/v2\/product"}],"about":[{"href":"https:\/\/www.teleskopshop.ch\/fr\/wp-json\/wp\/v2\/types\/product"}],"replies":[{"embeddable":true,"href":"https:\/\/www.teleskopshop.ch\/fr\/wp-json\/wp\/v2\/comments?post=59801"}],"wp:featuredmedia":[{"embeddable":true,"href":"https:\/\/www.teleskopshop.ch\/fr\/wp-json\/wp\/v2\/media\/8178"}],"wp:attachment":[{"href":"https:\/\/www.teleskopshop.ch\/fr\/wp-json\/wp\/v2\/media?parent=59801"}],"wp:term":[{"taxonomy":"product_brand","embeddable":true,"href":"https:\/\/www.teleskopshop.ch\/fr\/wp-json\/wp\/v2\/product_brand?post=59801"},{"taxonomy":"product_cat","embeddable":true,"href":"https:\/\/www.teleskopshop.ch\/fr\/wp-json\/wp\/v2\/product_cat?post=59801"},{"taxonomy":"product_tag","embeddable":true,"href":"https:\/\/www.teleskopshop.ch\/fr\/wp-json\/wp\/v2\/product_tag?post=59801"}],"curies":[{"name":"wp","href":"https:\/\/api.w.org\/{rel}","templated":true}]}}