{"id":59789,"date":"2023-12-18T00:00:00","date_gmt":"2023-12-17T23:00:00","guid":{"rendered":"https:\/\/2025.teleskopshop.ch\/shop\/non%20class\u00e9\/baader-hyperion-mark-iv-adapter-m54-m53\/"},"modified":"2025-01-25T11:58:27","modified_gmt":"2025-01-25T10:58:27","slug":"baader-hyperion-mark-iv-adapter-m54-m53","status":"publish","type":"product","link":"https:\/\/www.teleskopshop.ch\/fr\/shop\/optique\/extensions-optiques\/oculaires\/baader-hyperion-mark-iv-adapter-m54-m53\/","title":{"rendered":"Adaptateur Baader Hyperion Mark IV M54\/M53"},"content":{"rendered":"<p>Bague de raccordement M54\/M53 pour longues-vues Kowa TSN 770\/880&nbsp;;<br \/>\nPermet de connecter le Baader Hyperion Universal Zoom Mark IV \u00e0<br \/>\nLongues-vues KOWA avec filetage m\u00e2le M54 ;<br \/>\nC\u00f4t\u00e9 t\u00e9lescope avec filetage femelle M54 ;<br \/>\nC\u00f4t\u00e9 oculaire avec filetage femelle M53<\/p>\n","protected":false},"excerpt":{"rendered":"<p>Bague de raccordement M54\/M53 pour longues-vues Kowa TSN 770\/880&nbsp;; Permet de connecter le Baader Hyperion Universal Zoom Mark IV \u00e0 Longues-vues KOWA avec filetage m\u00e2le M54 ; C\u00f4t\u00e9 t\u00e9lescope avec filetage femelle M54 ; C\u00f4t\u00e9 oculaire avec filetage femelle M53<\/p>\n","protected":false},"featured_media":10298,"comment_status":"closed","ping_status":"open","template":"","meta":{"_acf_changed":false},"product_brand":[679],"product_cat":[1477,1339],"product_tag":[],"class_list":{"0":"post-59789","1":"product","2":"type-product","3":"status-publish","4":"has-post-thumbnail","6":"product_brand-baader","7":"product_cat-oculaires","8":"product_cat-optique","10":"first","11":"instock","12":"taxable","13":"shipping-taxable","14":"purchasable","15":"product-type-simple"},"acf":[],"_links":{"self":[{"href":"https:\/\/www.teleskopshop.ch\/fr\/wp-json\/wp\/v2\/product\/59789","targetHints":{"allow":["GET"]}}],"collection":[{"href":"https:\/\/www.teleskopshop.ch\/fr\/wp-json\/wp\/v2\/product"}],"about":[{"href":"https:\/\/www.teleskopshop.ch\/fr\/wp-json\/wp\/v2\/types\/product"}],"replies":[{"embeddable":true,"href":"https:\/\/www.teleskopshop.ch\/fr\/wp-json\/wp\/v2\/comments?post=59789"}],"wp:featuredmedia":[{"embeddable":true,"href":"https:\/\/www.teleskopshop.ch\/fr\/wp-json\/wp\/v2\/media\/10298"}],"wp:attachment":[{"href":"https:\/\/www.teleskopshop.ch\/fr\/wp-json\/wp\/v2\/media?parent=59789"}],"wp:term":[{"taxonomy":"product_brand","embeddable":true,"href":"https:\/\/www.teleskopshop.ch\/fr\/wp-json\/wp\/v2\/product_brand?post=59789"},{"taxonomy":"product_cat","embeddable":true,"href":"https:\/\/www.teleskopshop.ch\/fr\/wp-json\/wp\/v2\/product_cat?post=59789"},{"taxonomy":"product_tag","embeddable":true,"href":"https:\/\/www.teleskopshop.ch\/fr\/wp-json\/wp\/v2\/product_tag?post=59789"}],"curies":[{"name":"wp","href":"https:\/\/api.w.org\/{rel}","templated":true}]}}