{"id":59777,"date":"2023-12-18T00:00:00","date_gmt":"2023-12-17T23:00:00","guid":{"rendered":"https:\/\/2025.teleskopshop.ch\/shop\/non%20class\u00e9\/baader-diascope-mark-iv-zoom-adap-m45\/"},"modified":"2025-01-25T11:58:24","modified_gmt":"2025-01-25T10:58:24","slug":"baader-diascope-mark-iv-zoom-adap-m45","status":"publish","type":"product","link":"https:\/\/www.teleskopshop.ch\/fr\/shop\/optique\/extensions-optiques\/oculaires\/baader-diascope-mark-iv-zoom-adap-m45\/","title":{"rendered":"Baader Diascope\/Mark IV Zoom Adap. R\u00e9f. M45"},"content":{"rendered":"<p>Bague filet\u00e9e avec filetage M45 x 0,5 pour une adaptation la plus courte possible de la<br \/>\nZoom universel Hyperion Mark IV sur les longues-vues Zeiss Diascope FL 85 et FL<br \/>\n65;<br \/>\nC\u00f4t\u00e9 longue-vue avec filetage Zeiss M45 x 0,5, c\u00f4t\u00e9 oculaire avec bord de retenue,<br \/>\nqui se fixe \u00e0 l\u2019aide de la bague de serrage du Mark IV Zoom ;<br \/>\nPermet une adaptation extr\u00eamement courte (r\u00e9serve de mise au point arri\u00e8re plus importante) \u00e0<br \/>\nSe concentrer sur l\u2019infini &#8211; important pour les porteurs de lunettes<\/p>\n","protected":false},"excerpt":{"rendered":"<p>Bague filet\u00e9e avec filetage M45 x 0,5 pour une adaptation la plus courte possible de la Zoom universel Hyperion Mark IV sur les longues-vues Zeiss Diascope FL 85 et FL 65; C\u00f4t\u00e9 longue-vue avec filetage Zeiss M45 x 0,5, c\u00f4t\u00e9 oculaire avec bord de retenue, qui se fixe \u00e0 l\u2019aide de la bague de serrage [&hellip;]<\/p>\n","protected":false},"featured_media":10282,"comment_status":"closed","ping_status":"open","template":"","meta":{"_acf_changed":false},"product_brand":[679],"product_cat":[1477,1339],"product_tag":[],"class_list":{"0":"post-59777","1":"product","2":"type-product","3":"status-publish","4":"has-post-thumbnail","6":"product_brand-baader","7":"product_cat-oculaires","8":"product_cat-optique","10":"first","11":"instock","12":"taxable","13":"shipping-taxable","14":"purchasable","15":"product-type-simple"},"acf":[],"_links":{"self":[{"href":"https:\/\/www.teleskopshop.ch\/fr\/wp-json\/wp\/v2\/product\/59777","targetHints":{"allow":["GET"]}}],"collection":[{"href":"https:\/\/www.teleskopshop.ch\/fr\/wp-json\/wp\/v2\/product"}],"about":[{"href":"https:\/\/www.teleskopshop.ch\/fr\/wp-json\/wp\/v2\/types\/product"}],"replies":[{"embeddable":true,"href":"https:\/\/www.teleskopshop.ch\/fr\/wp-json\/wp\/v2\/comments?post=59777"}],"wp:featuredmedia":[{"embeddable":true,"href":"https:\/\/www.teleskopshop.ch\/fr\/wp-json\/wp\/v2\/media\/10282"}],"wp:attachment":[{"href":"https:\/\/www.teleskopshop.ch\/fr\/wp-json\/wp\/v2\/media?parent=59777"}],"wp:term":[{"taxonomy":"product_brand","embeddable":true,"href":"https:\/\/www.teleskopshop.ch\/fr\/wp-json\/wp\/v2\/product_brand?post=59777"},{"taxonomy":"product_cat","embeddable":true,"href":"https:\/\/www.teleskopshop.ch\/fr\/wp-json\/wp\/v2\/product_cat?post=59777"},{"taxonomy":"product_tag","embeddable":true,"href":"https:\/\/www.teleskopshop.ch\/fr\/wp-json\/wp\/v2\/product_tag?post=59777"}],"curies":[{"name":"wp","href":"https:\/\/api.w.org\/{rel}","templated":true}]}}