{"id":59687,"date":"2023-12-18T00:00:00","date_gmt":"2023-12-17T23:00:00","guid":{"rendered":"https:\/\/2025.teleskopshop.ch\/shop\/non%20class\u00e9\/baader-t-2-bbhs-zenitspiegel\/"},"modified":"2025-01-25T12:00:32","modified_gmt":"2025-01-25T11:00:32","slug":"baader-t-2-bbhs-zenitspiegel","status":"publish","type":"product","link":"https:\/\/www.teleskopshop.ch\/fr\/shop\/optique\/extensions-optiques\/oculaires\/baader-t-2-bbhs-zenitspiegel\/","title":{"rendered":"Diagonale \u00e9toile Baader T-2 BBHS"},"content":{"rendered":"<p>Diagonale \u00e9toile T-2 BBHS, avec filetage photo T-2 des deux c\u00f4t\u00e9s, solide<br \/>\nBo\u00eetier m\u00e9tallique (BBHS = rev\u00eatement en argent dur \u00e0 large bande avec<br \/>\nrev\u00eatement de protection di\u00e9lectrique)<\/p>\n","protected":false},"excerpt":{"rendered":"<p>Diagonale \u00e9toile T-2 BBHS, avec filetage photo T-2 des deux c\u00f4t\u00e9s, solide Bo\u00eetier m\u00e9tallique (BBHS = rev\u00eatement en argent dur \u00e0 large bande avec rev\u00eatement de protection di\u00e9lectrique)<\/p>\n","protected":false},"featured_media":9774,"comment_status":"closed","ping_status":"open","template":"","meta":{"_acf_changed":false},"product_brand":[679],"product_cat":[1477,1339],"product_tag":[],"class_list":{"0":"post-59687","1":"product","2":"type-product","3":"status-publish","4":"has-post-thumbnail","6":"product_brand-baader","7":"product_cat-oculaires","8":"product_cat-optique","10":"first","11":"instock","12":"taxable","13":"shipping-taxable","14":"purchasable","15":"product-type-simple"},"acf":[],"_links":{"self":[{"href":"https:\/\/www.teleskopshop.ch\/fr\/wp-json\/wp\/v2\/product\/59687","targetHints":{"allow":["GET"]}}],"collection":[{"href":"https:\/\/www.teleskopshop.ch\/fr\/wp-json\/wp\/v2\/product"}],"about":[{"href":"https:\/\/www.teleskopshop.ch\/fr\/wp-json\/wp\/v2\/types\/product"}],"replies":[{"embeddable":true,"href":"https:\/\/www.teleskopshop.ch\/fr\/wp-json\/wp\/v2\/comments?post=59687"}],"wp:featuredmedia":[{"embeddable":true,"href":"https:\/\/www.teleskopshop.ch\/fr\/wp-json\/wp\/v2\/media\/9774"}],"wp:attachment":[{"href":"https:\/\/www.teleskopshop.ch\/fr\/wp-json\/wp\/v2\/media?parent=59687"}],"wp:term":[{"taxonomy":"product_brand","embeddable":true,"href":"https:\/\/www.teleskopshop.ch\/fr\/wp-json\/wp\/v2\/product_brand?post=59687"},{"taxonomy":"product_cat","embeddable":true,"href":"https:\/\/www.teleskopshop.ch\/fr\/wp-json\/wp\/v2\/product_cat?post=59687"},{"taxonomy":"product_tag","embeddable":true,"href":"https:\/\/www.teleskopshop.ch\/fr\/wp-json\/wp\/v2\/product_tag?post=59687"}],"curies":[{"name":"wp","href":"https:\/\/api.w.org\/{rel}","templated":true}]}}