{"id":59663,"date":"2023-12-18T00:00:00","date_gmt":"2023-12-17T23:00:00","guid":{"rendered":"https:\/\/2025.teleskopshop.ch\/shop\/non%20class\u00e9\/baader-dt-ring-sp54-m43-2\/"},"modified":"2025-01-25T12:00:42","modified_gmt":"2025-01-25T11:00:42","slug":"baader-dt-ring-sp54-m43-2","status":"publish","type":"product","link":"https:\/\/www.teleskopshop.ch\/fr\/shop\/optique\/extensions-optiques\/oculaires\/baader-dt-ring-sp54-m43-2\/","title":{"rendered":"Bague Baader DT SP54\/M43"},"content":{"rendered":"<p>&#8211; Les anneaux Hyperion DT sont optimis\u00e9s pour la distance la plus courte<br \/>\n entre l&rsquo;objectif de l&rsquo;oculaire et l&rsquo;objectif de l&rsquo;appareil photo num\u00e9rique.<br \/>\n&#8211; C&rsquo;est le seul moyen d&rsquo;obtenir un \u00e9clairage d&rsquo;image sans vignettage<br \/>\n&#8211; 1x bague de r\u00e9glage en plastique dur pour le filetage SP54 est incluse<br \/>\n inclus gratuitement avec chaque anneau Hyperion DT.<br \/>\n&#8211; Avec les bagues de r\u00e9glage, qui ne font que 1 mm d&rsquo;\u00e9paisseur, de petites<br \/>\n Ajustez les tol\u00e9rances de hauteur pour toujours tenir compte de l&rsquo;objectif de la cam\u00e9ra<br \/>\n sans l&rsquo;aide d&rsquo;un anneau d&rsquo;extension le plus pr\u00e8s possible de la<br \/>\n brancher l&rsquo;oculaire<br \/>\nSoyez prudent lorsque vous montez votre cam\u00e9ra&nbsp;! Il peut arriver qu&rsquo;un<br \/>\nLentille de l&rsquo;objectif de la cam\u00e9ra quelques dixi\u00e8mes de millim\u00e8tre trop pr\u00e8s de celle du haut<br \/>\nlentille de l&rsquo;oculaire Hyp\u00e9rion. Aller au monage de<br \/>\nDes oculaires Hyperion \u00e0 un objectif d&rsquo;appareil photo avec beaucoup de soin<br \/>\net utiliser si n\u00e9cessaire les bagues de r\u00e9glage suppl\u00e9mentaires.<\/p>\n","protected":false},"excerpt":{"rendered":"<p>&#8211; Les anneaux Hyperion DT sont optimis\u00e9s pour la distance la plus courte entre l&rsquo;objectif de l&rsquo;oculaire et l&rsquo;objectif de l&rsquo;appareil photo num\u00e9rique. &#8211; C&rsquo;est le seul moyen d&rsquo;obtenir un \u00e9clairage d&rsquo;image sans vignettage &#8211; 1x bague de r\u00e9glage en plastique dur pour le filetage SP54 est incluse inclus gratuitement avec chaque anneau Hyperion DT. [&hellip;]<\/p>\n","protected":false},"featured_media":9722,"comment_status":"closed","ping_status":"open","template":"","meta":{"_acf_changed":false},"product_brand":[679],"product_cat":[1477,1339],"product_tag":[],"class_list":{"0":"post-59663","1":"product","2":"type-product","3":"status-publish","4":"has-post-thumbnail","6":"product_brand-baader","7":"product_cat-oculaires","8":"product_cat-optique","10":"first","11":"instock","12":"taxable","13":"shipping-taxable","14":"purchasable","15":"product-type-simple"},"acf":[],"_links":{"self":[{"href":"https:\/\/www.teleskopshop.ch\/fr\/wp-json\/wp\/v2\/product\/59663","targetHints":{"allow":["GET"]}}],"collection":[{"href":"https:\/\/www.teleskopshop.ch\/fr\/wp-json\/wp\/v2\/product"}],"about":[{"href":"https:\/\/www.teleskopshop.ch\/fr\/wp-json\/wp\/v2\/types\/product"}],"replies":[{"embeddable":true,"href":"https:\/\/www.teleskopshop.ch\/fr\/wp-json\/wp\/v2\/comments?post=59663"}],"wp:featuredmedia":[{"embeddable":true,"href":"https:\/\/www.teleskopshop.ch\/fr\/wp-json\/wp\/v2\/media\/9722"}],"wp:attachment":[{"href":"https:\/\/www.teleskopshop.ch\/fr\/wp-json\/wp\/v2\/media?parent=59663"}],"wp:term":[{"taxonomy":"product_brand","embeddable":true,"href":"https:\/\/www.teleskopshop.ch\/fr\/wp-json\/wp\/v2\/product_brand?post=59663"},{"taxonomy":"product_cat","embeddable":true,"href":"https:\/\/www.teleskopshop.ch\/fr\/wp-json\/wp\/v2\/product_cat?post=59663"},{"taxonomy":"product_tag","embeddable":true,"href":"https:\/\/www.teleskopshop.ch\/fr\/wp-json\/wp\/v2\/product_tag?post=59663"}],"curies":[{"name":"wp","href":"https:\/\/api.w.org\/{rel}","templated":true}]}}