{"id":59651,"date":"2023-12-18T00:00:00","date_gmt":"2023-12-17T23:00:00","guid":{"rendered":"https:\/\/2025.teleskopshop.ch\/shop\/non%20class\u00e9\/baader-m43-verlaengerung\/"},"modified":"2025-01-25T12:00:37","modified_gmt":"2025-01-25T11:00:37","slug":"baader-m43-verlaengerung","status":"publish","type":"product","link":"https:\/\/www.teleskopshop.ch\/fr\/shop\/optique\/extensions-optiques\/oculaires\/baader-m43-verlaengerung\/","title":{"rendered":"Rallonge Baader M43"},"content":{"rendered":"<p>&#8211; Rallonge M43\/M43 (bague interm\u00e9diaire), adapt\u00e9e pour Morpheus, Hyperion<br \/>\n et autres oculaires\/adaptateurs avec filetage externe M43<br \/>\n&#8211; Hauteur optique : 7,5 mm<br \/>\n&#8211; Cet anneau peut \u00eatre utilis\u00e9 pour r\u00e9gler la distance entre les \u0153illetons en caoutchouc dans le<br \/>\n Ajustez la hauteur, fixez solidement un support de smartphone et pour le<br \/>\n La projection oculaire peut \u00eatre r\u00e9alis\u00e9e avec plusieurs de ces anneaux<br \/>\n R\u00e9glez de mani\u00e8re optimale la distance de projection par rapport \u00e0 la puce de la cam\u00e9ra<\/p>\n","protected":false},"excerpt":{"rendered":"<p>&#8211; Rallonge M43\/M43 (bague interm\u00e9diaire), adapt\u00e9e pour Morpheus, Hyperion et autres oculaires\/adaptateurs avec filetage externe M43 &#8211; Hauteur optique : 7,5 mm &#8211; Cet anneau peut \u00eatre utilis\u00e9 pour r\u00e9gler la distance entre les \u0153illetons en caoutchouc dans le Ajustez la hauteur, fixez solidement un support de smartphone et pour le La projection oculaire peut [&hellip;]<\/p>\n","protected":false},"featured_media":9706,"comment_status":"closed","ping_status":"open","template":"","meta":{"_acf_changed":false},"product_brand":[679],"product_cat":[1477,1339],"product_tag":[],"class_list":{"0":"post-59651","1":"product","2":"type-product","3":"status-publish","4":"has-post-thumbnail","6":"product_brand-baader","7":"product_cat-oculaires","8":"product_cat-optique","10":"first","11":"instock","12":"taxable","13":"shipping-taxable","14":"purchasable","15":"product-type-simple"},"acf":[],"_links":{"self":[{"href":"https:\/\/www.teleskopshop.ch\/fr\/wp-json\/wp\/v2\/product\/59651","targetHints":{"allow":["GET"]}}],"collection":[{"href":"https:\/\/www.teleskopshop.ch\/fr\/wp-json\/wp\/v2\/product"}],"about":[{"href":"https:\/\/www.teleskopshop.ch\/fr\/wp-json\/wp\/v2\/types\/product"}],"replies":[{"embeddable":true,"href":"https:\/\/www.teleskopshop.ch\/fr\/wp-json\/wp\/v2\/comments?post=59651"}],"wp:featuredmedia":[{"embeddable":true,"href":"https:\/\/www.teleskopshop.ch\/fr\/wp-json\/wp\/v2\/media\/9706"}],"wp:attachment":[{"href":"https:\/\/www.teleskopshop.ch\/fr\/wp-json\/wp\/v2\/media?parent=59651"}],"wp:term":[{"taxonomy":"product_brand","embeddable":true,"href":"https:\/\/www.teleskopshop.ch\/fr\/wp-json\/wp\/v2\/product_brand?post=59651"},{"taxonomy":"product_cat","embeddable":true,"href":"https:\/\/www.teleskopshop.ch\/fr\/wp-json\/wp\/v2\/product_cat?post=59651"},{"taxonomy":"product_tag","embeddable":true,"href":"https:\/\/www.teleskopshop.ch\/fr\/wp-json\/wp\/v2\/product_tag?post=59651"}],"curies":[{"name":"wp","href":"https:\/\/api.w.org\/{rel}","templated":true}]}}