{"id":59639,"date":"2023-12-18T00:00:00","date_gmt":"2023-12-17T23:00:00","guid":{"rendered":"https:\/\/2025.teleskopshop.ch\/shop\/non%20class\u00e9\/baader-c-mount-t-2-mit-1%c2%bc-filterhalter\/"},"modified":"2025-01-25T12:02:17","modified_gmt":"2025-01-25T11:02:17","slug":"baader-c-mount-t-2-mit-1%c2%bc-filterhalter","status":"publish","type":"product","link":"https:\/\/www.teleskopshop.ch\/fr\/shop\/optique\/extensions-optiques\/oculaires\/baader-c-mount-t-2-mit-1%c2%bc-filterhalter\/","title":{"rendered":"Baader C-Mount T-2 avec porte-filtre 1\u00bc\u00a0\u00bb"},"content":{"rendered":"<p>L&rsquo;adaptateur s&rsquo;adapte \u00e0 toutes les cam\u00e9ras avec une connexion \u00e0 monture C, telles que<br \/>\nCam\u00e9ras par The Imaging Source. Il vous permet de les connecter<br \/>\nCam\u00e9ras au T2.<br \/>\nLongueur optique 17mm<br \/>\nFiletage c\u00f4t\u00e9 cam\u00e9ra : filetage externe C-Mount (25,4 mm)<br \/>\nFiletage c\u00f4t\u00e9 lentille : filetage interne T2 (M42x0,75)<br \/>\nIl existe \u00e9galement un filetage de montage pour les filtres de 1,25&Prime; (M28,5 x<br \/>\n0,75)<br \/>\nUne rotation de 360\u00b0 de la fixation filet\u00e9e T2 est obtenue gr\u00e2ce \u00e0 trois contre-vis<br \/>\npermet.<\/p>\n","protected":false},"excerpt":{"rendered":"<p>L&rsquo;adaptateur s&rsquo;adapte \u00e0 toutes les cam\u00e9ras avec une connexion \u00e0 monture C, telles que Cam\u00e9ras par The Imaging Source. Il vous permet de les connecter Cam\u00e9ras au T2. Longueur optique 17mm Filetage c\u00f4t\u00e9 cam\u00e9ra : filetage externe C-Mount (25,4 mm) Filetage c\u00f4t\u00e9 lentille : filetage interne T2 (M42x0,75) Il existe \u00e9galement un filetage de montage [&hellip;]<\/p>\n","protected":false},"featured_media":9326,"comment_status":"closed","ping_status":"open","template":"","meta":{"_acf_changed":false},"product_brand":[679],"product_cat":[1477,1339],"product_tag":[],"class_list":{"0":"post-59639","1":"product","2":"type-product","3":"status-publish","4":"has-post-thumbnail","6":"product_brand-baader","7":"product_cat-oculaires","8":"product_cat-optique","10":"first","11":"instock","12":"taxable","13":"shipping-taxable","14":"purchasable","15":"product-type-simple"},"acf":[],"_links":{"self":[{"href":"https:\/\/www.teleskopshop.ch\/fr\/wp-json\/wp\/v2\/product\/59639","targetHints":{"allow":["GET"]}}],"collection":[{"href":"https:\/\/www.teleskopshop.ch\/fr\/wp-json\/wp\/v2\/product"}],"about":[{"href":"https:\/\/www.teleskopshop.ch\/fr\/wp-json\/wp\/v2\/types\/product"}],"replies":[{"embeddable":true,"href":"https:\/\/www.teleskopshop.ch\/fr\/wp-json\/wp\/v2\/comments?post=59639"}],"wp:featuredmedia":[{"embeddable":true,"href":"https:\/\/www.teleskopshop.ch\/fr\/wp-json\/wp\/v2\/media\/9326"}],"wp:attachment":[{"href":"https:\/\/www.teleskopshop.ch\/fr\/wp-json\/wp\/v2\/media?parent=59639"}],"wp:term":[{"taxonomy":"product_brand","embeddable":true,"href":"https:\/\/www.teleskopshop.ch\/fr\/wp-json\/wp\/v2\/product_brand?post=59639"},{"taxonomy":"product_cat","embeddable":true,"href":"https:\/\/www.teleskopshop.ch\/fr\/wp-json\/wp\/v2\/product_cat?post=59639"},{"taxonomy":"product_tag","embeddable":true,"href":"https:\/\/www.teleskopshop.ch\/fr\/wp-json\/wp\/v2\/product_tag?post=59639"}],"curies":[{"name":"wp","href":"https:\/\/api.w.org\/{rel}","templated":true}]}}