{"id":59636,"date":"2023-12-18T00:00:00","date_gmt":"2023-12-17T23:00:00","guid":{"rendered":"https:\/\/2025.teleskopshop.ch\/shop\/non%20class\u00e9\/baader-erweiterungsring-t-2i-2a-28\/"},"modified":"2025-01-25T12:02:24","modified_gmt":"2025-01-25T11:02:24","slug":"baader-erweiterungsring-t-2i-2a-28","status":"publish","type":"product","link":"https:\/\/www.teleskopshop.ch\/fr\/shop\/optique\/extensions-optiques\/oculaires\/baader-erweiterungsring-t-2i-2a-28\/","title":{"rendered":"Anneau d&rsquo;extension Baader T-2i\/2&Prime;a #28"},"content":{"rendered":"<p>Adaptateur T2 filetage int\u00e9rieur (femelle) vers 2&Prime; m\u00e2le. &#8211; Filetage m\u00e2le SC #<br \/>\n2958242 &#8211; #28. Seulement 1 mm de longueur optique.<br \/>\nL&rsquo;adaptateur permet d&rsquo;utiliser les accessoires SC via le T2<br \/>\nFil de discussion. Il se visse simplement sur un filetage ext\u00e9rieur T2.<br \/>\nC\u00f4t\u00e9 t\u00e9lescope : Filetage int\u00e9rieur T2<br \/>\nC\u00f4t\u00e9 oculaire : filetage ext\u00e9rieur SC (filetage ext\u00e9rieur 2&Prime;)<br \/>\nLongueur : 5 mm<\/p>\n","protected":false},"excerpt":{"rendered":"<p>Adaptateur T2 filetage int\u00e9rieur (femelle) vers 2&Prime; m\u00e2le. &#8211; Filetage m\u00e2le SC # 2958242 &#8211; #28. Seulement 1 mm de longueur optique. L&rsquo;adaptateur permet d&rsquo;utiliser les accessoires SC via le T2 Fil de discussion. Il se visse simplement sur un filetage ext\u00e9rieur T2. C\u00f4t\u00e9 t\u00e9lescope : Filetage int\u00e9rieur T2 C\u00f4t\u00e9 oculaire : filetage ext\u00e9rieur SC [&hellip;]<\/p>\n","protected":false},"featured_media":9318,"comment_status":"closed","ping_status":"open","template":"","meta":{"_acf_changed":false},"product_brand":[679],"product_cat":[1477,1339],"product_tag":[],"class_list":{"0":"post-59636","1":"product","2":"type-product","3":"status-publish","4":"has-post-thumbnail","6":"product_brand-baader","7":"product_cat-oculaires","8":"product_cat-optique","10":"first","11":"instock","12":"taxable","13":"shipping-taxable","14":"purchasable","15":"product-type-simple"},"acf":[],"_links":{"self":[{"href":"https:\/\/www.teleskopshop.ch\/fr\/wp-json\/wp\/v2\/product\/59636","targetHints":{"allow":["GET"]}}],"collection":[{"href":"https:\/\/www.teleskopshop.ch\/fr\/wp-json\/wp\/v2\/product"}],"about":[{"href":"https:\/\/www.teleskopshop.ch\/fr\/wp-json\/wp\/v2\/types\/product"}],"replies":[{"embeddable":true,"href":"https:\/\/www.teleskopshop.ch\/fr\/wp-json\/wp\/v2\/comments?post=59636"}],"wp:featuredmedia":[{"embeddable":true,"href":"https:\/\/www.teleskopshop.ch\/fr\/wp-json\/wp\/v2\/media\/9318"}],"wp:attachment":[{"href":"https:\/\/www.teleskopshop.ch\/fr\/wp-json\/wp\/v2\/media?parent=59636"}],"wp:term":[{"taxonomy":"product_brand","embeddable":true,"href":"https:\/\/www.teleskopshop.ch\/fr\/wp-json\/wp\/v2\/product_brand?post=59636"},{"taxonomy":"product_cat","embeddable":true,"href":"https:\/\/www.teleskopshop.ch\/fr\/wp-json\/wp\/v2\/product_cat?post=59636"},{"taxonomy":"product_tag","embeddable":true,"href":"https:\/\/www.teleskopshop.ch\/fr\/wp-json\/wp\/v2\/product_tag?post=59636"}],"curies":[{"name":"wp","href":"https:\/\/api.w.org\/{rel}","templated":true}]}}