{"id":59627,"date":"2023-12-18T00:00:00","date_gmt":"2023-12-17T23:00:00","guid":{"rendered":"https:\/\/2025.teleskopshop.ch\/shop\/non%20class\u00e9\/baader-t-2-konterring-35\/"},"modified":"2025-01-25T12:02:55","modified_gmt":"2025-01-25T11:02:55","slug":"baader-t-2-konterring-35","status":"publish","type":"product","link":"https:\/\/www.teleskopshop.ch\/fr\/shop\/optique\/extensions-optiques\/oculaires\/baader-t-2-konterring-35\/","title":{"rendered":"Anneau de verrouillage Baader T-2 #35"},"content":{"rendered":"<p>Anneau de verrouillage Baader T2 avec seulement 2 mm de longueur &#8211; s&rsquo;adapte \u00e0 tous les T2<br \/>\nFiletage externe et permet le verrouillage exact de la cam\u00e9ra dans le<br \/>\nposition souhait\u00e9e.<br \/>\nVissez la bague de verrouillage sur le filetage T2 et verrouillez-la<br \/>\ncam\u00e9ra dans la position souhait\u00e9e. Avec l&rsquo;anneau, vous pouvez \u00e9galement en faire un<br \/>\nAjustez la distance. Anneau molet\u00e9 g\u00e9n\u00e9reux &#8211;<br \/>\npermet de contrer sans outils.<br \/>\nLongueur du filetage int\u00e9rieur T2 : environ 2 mm<\/p>\n","protected":false},"excerpt":{"rendered":"<p>Anneau de verrouillage Baader T2 avec seulement 2 mm de longueur &#8211; s&rsquo;adapte \u00e0 tous les T2 Filetage externe et permet le verrouillage exact de la cam\u00e9ra dans le position souhait\u00e9e. Vissez la bague de verrouillage sur le filetage T2 et verrouillez-la cam\u00e9ra dans la position souhait\u00e9e. Avec l&rsquo;anneau, vous pouvez \u00e9galement en faire un [&hellip;]<\/p>\n","protected":false},"featured_media":9306,"comment_status":"closed","ping_status":"open","template":"","meta":{"_acf_changed":false},"product_brand":[679],"product_cat":[1477,1339],"product_tag":[],"class_list":{"0":"post-59627","1":"product","2":"type-product","3":"status-publish","4":"has-post-thumbnail","6":"product_brand-baader","7":"product_cat-oculaires","8":"product_cat-optique","10":"first","11":"instock","12":"taxable","13":"shipping-taxable","14":"purchasable","15":"product-type-simple"},"acf":[],"_links":{"self":[{"href":"https:\/\/www.teleskopshop.ch\/fr\/wp-json\/wp\/v2\/product\/59627","targetHints":{"allow":["GET"]}}],"collection":[{"href":"https:\/\/www.teleskopshop.ch\/fr\/wp-json\/wp\/v2\/product"}],"about":[{"href":"https:\/\/www.teleskopshop.ch\/fr\/wp-json\/wp\/v2\/types\/product"}],"replies":[{"embeddable":true,"href":"https:\/\/www.teleskopshop.ch\/fr\/wp-json\/wp\/v2\/comments?post=59627"}],"wp:featuredmedia":[{"embeddable":true,"href":"https:\/\/www.teleskopshop.ch\/fr\/wp-json\/wp\/v2\/media\/9306"}],"wp:attachment":[{"href":"https:\/\/www.teleskopshop.ch\/fr\/wp-json\/wp\/v2\/media?parent=59627"}],"wp:term":[{"taxonomy":"product_brand","embeddable":true,"href":"https:\/\/www.teleskopshop.ch\/fr\/wp-json\/wp\/v2\/product_brand?post=59627"},{"taxonomy":"product_cat","embeddable":true,"href":"https:\/\/www.teleskopshop.ch\/fr\/wp-json\/wp\/v2\/product_cat?post=59627"},{"taxonomy":"product_tag","embeddable":true,"href":"https:\/\/www.teleskopshop.ch\/fr\/wp-json\/wp\/v2\/product_tag?post=59627"}],"curies":[{"name":"wp","href":"https:\/\/api.w.org\/{rel}","templated":true}]}}