{"id":59616,"date":"2023-12-18T00:00:00","date_gmt":"2023-12-17T23:00:00","guid":{"rendered":"https:\/\/2025.teleskopshop.ch\/shop\/non%20class\u00e9\/baader-hyperion-2-stopring\/"},"modified":"2025-01-25T12:02:28","modified_gmt":"2025-01-25T11:02:28","slug":"baader-hyperion-2-stopring","status":"publish","type":"product","link":"https:\/\/www.teleskopshop.ch\/fr\/shop\/optique\/extensions-optiques\/oculaires\/baader-hyperion-2-stopring\/","title":{"rendered":"Bague d&rsquo;arr\u00eat Baader Hyperion 2&Prime;"},"content":{"rendered":"<p>Pour Celestron SC 8&Prime;\/9.25&Prime;\/11&Prime;\/14&Prime;), avec filetage femelle. 2&Prime; (5mm<br \/>\nlongueur optique) &#8211; bague d&rsquo;arr\u00eat pour prises 2&Prime; &#8211; r\u00e9glage pr\u00e9cis<br \/>\nde la distance &#8211; Bague d&rsquo;arr\u00eat de r\u00e9glage fin Hyperion.<br \/>\nPlacez la bague d&rsquo;arr\u00eat sur le manchon de 2&Prime; et serrez la bague.<br \/>\nCela cr\u00e9e une distance d\u00e9finie et propre<br \/>\nAttaque. Le serrage est pr\u00e9cis et ferme avec un laiton<br \/>\nbague de serrage.<br \/>\nArr\u00eat pr\u00e9cis sur le r\u00e9ceptacle de 2 \u00ab\u00a0&#8211; lorsque des distances pr\u00e9cises<br \/>\ndoivent \u00eatre respect\u00e9es (photographie). Emp\u00eache le brouillage<br \/>\nla rainure de verrouillage en changeant les distances et en frappant<br \/>\nla douille avec des oculaires tr\u00e8s longs sur le prisme ou le miroir.<br \/>\nPermet en liaison avec des anneaux d&rsquo;extension avec filetage de filtre 2\u00a0\u00bb<br \/>\nune extension de la douille des oculaires et des adaptateurs.<\/p>\n","protected":false},"excerpt":{"rendered":"<p>Pour Celestron SC 8&Prime;\/9.25&Prime;\/11&Prime;\/14&Prime;), avec filetage femelle. 2&Prime; (5mm longueur optique) &#8211; bague d&rsquo;arr\u00eat pour prises 2&Prime; &#8211; r\u00e9glage pr\u00e9cis de la distance &#8211; Bague d&rsquo;arr\u00eat de r\u00e9glage fin Hyperion. Placez la bague d&rsquo;arr\u00eat sur le manchon de 2&Prime; et serrez la bague. Cela cr\u00e9e une distance d\u00e9finie et propre Attaque. Le serrage est pr\u00e9cis [&hellip;]<\/p>\n","protected":false},"featured_media":9298,"comment_status":"closed","ping_status":"open","template":"","meta":{"_acf_changed":false},"product_brand":[679],"product_cat":[1477,1339],"product_tag":[],"class_list":{"0":"post-59616","1":"product","2":"type-product","3":"status-publish","4":"has-post-thumbnail","6":"product_brand-baader","7":"product_cat-oculaires","8":"product_cat-optique","10":"first","11":"instock","12":"taxable","13":"shipping-taxable","14":"purchasable","15":"product-type-simple"},"acf":[],"_links":{"self":[{"href":"https:\/\/www.teleskopshop.ch\/fr\/wp-json\/wp\/v2\/product\/59616","targetHints":{"allow":["GET"]}}],"collection":[{"href":"https:\/\/www.teleskopshop.ch\/fr\/wp-json\/wp\/v2\/product"}],"about":[{"href":"https:\/\/www.teleskopshop.ch\/fr\/wp-json\/wp\/v2\/types\/product"}],"replies":[{"embeddable":true,"href":"https:\/\/www.teleskopshop.ch\/fr\/wp-json\/wp\/v2\/comments?post=59616"}],"wp:featuredmedia":[{"embeddable":true,"href":"https:\/\/www.teleskopshop.ch\/fr\/wp-json\/wp\/v2\/media\/9298"}],"wp:attachment":[{"href":"https:\/\/www.teleskopshop.ch\/fr\/wp-json\/wp\/v2\/media?parent=59616"}],"wp:term":[{"taxonomy":"product_brand","embeddable":true,"href":"https:\/\/www.teleskopshop.ch\/fr\/wp-json\/wp\/v2\/product_brand?post=59616"},{"taxonomy":"product_cat","embeddable":true,"href":"https:\/\/www.teleskopshop.ch\/fr\/wp-json\/wp\/v2\/product_cat?post=59616"},{"taxonomy":"product_tag","embeddable":true,"href":"https:\/\/www.teleskopshop.ch\/fr\/wp-json\/wp\/v2\/product_tag?post=59616"}],"curies":[{"name":"wp","href":"https:\/\/api.w.org\/{rel}","templated":true}]}}