{"id":59613,"date":"2023-12-18T00:00:00","date_gmt":"2023-12-17T23:00:00","guid":{"rendered":"https:\/\/2025.teleskopshop.ch\/shop\/non%20class\u00e9\/baader-variofinder-10x60-45mqr-iv\/"},"modified":"2025-01-25T12:03:08","modified_gmt":"2025-01-25T11:03:08","slug":"baader-variofinder-10x60-45mqr-iv","status":"publish","type":"product","link":"https:\/\/www.teleskopshop.ch\/fr\/shop\/optique\/extensions-optiques\/oculaires\/baader-variofinder-10x60-45mqr-iv\/","title":{"rendered":"Baader VarioFinder 10&#215;60 45\u00b0MQR IV"},"content":{"rendered":"<p>Chercheur Vario 10&#215;60, objectif astro, avec MRQ IV<br \/>\nsupport de viseur r\u00e9glable Quick Release 4<br \/>\nVue \u00e0 45\u00b0 avec image droite et non miroir<br \/>\nOculaire de viseur de 25 mm avec r\u00e9ticule de mesure \u00e9clair\u00e9 ; optionnel<br \/>\npeut \u00eatre utilis\u00e9 comme lunette de guidage et comme longue-vue de 60 mm, incl. \u00e9galiseur<br \/>\nQueue d&rsquo;aronde\/adaptateur de tr\u00e9pied photo<\/p>\n","protected":false},"excerpt":{"rendered":"<p>Chercheur Vario 10&#215;60, objectif astro, avec MRQ IV support de viseur r\u00e9glable Quick Release 4 Vue \u00e0 45\u00b0 avec image droite et non miroir Oculaire de viseur de 25 mm avec r\u00e9ticule de mesure \u00e9clair\u00e9 ; optionnel peut \u00eatre utilis\u00e9 comme lunette de guidage et comme longue-vue de 60 mm, incl. \u00e9galiseur Queue d&rsquo;aronde\/adaptateur de [&hellip;]<\/p>\n","protected":false},"featured_media":9294,"comment_status":"closed","ping_status":"open","template":"","meta":{"_acf_changed":false},"product_brand":[679],"product_cat":[1477,1339],"product_tag":[],"class_list":{"0":"post-59613","1":"product","2":"type-product","3":"status-publish","4":"has-post-thumbnail","6":"product_brand-baader","7":"product_cat-oculaires","8":"product_cat-optique","10":"first","11":"instock","12":"taxable","13":"shipping-taxable","14":"purchasable","15":"product-type-simple"},"acf":[],"_links":{"self":[{"href":"https:\/\/www.teleskopshop.ch\/fr\/wp-json\/wp\/v2\/product\/59613","targetHints":{"allow":["GET"]}}],"collection":[{"href":"https:\/\/www.teleskopshop.ch\/fr\/wp-json\/wp\/v2\/product"}],"about":[{"href":"https:\/\/www.teleskopshop.ch\/fr\/wp-json\/wp\/v2\/types\/product"}],"replies":[{"embeddable":true,"href":"https:\/\/www.teleskopshop.ch\/fr\/wp-json\/wp\/v2\/comments?post=59613"}],"wp:featuredmedia":[{"embeddable":true,"href":"https:\/\/www.teleskopshop.ch\/fr\/wp-json\/wp\/v2\/media\/9294"}],"wp:attachment":[{"href":"https:\/\/www.teleskopshop.ch\/fr\/wp-json\/wp\/v2\/media?parent=59613"}],"wp:term":[{"taxonomy":"product_brand","embeddable":true,"href":"https:\/\/www.teleskopshop.ch\/fr\/wp-json\/wp\/v2\/product_brand?post=59613"},{"taxonomy":"product_cat","embeddable":true,"href":"https:\/\/www.teleskopshop.ch\/fr\/wp-json\/wp\/v2\/product_cat?post=59613"},{"taxonomy":"product_tag","embeddable":true,"href":"https:\/\/www.teleskopshop.ch\/fr\/wp-json\/wp\/v2\/product_tag?post=59613"}],"curies":[{"name":"wp","href":"https:\/\/api.w.org\/{rel}","templated":true}]}}