{"id":59604,"date":"2023-12-18T00:00:00","date_gmt":"2023-12-17T23:00:00","guid":{"rendered":"https:\/\/2025.teleskopshop.ch\/shop\/non%20class\u00e9\/baader-varilock-t-2-29-46mm-25v\/"},"modified":"2025-01-25T12:03:07","modified_gmt":"2025-01-25T11:03:07","slug":"baader-varilock-t-2-29-46mm-25v","status":"publish","type":"product","link":"https:\/\/www.teleskopshop.ch\/fr\/shop\/optique\/extensions-optiques\/oculaires\/baader-varilock-t-2-29-46mm-25v\/","title":{"rendered":"Baader VariLock T-2 29-46mm #25V"},"content":{"rendered":"<p>Baader VariLock T2 manchon d&rsquo;extension 29-46mm en continu et<br \/>\nverrouillable 2956946 &#8211; 25V &#8211; outil id\u00e9al pour le r\u00e9glage<br \/>\ndistances de mise au point exactes.<br \/>\nLe Baader VariLock 46 est plus qu&rsquo;un simple T2<br \/>\nRenouvellement. C&rsquo;est un syst\u00e8me d&rsquo;adaptateur complet pour atteindre<br \/>\ndistances de mise au point exactes : r\u00e9glage en continu de 29 mm \u00e0 46 mm, haute<br \/>\nRigidit\u00e9 due \u00e0 une \u00e9paisseur de paroi suffisante du bo\u00eetier, reproductible<br \/>\nR\u00e9glage par \u00e9chelle millim\u00e9trique lat\u00e9rale.<br \/>\nRaccordement c\u00f4t\u00e9 t\u00e9lescope : filetage int\u00e9rieur T2 (M42x0,75mm)<br \/>\nRaccordement c\u00f4t\u00e9 oculaire\/cam\u00e9ra : Filetage m\u00e2le T2 et bague en queue d&rsquo;aronde<br \/>\npour adaptateur \u00e0 ba\u00efonnette Baader<br \/>\nDonn\u00e9es de l&rsquo;anneau en queue d&rsquo;aronde : diam\u00e8tre 52 mm \/ \u00e9paisseur 6,5 mm<br \/>\nLongueur optique : 29-46 mm en continu.<\/p>\n","protected":false},"excerpt":{"rendered":"<p>Baader VariLock T2 manchon d&rsquo;extension 29-46mm en continu et verrouillable 2956946 &#8211; 25V &#8211; outil id\u00e9al pour le r\u00e9glage distances de mise au point exactes. Le Baader VariLock 46 est plus qu&rsquo;un simple T2 Renouvellement. C&rsquo;est un syst\u00e8me d&rsquo;adaptateur complet pour atteindre distances de mise au point exactes : r\u00e9glage en continu de 29 mm [&hellip;]<\/p>\n","protected":false},"featured_media":9282,"comment_status":"closed","ping_status":"open","template":"","meta":{"_acf_changed":false},"product_brand":[679],"product_cat":[1477,1339],"product_tag":[],"class_list":{"0":"post-59604","1":"product","2":"type-product","3":"status-publish","4":"has-post-thumbnail","6":"product_brand-baader","7":"product_cat-oculaires","8":"product_cat-optique","10":"first","11":"instock","12":"taxable","13":"shipping-taxable","14":"purchasable","15":"product-type-simple"},"acf":[],"_links":{"self":[{"href":"https:\/\/www.teleskopshop.ch\/fr\/wp-json\/wp\/v2\/product\/59604","targetHints":{"allow":["GET"]}}],"collection":[{"href":"https:\/\/www.teleskopshop.ch\/fr\/wp-json\/wp\/v2\/product"}],"about":[{"href":"https:\/\/www.teleskopshop.ch\/fr\/wp-json\/wp\/v2\/types\/product"}],"replies":[{"embeddable":true,"href":"https:\/\/www.teleskopshop.ch\/fr\/wp-json\/wp\/v2\/comments?post=59604"}],"wp:featuredmedia":[{"embeddable":true,"href":"https:\/\/www.teleskopshop.ch\/fr\/wp-json\/wp\/v2\/media\/9282"}],"wp:attachment":[{"href":"https:\/\/www.teleskopshop.ch\/fr\/wp-json\/wp\/v2\/media?parent=59604"}],"wp:term":[{"taxonomy":"product_brand","embeddable":true,"href":"https:\/\/www.teleskopshop.ch\/fr\/wp-json\/wp\/v2\/product_brand?post=59604"},{"taxonomy":"product_cat","embeddable":true,"href":"https:\/\/www.teleskopshop.ch\/fr\/wp-json\/wp\/v2\/product_cat?post=59604"},{"taxonomy":"product_tag","embeddable":true,"href":"https:\/\/www.teleskopshop.ch\/fr\/wp-json\/wp\/v2\/product_tag?post=59604"}],"curies":[{"name":"wp","href":"https:\/\/api.w.org\/{rel}","templated":true}]}}