{"id":59601,"date":"2023-12-18T00:00:00","date_gmt":"2023-12-17T23:00:00","guid":{"rendered":"https:\/\/2025.teleskopshop.ch\/shop\/non%20class\u00e9\/baader-varilock-t-2-20-29mm-25y\/"},"modified":"2025-01-25T12:03:06","modified_gmt":"2025-01-25T11:03:06","slug":"baader-varilock-t-2-20-29mm-25y","status":"publish","type":"product","link":"https:\/\/www.teleskopshop.ch\/fr\/shop\/optique\/extensions-optiques\/oculaires\/baader-varilock-t-2-20-29mm-25y\/","title":{"rendered":"Baader VariLock T-2 20-29mm #25Y"},"content":{"rendered":"<p>Baader VariLock T2 manchon d&rsquo;extension 20-29mm en continu et<br \/>\nverrouillable &#8211; #2956929 &#8211; 25Y &#8211; outil id\u00e9al pour le r\u00e9glage<br \/>\ndistances de mise au point exactes.<br \/>\nLe Baader VariLock 29 est plus qu&rsquo;un simple T2<br \/>\nRenouvellement. C&rsquo;est un syst\u00e8me d&rsquo;adaptateur complet pour atteindre<br \/>\ndistances de mise au point exactes : r\u00e9glage en continu de 20 mm \u00e0 29 mm, haute<br \/>\nRigidit\u00e9 due \u00e0 une \u00e9paisseur de paroi suffisante du bo\u00eetier, reproductible<br \/>\nR\u00e9glage par \u00e9chelle millim\u00e9trique lat\u00e9rale.<br \/>\nR\u00e9glage exact des distances de mise au point pour les filtres solaires,<br \/>\ncorrecteurs de champ. R\u00e9sultats reproductibles lors de l&rsquo;adaptation de<br \/>\nAdaptateurs avec diff\u00e9rentes longueurs totales \u00e0 l&rsquo;\u00e9chelle millim\u00e9trique.<br \/>\nRaccordement c\u00f4t\u00e9 t\u00e9lescope : filetage int\u00e9rieur T2 (M42x0,75mm)<br \/>\nRaccordement c\u00f4t\u00e9 oculaire\/cam\u00e9ra : Filetage ext\u00e9rieur T2 et bague en queue d&rsquo;aronde<br \/>\npour adaptateur \u00e0 ba\u00efonnette Baader<br \/>\nDonn\u00e9es de l&rsquo;anneau en queue d&rsquo;aronde : diam\u00e8tre 52 mm \/ \u00e9paisseur 6,5 mm<br \/>\nLongueur optique : 20-29 mm en continu &#8211; r\u00e9glable via une \u00e9chelle millim\u00e9trique<\/p>\n","protected":false},"excerpt":{"rendered":"<p>Baader VariLock T2 manchon d&rsquo;extension 20-29mm en continu et verrouillable &#8211; #2956929 &#8211; 25Y &#8211; outil id\u00e9al pour le r\u00e9glage distances de mise au point exactes. Le Baader VariLock 29 est plus qu&rsquo;un simple T2 Renouvellement. C&rsquo;est un syst\u00e8me d&rsquo;adaptateur complet pour atteindre distances de mise au point exactes : r\u00e9glage en continu de 20 [&hellip;]<\/p>\n","protected":false},"featured_media":9278,"comment_status":"closed","ping_status":"open","template":"","meta":{"_acf_changed":false},"product_brand":[679],"product_cat":[1477,1339],"product_tag":[],"class_list":{"0":"post-59601","1":"product","2":"type-product","3":"status-publish","4":"has-post-thumbnail","6":"product_brand-baader","7":"product_cat-oculaires","8":"product_cat-optique","10":"first","11":"instock","12":"taxable","13":"shipping-taxable","14":"purchasable","15":"product-type-simple"},"acf":[],"_links":{"self":[{"href":"https:\/\/www.teleskopshop.ch\/fr\/wp-json\/wp\/v2\/product\/59601","targetHints":{"allow":["GET"]}}],"collection":[{"href":"https:\/\/www.teleskopshop.ch\/fr\/wp-json\/wp\/v2\/product"}],"about":[{"href":"https:\/\/www.teleskopshop.ch\/fr\/wp-json\/wp\/v2\/types\/product"}],"replies":[{"embeddable":true,"href":"https:\/\/www.teleskopshop.ch\/fr\/wp-json\/wp\/v2\/comments?post=59601"}],"wp:featuredmedia":[{"embeddable":true,"href":"https:\/\/www.teleskopshop.ch\/fr\/wp-json\/wp\/v2\/media\/9278"}],"wp:attachment":[{"href":"https:\/\/www.teleskopshop.ch\/fr\/wp-json\/wp\/v2\/media?parent=59601"}],"wp:term":[{"taxonomy":"product_brand","embeddable":true,"href":"https:\/\/www.teleskopshop.ch\/fr\/wp-json\/wp\/v2\/product_brand?post=59601"},{"taxonomy":"product_cat","embeddable":true,"href":"https:\/\/www.teleskopshop.ch\/fr\/wp-json\/wp\/v2\/product_cat?post=59601"},{"taxonomy":"product_tag","embeddable":true,"href":"https:\/\/www.teleskopshop.ch\/fr\/wp-json\/wp\/v2\/product_tag?post=59601"}],"curies":[{"name":"wp","href":"https:\/\/api.w.org\/{rel}","templated":true}]}}