{"id":59598,"date":"2023-12-18T00:00:00","date_gmt":"2023-12-17T23:00:00","guid":{"rendered":"https:\/\/2025.teleskopshop.ch\/shop\/non%20class\u00e9\/baader-m84a-x-1-click-lock-klemme\/"},"modified":"2025-01-25T12:02:38","modified_gmt":"2025-01-25T11:02:38","slug":"baader-m84a-x-1-click-lock-klemme","status":"publish","type":"product","link":"https:\/\/www.teleskopshop.ch\/fr\/shop\/optique\/extensions-optiques\/oculaires\/baader-m84a-x-1-click-lock-klemme\/","title":{"rendered":"Pince de verrouillage Baader M84a x 1 clic"},"content":{"rendered":"<p>Pince Baader 2&Prime; KlickLock pour filetage M84 pour le grand Pentax<br \/>\nr\u00e9fracteurs. Actionner le levier tournant du sans effort<br \/>\nM\u00e9canisme de verrouillage par clic et ainsi serrer une diagonale en \u00e9toile de 2 \u00ab\u00a0, un oculaire<br \/>\nou un adaptateur 2\u00a0\u00bb exactement sur l&rsquo;axe optique. Le verrou \u00e0 clic<br \/>\nLe serrage r\u00e9partit uniform\u00e9ment la pression sur la paroi du bo\u00eetier et<br \/>\nmet moins de pression sur l&rsquo;adaptateur ou l&rsquo;oculaire.<\/p>\n","protected":false},"excerpt":{"rendered":"<p>Pince Baader 2&Prime; KlickLock pour filetage M84 pour le grand Pentax r\u00e9fracteurs. Actionner le levier tournant du sans effort M\u00e9canisme de verrouillage par clic et ainsi serrer une diagonale en \u00e9toile de 2 \u00ab\u00a0, un oculaire ou un adaptateur 2\u00a0\u00bb exactement sur l&rsquo;axe optique. Le verrou \u00e0 clic Le serrage r\u00e9partit uniform\u00e9ment la pression sur [&hellip;]<\/p>\n","protected":false},"featured_media":9274,"comment_status":"closed","ping_status":"open","template":"","meta":{"_acf_changed":false},"product_brand":[679],"product_cat":[1477,1339],"product_tag":[],"class_list":{"0":"post-59598","1":"product","2":"type-product","3":"status-publish","4":"has-post-thumbnail","6":"product_brand-baader","7":"product_cat-oculaires","8":"product_cat-optique","10":"first","11":"instock","12":"taxable","13":"shipping-taxable","14":"purchasable","15":"product-type-simple"},"acf":[],"_links":{"self":[{"href":"https:\/\/www.teleskopshop.ch\/fr\/wp-json\/wp\/v2\/product\/59598","targetHints":{"allow":["GET"]}}],"collection":[{"href":"https:\/\/www.teleskopshop.ch\/fr\/wp-json\/wp\/v2\/product"}],"about":[{"href":"https:\/\/www.teleskopshop.ch\/fr\/wp-json\/wp\/v2\/types\/product"}],"replies":[{"embeddable":true,"href":"https:\/\/www.teleskopshop.ch\/fr\/wp-json\/wp\/v2\/comments?post=59598"}],"wp:featuredmedia":[{"embeddable":true,"href":"https:\/\/www.teleskopshop.ch\/fr\/wp-json\/wp\/v2\/media\/9274"}],"wp:attachment":[{"href":"https:\/\/www.teleskopshop.ch\/fr\/wp-json\/wp\/v2\/media?parent=59598"}],"wp:term":[{"taxonomy":"product_brand","embeddable":true,"href":"https:\/\/www.teleskopshop.ch\/fr\/wp-json\/wp\/v2\/product_brand?post=59598"},{"taxonomy":"product_cat","embeddable":true,"href":"https:\/\/www.teleskopshop.ch\/fr\/wp-json\/wp\/v2\/product_cat?post=59598"},{"taxonomy":"product_tag","embeddable":true,"href":"https:\/\/www.teleskopshop.ch\/fr\/wp-json\/wp\/v2\/product_tag?post=59598"}],"curies":[{"name":"wp","href":"https:\/\/api.w.org\/{rel}","templated":true}]}}