{"id":59592,"date":"2023-12-18T00:00:00","date_gmt":"2023-12-17T23:00:00","guid":{"rendered":"https:\/\/2025.teleskopshop.ch\/shop\/non%20class\u00e9\/baader-m68a-x-1-click-lock\/"},"modified":"2025-01-25T12:02:35","modified_gmt":"2025-01-25T11:02:35","slug":"baader-m68a-x-1-click-lock","status":"publish","type":"product","link":"https:\/\/www.teleskopshop.ch\/fr\/shop\/optique\/extensions-optiques\/oculaires\/baader-m68a-x-1-click-lock\/","title":{"rendered":"Baader M68a x 1 serrure \u00e0 clic"},"content":{"rendered":"<p>Baader Pince KlickLock 2&Prime; pour filetage M68 pour r\u00e9fracteurs Zeiss #<br \/>\n2956268. Adaptation au 2&Prime; avec serrage KlickLock. C\u00f4t\u00e9 t\u00e9lescope : M68<br \/>\nRaccordement filet\u00e9, par exemple pour les r\u00e9fracteurs fluor\u00e9s Zeioss APQ.<br \/>\nActionnez le levier rotatif du KlickLock sans aucun effort<br \/>\nm\u00e9canisme et serrez une diagonale en \u00e9toile de 2 \u00ab\u00a0, un oculaire ou<br \/>\nun adaptateur 2\u00a0\u00bb exactement sur l&rsquo;axe optique.<br \/>\nLe serrage KlickLock r\u00e9partit la pression uniform\u00e9ment sur le<br \/>\nparoi du bo\u00eetier et ne sollicite donc pas autant l&rsquo;adaptateur ou l&rsquo;oculaire<br \/>\nfort.<\/p>\n","protected":false},"excerpt":{"rendered":"<p>Baader Pince KlickLock 2&Prime; pour filetage M68 pour r\u00e9fracteurs Zeiss # 2956268. Adaptation au 2&Prime; avec serrage KlickLock. C\u00f4t\u00e9 t\u00e9lescope : M68 Raccordement filet\u00e9, par exemple pour les r\u00e9fracteurs fluor\u00e9s Zeioss APQ. Actionnez le levier rotatif du KlickLock sans aucun effort m\u00e9canisme et serrez une diagonale en \u00e9toile de 2 \u00ab\u00a0, un oculaire ou un [&hellip;]<\/p>\n","protected":false},"featured_media":9266,"comment_status":"closed","ping_status":"open","template":"","meta":{"_acf_changed":false},"product_brand":[679],"product_cat":[1477,1339],"product_tag":[],"class_list":{"0":"post-59592","1":"product","2":"type-product","3":"status-publish","4":"has-post-thumbnail","6":"product_brand-baader","7":"product_cat-oculaires","8":"product_cat-optique","10":"first","11":"instock","12":"taxable","13":"shipping-taxable","14":"purchasable","15":"product-type-simple"},"acf":[],"_links":{"self":[{"href":"https:\/\/www.teleskopshop.ch\/fr\/wp-json\/wp\/v2\/product\/59592","targetHints":{"allow":["GET"]}}],"collection":[{"href":"https:\/\/www.teleskopshop.ch\/fr\/wp-json\/wp\/v2\/product"}],"about":[{"href":"https:\/\/www.teleskopshop.ch\/fr\/wp-json\/wp\/v2\/types\/product"}],"replies":[{"embeddable":true,"href":"https:\/\/www.teleskopshop.ch\/fr\/wp-json\/wp\/v2\/comments?post=59592"}],"wp:featuredmedia":[{"embeddable":true,"href":"https:\/\/www.teleskopshop.ch\/fr\/wp-json\/wp\/v2\/media\/9266"}],"wp:attachment":[{"href":"https:\/\/www.teleskopshop.ch\/fr\/wp-json\/wp\/v2\/media?parent=59592"}],"wp:term":[{"taxonomy":"product_brand","embeddable":true,"href":"https:\/\/www.teleskopshop.ch\/fr\/wp-json\/wp\/v2\/product_brand?post=59592"},{"taxonomy":"product_cat","embeddable":true,"href":"https:\/\/www.teleskopshop.ch\/fr\/wp-json\/wp\/v2\/product_cat?post=59592"},{"taxonomy":"product_tag","embeddable":true,"href":"https:\/\/www.teleskopshop.ch\/fr\/wp-json\/wp\/v2\/product_tag?post=59592"}],"curies":[{"name":"wp","href":"https:\/\/api.w.org\/{rel}","templated":true}]}}