{"id":59577,"date":"2023-12-18T00:00:00","date_gmt":"2023-12-17T23:00:00","guid":{"rendered":"https:\/\/2025.teleskopshop.ch\/shop\/non%20class\u00e9\/baader-2-click-lock-klemme-unf-ap-2-7\/"},"modified":"2025-01-25T12:01:02","modified_gmt":"2025-01-25T11:01:02","slug":"baader-2-click-lock-klemme-unf-ap-2-7","status":"publish","type":"product","link":"https:\/\/www.teleskopshop.ch\/fr\/shop\/optique\/extensions-optiques\/oculaires\/baader-2-click-lock-klemme-unf-ap-2-7\/","title":{"rendered":"Collier de serrage Baader 2&Prime; UNF\/AP 2,7&Prime;"},"content":{"rendered":"<p>AstroPhysique\/TEC<br \/>\nPince Baader 2&Prime; KlickLock avec filetage 2,7&Prime; pour Astro Physics et TEC<br \/>\nR\u00e9fracteurs #2956227.<br \/>\nActionnez le levier rotatif du KlickLock sans aucun effort<br \/>\nm\u00e9canisme et serrez une diagonale en \u00e9toile de 2 \u00ab\u00a0, un oculaire ou<br \/>\nun adaptateur 2\u00a0\u00bb exactement sur l&rsquo;axe optique. La pince KlickLock<br \/>\nr\u00e9partit uniform\u00e9ment la pression sur la paroi du bo\u00eetier et les contraintes<br \/>\ndonc adaptateur ou oculaire moins solide.<\/p>\n","protected":false},"excerpt":{"rendered":"<p>AstroPhysique\/TEC Pince Baader 2&Prime; KlickLock avec filetage 2,7&Prime; pour Astro Physics et TEC R\u00e9fracteurs #2956227. Actionnez le levier rotatif du KlickLock sans aucun effort m\u00e9canisme et serrez une diagonale en \u00e9toile de 2 \u00ab\u00a0, un oculaire ou un adaptateur 2\u00a0\u00bb exactement sur l&rsquo;axe optique. La pince KlickLock r\u00e9partit uniform\u00e9ment la pression sur la paroi du [&hellip;]<\/p>\n","protected":false},"featured_media":9246,"comment_status":"closed","ping_status":"open","template":"","meta":{"_acf_changed":false},"product_brand":[679],"product_cat":[1477,1339],"product_tag":[],"class_list":{"0":"post-59577","1":"product","2":"type-product","3":"status-publish","4":"has-post-thumbnail","6":"product_brand-baader","7":"product_cat-oculaires","8":"product_cat-optique","10":"first","11":"instock","12":"taxable","13":"shipping-taxable","14":"purchasable","15":"product-type-simple"},"acf":[],"_links":{"self":[{"href":"https:\/\/www.teleskopshop.ch\/fr\/wp-json\/wp\/v2\/product\/59577","targetHints":{"allow":["GET"]}}],"collection":[{"href":"https:\/\/www.teleskopshop.ch\/fr\/wp-json\/wp\/v2\/product"}],"about":[{"href":"https:\/\/www.teleskopshop.ch\/fr\/wp-json\/wp\/v2\/types\/product"}],"replies":[{"embeddable":true,"href":"https:\/\/www.teleskopshop.ch\/fr\/wp-json\/wp\/v2\/comments?post=59577"}],"wp:featuredmedia":[{"embeddable":true,"href":"https:\/\/www.teleskopshop.ch\/fr\/wp-json\/wp\/v2\/media\/9246"}],"wp:attachment":[{"href":"https:\/\/www.teleskopshop.ch\/fr\/wp-json\/wp\/v2\/media?parent=59577"}],"wp:term":[{"taxonomy":"product_brand","embeddable":true,"href":"https:\/\/www.teleskopshop.ch\/fr\/wp-json\/wp\/v2\/product_brand?post=59577"},{"taxonomy":"product_cat","embeddable":true,"href":"https:\/\/www.teleskopshop.ch\/fr\/wp-json\/wp\/v2\/product_cat?post=59577"},{"taxonomy":"product_tag","embeddable":true,"href":"https:\/\/www.teleskopshop.ch\/fr\/wp-json\/wp\/v2\/product_tag?post=59577"}],"curies":[{"name":"wp","href":"https:\/\/api.w.org\/{rel}","templated":true}]}}