{"id":59568,"date":"2023-12-18T00:00:00","date_gmt":"2023-12-17T23:00:00","guid":{"rendered":"https:\/\/2025.teleskopshop.ch\/shop\/non%20class\u00e9\/baader-clicklock-reduzierstueck-2-1-1-4\/"},"modified":"2025-01-25T12:02:16","modified_gmt":"2025-01-25T11:02:16","slug":"baader-clicklock-reduzierstueck-2-1-1-4","status":"publish","type":"product","link":"https:\/\/www.teleskopshop.ch\/fr\/shop\/optique\/extensions-optiques\/oculaires\/baader-clicklock-reduzierstueck-2-1-1-4\/","title":{"rendered":"Baader R\u00e9ducteur ClickLock 2&Prime;-1 1\/4&Prime;"},"content":{"rendered":"<p>&#8211; R\u00e9ducteur de 2&Prime; \u00e0 1\u00bc\u00a0\u00bb usin\u00e9 avec pr\u00e9cision pour compl\u00e9ter le<br \/>\n Syst\u00e8me Baader ClickLock, hauteur ins\u00e9r\u00e9e seulement 9,5 mm<br \/>\n&#8211; Une l\u00e9g\u00e8re pression sur le levier \u00e0 cliquet provoque une transmission de puissance<br \/>\n sur l&rsquo;anneau de compression pouvoir de maintien extr\u00eamement fort, mais aussi<br \/>\n lib\u00e9ration facile de la pince<br \/>\n&#8211; Le filetage de filtre avant M48 accepte tous les 2 pouces standard<br \/>\n Filtre oculaire activ\u00e9, filetage photo interne T-2 (M42x0,75)<br \/>\n permet de raccorder le r\u00e9ducteur complet \u00e0 (presque)<br \/>\n n&rsquo;importe quel fil photo T-2<br \/>\n&#8211; Bague de serrage \u00e0 compression en bronze dur \u00e0 paroi \u00e9paisse, reste en place<br \/>\n ind\u00e9formable pendant de nombreuses ann\u00e9es d&rsquo;utilisation sans rayer le r\u00e9ceptacle 1\u00bc\u00a0\u00bb<\/p>\n","protected":false},"excerpt":{"rendered":"<p>&#8211; R\u00e9ducteur de 2&Prime; \u00e0 1\u00bc\u00a0\u00bb usin\u00e9 avec pr\u00e9cision pour compl\u00e9ter le Syst\u00e8me Baader ClickLock, hauteur ins\u00e9r\u00e9e seulement 9,5 mm &#8211; Une l\u00e9g\u00e8re pression sur le levier \u00e0 cliquet provoque une transmission de puissance sur l&rsquo;anneau de compression pouvoir de maintien extr\u00eamement fort, mais aussi lib\u00e9ration facile de la pince &#8211; Le filetage de filtre [&hellip;]<\/p>\n","protected":false},"featured_media":9234,"comment_status":"closed","ping_status":"open","template":"","meta":{"_acf_changed":false},"product_brand":[679],"product_cat":[1477,1339],"product_tag":[],"class_list":{"0":"post-59568","1":"product","2":"type-product","3":"status-publish","4":"has-post-thumbnail","6":"product_brand-baader","7":"product_cat-oculaires","8":"product_cat-optique","10":"first","11":"instock","12":"taxable","13":"shipping-taxable","14":"purchasable","15":"product-type-simple"},"acf":[],"_links":{"self":[{"href":"https:\/\/www.teleskopshop.ch\/fr\/wp-json\/wp\/v2\/product\/59568","targetHints":{"allow":["GET"]}}],"collection":[{"href":"https:\/\/www.teleskopshop.ch\/fr\/wp-json\/wp\/v2\/product"}],"about":[{"href":"https:\/\/www.teleskopshop.ch\/fr\/wp-json\/wp\/v2\/types\/product"}],"replies":[{"embeddable":true,"href":"https:\/\/www.teleskopshop.ch\/fr\/wp-json\/wp\/v2\/comments?post=59568"}],"wp:featuredmedia":[{"embeddable":true,"href":"https:\/\/www.teleskopshop.ch\/fr\/wp-json\/wp\/v2\/media\/9234"}],"wp:attachment":[{"href":"https:\/\/www.teleskopshop.ch\/fr\/wp-json\/wp\/v2\/media?parent=59568"}],"wp:term":[{"taxonomy":"product_brand","embeddable":true,"href":"https:\/\/www.teleskopshop.ch\/fr\/wp-json\/wp\/v2\/product_brand?post=59568"},{"taxonomy":"product_cat","embeddable":true,"href":"https:\/\/www.teleskopshop.ch\/fr\/wp-json\/wp\/v2\/product_cat?post=59568"},{"taxonomy":"product_tag","embeddable":true,"href":"https:\/\/www.teleskopshop.ch\/fr\/wp-json\/wp\/v2\/product_tag?post=59568"}],"curies":[{"name":"wp","href":"https:\/\/api.w.org\/{rel}","templated":true}]}}