{"id":59562,"date":"2023-12-18T00:00:00","date_gmt":"2023-12-17T23:00:00","guid":{"rendered":"https:\/\/2025.teleskopshop.ch\/shop\/non%20class\u00e9\/baader-takahashi-adapter-m72-m68\/"},"modified":"2025-01-25T12:03:02","modified_gmt":"2025-01-25T11:03:02","slug":"baader-takahashi-adapter-m72-m68","status":"publish","type":"product","link":"https:\/\/www.teleskopshop.ch\/fr\/shop\/optique\/extensions-optiques\/oculaires\/baader-takahashi-adapter-m72-m68\/","title":{"rendered":"Adaptateur Baader Takahashi M72\/M68"},"content":{"rendered":"<p>Adaptateur Takahashi M72\/M68 (Zeiss) &#8211; connecte la pince Ultrashort 2&Prime;,<br \/>\nC\u00f4t\u00e9 t\u00e9lescope avec filetage Carl Zeiss M68 avec r\u00e9fracteurs Takahashi.<br \/>\nL&rsquo;adaptateur \u00e9quipe le porte-oculaire des APO Takahashi d&rsquo;un M68<br \/>\nfiletage int\u00e9rieur, il permet l&rsquo;adaptation du Baader 2&Prime;<br \/>\nLes r\u00e9ceptacles ou l&rsquo;adaptation de l&rsquo;aplatisseur plein format TS 2,5&Prime;.<br \/>\nL&rsquo;adaptation s&rsquo;effectue via le filetage M84. L&rsquo;adaptation est tr\u00e8s<br \/>\ncourt et permet ainsi l&rsquo;utilisation de pi\u00e8ces suppl\u00e9mentaires, telles que<br \/>\nPrismes de Herschel.<\/p>\n","protected":false},"excerpt":{"rendered":"<p>Adaptateur Takahashi M72\/M68 (Zeiss) &#8211; connecte la pince Ultrashort 2&Prime;, C\u00f4t\u00e9 t\u00e9lescope avec filetage Carl Zeiss M68 avec r\u00e9fracteurs Takahashi. L&rsquo;adaptateur \u00e9quipe le porte-oculaire des APO Takahashi d&rsquo;un M68 filetage int\u00e9rieur, il permet l&rsquo;adaptation du Baader 2&Prime; Les r\u00e9ceptacles ou l&rsquo;adaptation de l&rsquo;aplatisseur plein format TS 2,5&Prime;. L&rsquo;adaptation s&rsquo;effectue via le filetage M84. L&rsquo;adaptation est [&hellip;]<\/p>\n","protected":false},"featured_media":9226,"comment_status":"closed","ping_status":"open","template":"","meta":{"_acf_changed":false},"product_brand":[679],"product_cat":[1477,1339],"product_tag":[],"class_list":{"0":"post-59562","1":"product","2":"type-product","3":"status-publish","4":"has-post-thumbnail","6":"product_brand-baader","7":"product_cat-oculaires","8":"product_cat-optique","10":"first","11":"instock","12":"taxable","13":"shipping-taxable","14":"purchasable","15":"product-type-simple"},"acf":[],"_links":{"self":[{"href":"https:\/\/www.teleskopshop.ch\/fr\/wp-json\/wp\/v2\/product\/59562","targetHints":{"allow":["GET"]}}],"collection":[{"href":"https:\/\/www.teleskopshop.ch\/fr\/wp-json\/wp\/v2\/product"}],"about":[{"href":"https:\/\/www.teleskopshop.ch\/fr\/wp-json\/wp\/v2\/types\/product"}],"replies":[{"embeddable":true,"href":"https:\/\/www.teleskopshop.ch\/fr\/wp-json\/wp\/v2\/comments?post=59562"}],"wp:featuredmedia":[{"embeddable":true,"href":"https:\/\/www.teleskopshop.ch\/fr\/wp-json\/wp\/v2\/media\/9226"}],"wp:attachment":[{"href":"https:\/\/www.teleskopshop.ch\/fr\/wp-json\/wp\/v2\/media?parent=59562"}],"wp:term":[{"taxonomy":"product_brand","embeddable":true,"href":"https:\/\/www.teleskopshop.ch\/fr\/wp-json\/wp\/v2\/product_brand?post=59562"},{"taxonomy":"product_cat","embeddable":true,"href":"https:\/\/www.teleskopshop.ch\/fr\/wp-json\/wp\/v2\/product_cat?post=59562"},{"taxonomy":"product_tag","embeddable":true,"href":"https:\/\/www.teleskopshop.ch\/fr\/wp-json\/wp\/v2\/product_tag?post=59562"}],"curies":[{"name":"wp","href":"https:\/\/api.w.org\/{rel}","templated":true}]}}