{"id":59553,"date":"2023-12-18T00:00:00","date_gmt":"2023-12-17T23:00:00","guid":{"rendered":"https:\/\/2025.teleskopshop.ch\/shop\/non%20class\u00e9\/baader-four-in-one-adapter-2-m68-2-m68\/"},"modified":"2025-01-25T12:02:26","modified_gmt":"2025-01-25T11:02:26","slug":"baader-four-in-one-adapter-2-m68-2-m68","status":"publish","type":"product","link":"https:\/\/www.teleskopshop.ch\/fr\/shop\/optique\/extensions-optiques\/oculaires\/baader-four-in-one-adapter-2-m68-2-m68\/","title":{"rendered":"Baader Adaptateur quatre en un 2&Prime; M68\/2 \/M68"},"content":{"rendered":"<p>Combo de pince oculaire 2&Prime; avec quatre filetages de connexion.<br \/>\nL&rsquo;adaptateur offre une pince tr\u00e8s robuste de 2&Prime; pour les \u00e9l\u00e9ments suivants<br \/>\nT\u00e9lescopes&nbsp;:<br \/>\nFiletage M60 (pour les appareils Vixen)<br \/>\nFiletage M68 (pour le syst\u00e8me M68 de Baader et sur Zeiss)<br \/>\nFiletage 2,7&Prime; (pour les r\u00e9fracteurs Astro Physics)<br \/>\nFiletage interne M56 (pour r\u00e9fracteurs Celestron \/ Skywatcher \/ Orion).<br \/>\nFiletage c\u00f4t\u00e9 t\u00e9lescope : M60, M68, 2.7&Prime; (ext\u00e9rieur) et M56 (int\u00e9rieur)<br \/>\nC\u00f4t\u00e9 oculaire : prise 2&Prime; \u00e0 l&rsquo;int\u00e9rieur &#8211; serrage par 2 vis avec bague de serrage<br \/>\nFiletage c\u00f4t\u00e9 oculaire : M68<br \/>\nMoyens optiquement efficaces sur 2&Prime;:<br \/>\nA partir du filetage M56 &#8211; 27mm<br \/>\nFiletage M60 &#8211; 25mm<br \/>\nFiletage 2,7&Prime; &#8211; 12 mm (si vous retirez la bague M68)<br \/>\nA partir du filetage M68 &#8211; 18mm<\/p>\n","protected":false},"excerpt":{"rendered":"<p>Combo de pince oculaire 2&Prime; avec quatre filetages de connexion. L&rsquo;adaptateur offre une pince tr\u00e8s robuste de 2&Prime; pour les \u00e9l\u00e9ments suivants T\u00e9lescopes&nbsp;: Filetage M60 (pour les appareils Vixen) Filetage M68 (pour le syst\u00e8me M68 de Baader et sur Zeiss) Filetage 2,7&Prime; (pour les r\u00e9fracteurs Astro Physics) Filetage interne M56 (pour r\u00e9fracteurs Celestron \/ Skywatcher [&hellip;]<\/p>\n","protected":false},"featured_media":9214,"comment_status":"closed","ping_status":"open","template":"","meta":{"_acf_changed":false},"product_brand":[679],"product_cat":[1477,1339],"product_tag":[],"class_list":{"0":"post-59553","1":"product","2":"type-product","3":"status-publish","4":"has-post-thumbnail","6":"product_brand-baader","7":"product_cat-oculaires","8":"product_cat-optique","10":"first","11":"instock","12":"taxable","13":"shipping-taxable","14":"purchasable","15":"product-type-simple"},"acf":[],"_links":{"self":[{"href":"https:\/\/www.teleskopshop.ch\/fr\/wp-json\/wp\/v2\/product\/59553","targetHints":{"allow":["GET"]}}],"collection":[{"href":"https:\/\/www.teleskopshop.ch\/fr\/wp-json\/wp\/v2\/product"}],"about":[{"href":"https:\/\/www.teleskopshop.ch\/fr\/wp-json\/wp\/v2\/types\/product"}],"replies":[{"embeddable":true,"href":"https:\/\/www.teleskopshop.ch\/fr\/wp-json\/wp\/v2\/comments?post=59553"}],"wp:featuredmedia":[{"embeddable":true,"href":"https:\/\/www.teleskopshop.ch\/fr\/wp-json\/wp\/v2\/media\/9214"}],"wp:attachment":[{"href":"https:\/\/www.teleskopshop.ch\/fr\/wp-json\/wp\/v2\/media?parent=59553"}],"wp:term":[{"taxonomy":"product_brand","embeddable":true,"href":"https:\/\/www.teleskopshop.ch\/fr\/wp-json\/wp\/v2\/product_brand?post=59553"},{"taxonomy":"product_cat","embeddable":true,"href":"https:\/\/www.teleskopshop.ch\/fr\/wp-json\/wp\/v2\/product_cat?post=59553"},{"taxonomy":"product_tag","embeddable":true,"href":"https:\/\/www.teleskopshop.ch\/fr\/wp-json\/wp\/v2\/product_tag?post=59553"}],"curies":[{"name":"wp","href":"https:\/\/api.w.org\/{rel}","templated":true}]}}