{"id":59550,"date":"2023-12-18T00:00:00","date_gmt":"2023-12-17T23:00:00","guid":{"rendered":"https:\/\/2025.teleskopshop.ch\/shop\/non%20class\u00e9\/baader-gewindering-m48a-t-2i-29\/"},"modified":"2025-01-25T12:02:21","modified_gmt":"2025-01-25T11:02:21","slug":"baader-gewindering-m48a-t-2i-29","status":"publish","type":"product","link":"https:\/\/www.teleskopshop.ch\/fr\/shop\/optique\/extensions-optiques\/oculaires\/baader-gewindering-m48a-t-2i-29\/","title":{"rendered":"Bague filet\u00e9e Baader M48a\/T-2i #29"},"content":{"rendered":"<p>Anneau d&rsquo;extension T-2 femelle \/ M48 m\u00e2le (convertit M48 femelle. en T-2<br \/>\nfemelle).<br \/>\nL&rsquo;adaptateur peut \u00eatre ins\u00e9r\u00e9 dans le filetage du filtre 2&Prime; des adaptateurs ou oculaires 2&Prime;<br \/>\n\u00eatre viss\u00e9 et r\u00e9duit le filetage \u00e0 T2. Avec \u00e7a peut<br \/>\nfaire l&rsquo;adaptation \u00e0 un filetage ext\u00e9rieur T2.<br \/>\nFiletage int\u00e9rieur T2 (M42x0,75)<br \/>\nFiletage m\u00e2le M48 x 0,75 (filetage de filtre 2&Prime;)<br \/>\nLongueur totale seulement 3,5 mm<\/p>\n","protected":false},"excerpt":{"rendered":"<p>Anneau d&rsquo;extension T-2 femelle \/ M48 m\u00e2le (convertit M48 femelle. en T-2 femelle). L&rsquo;adaptateur peut \u00eatre ins\u00e9r\u00e9 dans le filetage du filtre 2&Prime; des adaptateurs ou oculaires 2&Prime; \u00eatre viss\u00e9 et r\u00e9duit le filetage \u00e0 T2. Avec \u00e7a peut faire l&rsquo;adaptation \u00e0 un filetage ext\u00e9rieur T2. Filetage int\u00e9rieur T2 (M42x0,75) Filetage m\u00e2le M48 x 0,75 [&hellip;]<\/p>\n","protected":false},"featured_media":9210,"comment_status":"closed","ping_status":"open","template":"","meta":{"_acf_changed":false},"product_brand":[679],"product_cat":[1477,1339],"product_tag":[],"class_list":{"0":"post-59550","1":"product","2":"type-product","3":"status-publish","4":"has-post-thumbnail","6":"product_brand-baader","7":"product_cat-oculaires","8":"product_cat-optique","10":"first","11":"instock","12":"taxable","13":"shipping-taxable","14":"purchasable","15":"product-type-simple"},"acf":[],"_links":{"self":[{"href":"https:\/\/www.teleskopshop.ch\/fr\/wp-json\/wp\/v2\/product\/59550","targetHints":{"allow":["GET"]}}],"collection":[{"href":"https:\/\/www.teleskopshop.ch\/fr\/wp-json\/wp\/v2\/product"}],"about":[{"href":"https:\/\/www.teleskopshop.ch\/fr\/wp-json\/wp\/v2\/types\/product"}],"replies":[{"embeddable":true,"href":"https:\/\/www.teleskopshop.ch\/fr\/wp-json\/wp\/v2\/comments?post=59550"}],"wp:featuredmedia":[{"embeddable":true,"href":"https:\/\/www.teleskopshop.ch\/fr\/wp-json\/wp\/v2\/media\/9210"}],"wp:attachment":[{"href":"https:\/\/www.teleskopshop.ch\/fr\/wp-json\/wp\/v2\/media?parent=59550"}],"wp:term":[{"taxonomy":"product_brand","embeddable":true,"href":"https:\/\/www.teleskopshop.ch\/fr\/wp-json\/wp\/v2\/product_brand?post=59550"},{"taxonomy":"product_cat","embeddable":true,"href":"https:\/\/www.teleskopshop.ch\/fr\/wp-json\/wp\/v2\/product_cat?post=59550"},{"taxonomy":"product_tag","embeddable":true,"href":"https:\/\/www.teleskopshop.ch\/fr\/wp-json\/wp\/v2\/product_tag?post=59550"}],"curies":[{"name":"wp","href":"https:\/\/api.w.org\/{rel}","templated":true}]}}