{"id":59544,"date":"2023-12-18T00:00:00","date_gmt":"2023-12-17T23:00:00","guid":{"rendered":"https:\/\/2025.teleskopshop.ch\/shop\/non%20class\u00e9\/baader-t-2-abstimmringeset-m-15-stck\/"},"modified":"2025-01-25T12:02:53","modified_gmt":"2025-01-25T11:02:53","slug":"baader-t-2-abstimmringeset-m-15-stck","status":"publish","type":"product","link":"https:\/\/www.teleskopshop.ch\/fr\/shop\/optique\/extensions-optiques\/oculaires\/baader-t-2-abstimmringeset-m-15-stck\/","title":{"rendered":"Bagues de r\u00e9glage Baader T-2, set m.15 pi\u00e8ces"},"content":{"rendered":"<p>T-2 Delrin Tuning Rings &#8211; Lot de 15&nbsp;: 5 forces diff\u00e9rentes<br \/>\n(0.6\/0.8\/1.0\/1.2\/1.4mm) avec trois anneaux par force.<br \/>\nCorrespondance de distance optimale entre la cam\u00e9ra et le guide hors axe lorsque<br \/>\nles deux sont viss\u00e9s. R\u00e9glage optimal de la position de<br \/>\nVis de serrage en pla\u00e7ant les bagues de r\u00e9glage en dessous. par un seul<br \/>\nAnneau entre les connexions T2 pour emp\u00eacher les fils de se tordre<br \/>\nloup vers le bas. Les filetages T2 trop longs peuvent \u00eatre raccourcis gr\u00e2ce aux bagues de r\u00e9glage<br \/>\nsera.<\/p>\n","protected":false},"excerpt":{"rendered":"<p>T-2 Delrin Tuning Rings &#8211; Lot de 15&nbsp;: 5 forces diff\u00e9rentes (0.6\/0.8\/1.0\/1.2\/1.4mm) avec trois anneaux par force. Correspondance de distance optimale entre la cam\u00e9ra et le guide hors axe lorsque les deux sont viss\u00e9s. R\u00e9glage optimal de la position de Vis de serrage en pla\u00e7ant les bagues de r\u00e9glage en dessous. par un seul Anneau [&hellip;]<\/p>\n","protected":false},"featured_media":9202,"comment_status":"closed","ping_status":"open","template":"","meta":{"_acf_changed":false},"product_brand":[679],"product_cat":[1477,1339],"product_tag":[],"class_list":{"0":"post-59544","1":"product","2":"type-product","3":"status-publish","4":"has-post-thumbnail","6":"product_brand-baader","7":"product_cat-oculaires","8":"product_cat-optique","10":"first","11":"instock","12":"taxable","13":"shipping-taxable","14":"purchasable","15":"product-type-simple"},"acf":[],"_links":{"self":[{"href":"https:\/\/www.teleskopshop.ch\/fr\/wp-json\/wp\/v2\/product\/59544","targetHints":{"allow":["GET"]}}],"collection":[{"href":"https:\/\/www.teleskopshop.ch\/fr\/wp-json\/wp\/v2\/product"}],"about":[{"href":"https:\/\/www.teleskopshop.ch\/fr\/wp-json\/wp\/v2\/types\/product"}],"replies":[{"embeddable":true,"href":"https:\/\/www.teleskopshop.ch\/fr\/wp-json\/wp\/v2\/comments?post=59544"}],"wp:featuredmedia":[{"embeddable":true,"href":"https:\/\/www.teleskopshop.ch\/fr\/wp-json\/wp\/v2\/media\/9202"}],"wp:attachment":[{"href":"https:\/\/www.teleskopshop.ch\/fr\/wp-json\/wp\/v2\/media?parent=59544"}],"wp:term":[{"taxonomy":"product_brand","embeddable":true,"href":"https:\/\/www.teleskopshop.ch\/fr\/wp-json\/wp\/v2\/product_brand?post=59544"},{"taxonomy":"product_cat","embeddable":true,"href":"https:\/\/www.teleskopshop.ch\/fr\/wp-json\/wp\/v2\/product_cat?post=59544"},{"taxonomy":"product_tag","embeddable":true,"href":"https:\/\/www.teleskopshop.ch\/fr\/wp-json\/wp\/v2\/product_tag?post=59544"}],"curies":[{"name":"wp","href":"https:\/\/api.w.org\/{rel}","templated":true}]}}