{"id":59541,"date":"2023-12-18T00:00:00","date_gmt":"2023-12-17T23:00:00","guid":{"rendered":"https:\/\/2025.teleskopshop.ch\/shop\/non%20class\u00e9\/baader-schiebefokussierer-24\/"},"modified":"2025-01-25T12:02:46","modified_gmt":"2025-01-25T11:02:46","slug":"baader-schiebefokussierer-24","status":"publish","type":"product","link":"https:\/\/www.teleskopshop.ch\/fr\/shop\/optique\/extensions-optiques\/oculaires\/baader-schiebefokussierer-24\/","title":{"rendered":"Porte-diapositive Baader #24"},"content":{"rendered":"<p>Porte-oculaire coulissant T2 pour oculaires 1,25&Prime; \/ course 10 mm.<br \/>\nLe porte-oculaire coulissant T2 est une extension T2 variable avec un<br \/>\nCourse de 11 mm. Il peut \u00e9galement accueillir des oculaires de 1,25&Prime; et sert ainsi de<br \/>\nBase pour un guidage hors axe variable. Un des deux<br \/>\nDes vis molet\u00e9es fixent la position de la mise au point coulissante. ils en ont un<br \/>\nPlage de r\u00e9glage de 11 mm. L&rsquo;autre vis molet\u00e9e fixe l&rsquo;oculaire<br \/>\ndans le porte-oculaire coulissant lorsqu&rsquo;il est utilis\u00e9 comme base pour une projection d&rsquo;oculaire<br \/>\nl&rsquo;adaptateur est utilis\u00e9. Le porte-oculaire coulissant T2 peut \u00e9galement \u00eatre utilis\u00e9 comme<br \/>\nune douille d&rsquo;extension T2 variable peut \u00eatre utilis\u00e9e. Optiquement efficace<br \/>\nLongueur totale de 27,5 mm \u00e0 38,5 mm (r\u00e9glable en continu) avec support<br \/>\npour oculaires de 1,25&Prime; (peut \u00eatre fix\u00e9).<br \/>\nC\u00f4t\u00e9 t\u00e9lescope : Filetage int\u00e9rieur T2<br \/>\nC\u00f4t\u00e9 cam\u00e9ra : Filetage ext\u00e9rieur T2<\/p>\n","protected":false},"excerpt":{"rendered":"<p>Porte-oculaire coulissant T2 pour oculaires 1,25&Prime; \/ course 10 mm. Le porte-oculaire coulissant T2 est une extension T2 variable avec un Course de 11 mm. Il peut \u00e9galement accueillir des oculaires de 1,25&Prime; et sert ainsi de Base pour un guidage hors axe variable. Un des deux Des vis molet\u00e9es fixent la position de la [&hellip;]<\/p>\n","protected":false},"featured_media":9198,"comment_status":"closed","ping_status":"open","template":"","meta":{"_acf_changed":false},"product_brand":[679],"product_cat":[1477,1339],"product_tag":[],"class_list":{"0":"post-59541","1":"product","2":"type-product","3":"status-publish","4":"has-post-thumbnail","6":"product_brand-baader","7":"product_cat-oculaires","8":"product_cat-optique","10":"first","11":"instock","12":"taxable","13":"shipping-taxable","14":"purchasable","15":"product-type-simple"},"acf":[],"_links":{"self":[{"href":"https:\/\/www.teleskopshop.ch\/fr\/wp-json\/wp\/v2\/product\/59541","targetHints":{"allow":["GET"]}}],"collection":[{"href":"https:\/\/www.teleskopshop.ch\/fr\/wp-json\/wp\/v2\/product"}],"about":[{"href":"https:\/\/www.teleskopshop.ch\/fr\/wp-json\/wp\/v2\/types\/product"}],"replies":[{"embeddable":true,"href":"https:\/\/www.teleskopshop.ch\/fr\/wp-json\/wp\/v2\/comments?post=59541"}],"wp:featuredmedia":[{"embeddable":true,"href":"https:\/\/www.teleskopshop.ch\/fr\/wp-json\/wp\/v2\/media\/9198"}],"wp:attachment":[{"href":"https:\/\/www.teleskopshop.ch\/fr\/wp-json\/wp\/v2\/media?parent=59541"}],"wp:term":[{"taxonomy":"product_brand","embeddable":true,"href":"https:\/\/www.teleskopshop.ch\/fr\/wp-json\/wp\/v2\/product_brand?post=59541"},{"taxonomy":"product_cat","embeddable":true,"href":"https:\/\/www.teleskopshop.ch\/fr\/wp-json\/wp\/v2\/product_cat?post=59541"},{"taxonomy":"product_tag","embeddable":true,"href":"https:\/\/www.teleskopshop.ch\/fr\/wp-json\/wp\/v2\/product_tag?post=59541"}],"curies":[{"name":"wp","href":"https:\/\/api.w.org\/{rel}","templated":true}]}}