{"id":59538,"date":"2023-12-18T00:00:00","date_gmt":"2023-12-17T23:00:00","guid":{"rendered":"https:\/\/2025.teleskopshop.ch\/shop\/non%20class\u00e9\/baader-t-2-wechselsystem-0607\/"},"modified":"2025-01-25T12:02:57","modified_gmt":"2025-01-25T11:02:57","slug":"baader-t-2-wechselsystem-0607","status":"publish","type":"product","link":"https:\/\/www.teleskopshop.ch\/fr\/shop\/optique\/extensions-optiques\/oculaires\/baader-t-2-wechselsystem-0607\/","title":{"rendered":"Syst\u00e8me de changement Baader T-2 #06+07"},"content":{"rendered":"<p>Syst\u00e8me de changement T-2 complet (compos\u00e9 du changeur T2-i #6 &amp;<br \/>\nchanger la bague #7).<br \/>\nLe syst\u00e8me de changement rapide T2 bien connu avec une capacit\u00e9 de charge \u00e9lev\u00e9e. Que<br \/>\nContrepartie, la bague de changement est en acier \u00e0 haute r\u00e9sistance.<br \/>\nLe syst\u00e8me de changement rapide offre une multitude d&rsquo;applications possibles<br \/>\net n&rsquo;a besoin que d&rsquo;un chemin optique de 15 mm. Il s&rsquo;adapte \u00e0 tous les T2<br \/>\nFiletage externe et se termine \u00e0 nouveau par un filetage externe T2.<br \/>\nChangement d&rsquo;accessoire en quelques secondes : vous pouvez \u00e9galement utiliser plusieurs<br \/>\nUtilisez des anneaux interchangeables. Alignement confortable gr\u00e2ce \u00e0 une rotation \u00e0 360\u00b0 : avec elle<br \/>\navoir toujours la bonne position de perspicacit\u00e9 &#8211; par exemple \u00e0<br \/>\njumelles.<br \/>\nFiletage c\u00f4t\u00e9 t\u00e9lescope : T2 \u00e0 l&rsquo;int\u00e9rieur<br \/>\nFiletage c\u00f4t\u00e9 oculaire : T2 ext\u00e9rieur<br \/>\nLongueur optiquement efficace : 15 mm<\/p>\n","protected":false},"excerpt":{"rendered":"<p>Syst\u00e8me de changement T-2 complet (compos\u00e9 du changeur T2-i #6 &amp; changer la bague #7). Le syst\u00e8me de changement rapide T2 bien connu avec une capacit\u00e9 de charge \u00e9lev\u00e9e. Que Contrepartie, la bague de changement est en acier \u00e0 haute r\u00e9sistance. Le syst\u00e8me de changement rapide offre une multitude d&rsquo;applications possibles et n&rsquo;a besoin que [&hellip;]<\/p>\n","protected":false},"featured_media":9182,"comment_status":"closed","ping_status":"open","template":"","meta":{"_acf_changed":false},"product_brand":[679],"product_cat":[1477,1339],"product_tag":[],"class_list":{"0":"post-59538","1":"product","2":"type-product","3":"status-publish","4":"has-post-thumbnail","6":"product_brand-baader","7":"product_cat-oculaires","8":"product_cat-optique","10":"first","11":"instock","12":"taxable","13":"shipping-taxable","14":"purchasable","15":"product-type-simple"},"acf":[],"_links":{"self":[{"href":"https:\/\/www.teleskopshop.ch\/fr\/wp-json\/wp\/v2\/product\/59538","targetHints":{"allow":["GET"]}}],"collection":[{"href":"https:\/\/www.teleskopshop.ch\/fr\/wp-json\/wp\/v2\/product"}],"about":[{"href":"https:\/\/www.teleskopshop.ch\/fr\/wp-json\/wp\/v2\/types\/product"}],"replies":[{"embeddable":true,"href":"https:\/\/www.teleskopshop.ch\/fr\/wp-json\/wp\/v2\/comments?post=59538"}],"wp:featuredmedia":[{"embeddable":true,"href":"https:\/\/www.teleskopshop.ch\/fr\/wp-json\/wp\/v2\/media\/9182"}],"wp:attachment":[{"href":"https:\/\/www.teleskopshop.ch\/fr\/wp-json\/wp\/v2\/media?parent=59538"}],"wp:term":[{"taxonomy":"product_brand","embeddable":true,"href":"https:\/\/www.teleskopshop.ch\/fr\/wp-json\/wp\/v2\/product_brand?post=59538"},{"taxonomy":"product_cat","embeddable":true,"href":"https:\/\/www.teleskopshop.ch\/fr\/wp-json\/wp\/v2\/product_cat?post=59538"},{"taxonomy":"product_tag","embeddable":true,"href":"https:\/\/www.teleskopshop.ch\/fr\/wp-json\/wp\/v2\/product_tag?post=59538"}],"curies":[{"name":"wp","href":"https:\/\/api.w.org\/{rel}","templated":true}]}}