{"id":59535,"date":"2023-12-18T00:00:00","date_gmt":"2023-12-17T23:00:00","guid":{"rendered":"https:\/\/2025.teleskopshop.ch\/shop\/non%20class\u00e9\/baader-t-2a-wechselring-07-quick\/"},"modified":"2025-01-25T12:02:59","modified_gmt":"2025-01-25T11:02:59","slug":"baader-t-2a-wechselring-07-quick","status":"publish","type":"product","link":"https:\/\/www.teleskopshop.ch\/fr\/shop\/optique\/extensions-optiques\/oculaires\/baader-t-2a-wechselring-07-quick\/","title":{"rendered":"Bague interchangeable Baader T-2a #07 Rapide"},"content":{"rendered":"<p>Bague \u00e0 changement rapide Baader TCR T-2 (acier \u00e0 outils tremp\u00e9), 4 mm<br \/>\nopt.length.<br \/>\nL&rsquo;anneau de changement est en acier \u00e0 haute r\u00e9sistance. Il est \u00e0 l&rsquo;oppos\u00e9 de<br \/>\nAdaptateur T2 \u00e0 l&rsquo;int\u00e9rieur vers ba\u00efonnette Zeiss \u00e0 l&rsquo;int\u00e9rieur. De la combinaison de<br \/>\nLes deux adaptateurs cr\u00e9ent le syst\u00e8me de changement rapide T2.<\/p>\n","protected":false},"excerpt":{"rendered":"<p>Bague \u00e0 changement rapide Baader TCR T-2 (acier \u00e0 outils tremp\u00e9), 4 mm opt.length. L&rsquo;anneau de changement est en acier \u00e0 haute r\u00e9sistance. Il est \u00e0 l&rsquo;oppos\u00e9 de Adaptateur T2 \u00e0 l&rsquo;int\u00e9rieur vers ba\u00efonnette Zeiss \u00e0 l&rsquo;int\u00e9rieur. De la combinaison de Les deux adaptateurs cr\u00e9ent le syst\u00e8me de changement rapide T2.<\/p>\n","protected":false},"featured_media":9178,"comment_status":"closed","ping_status":"open","template":"","meta":{"_acf_changed":false},"product_brand":[679],"product_cat":[1477,1339],"product_tag":[],"class_list":{"0":"post-59535","1":"product","2":"type-product","3":"status-publish","4":"has-post-thumbnail","6":"product_brand-baader","7":"product_cat-oculaires","8":"product_cat-optique","10":"first","11":"instock","12":"taxable","13":"shipping-taxable","14":"purchasable","15":"product-type-simple"},"acf":[],"_links":{"self":[{"href":"https:\/\/www.teleskopshop.ch\/fr\/wp-json\/wp\/v2\/product\/59535","targetHints":{"allow":["GET"]}}],"collection":[{"href":"https:\/\/www.teleskopshop.ch\/fr\/wp-json\/wp\/v2\/product"}],"about":[{"href":"https:\/\/www.teleskopshop.ch\/fr\/wp-json\/wp\/v2\/types\/product"}],"replies":[{"embeddable":true,"href":"https:\/\/www.teleskopshop.ch\/fr\/wp-json\/wp\/v2\/comments?post=59535"}],"wp:featuredmedia":[{"embeddable":true,"href":"https:\/\/www.teleskopshop.ch\/fr\/wp-json\/wp\/v2\/media\/9178"}],"wp:attachment":[{"href":"https:\/\/www.teleskopshop.ch\/fr\/wp-json\/wp\/v2\/media?parent=59535"}],"wp:term":[{"taxonomy":"product_brand","embeddable":true,"href":"https:\/\/www.teleskopshop.ch\/fr\/wp-json\/wp\/v2\/product_brand?post=59535"},{"taxonomy":"product_cat","embeddable":true,"href":"https:\/\/www.teleskopshop.ch\/fr\/wp-json\/wp\/v2\/product_cat?post=59535"},{"taxonomy":"product_tag","embeddable":true,"href":"https:\/\/www.teleskopshop.ch\/fr\/wp-json\/wp\/v2\/product_tag?post=59535"}],"curies":[{"name":"wp","href":"https:\/\/api.w.org\/{rel}","templated":true}]}}