{"id":59532,"date":"2023-12-18T00:00:00","date_gmt":"2023-12-17T23:00:00","guid":{"rendered":"https:\/\/2025.teleskopshop.ch\/shop\/non%20class\u00e9\/baader-t-2-schnellwechsler-zeiss-06\/"},"modified":"2025-01-25T12:02:54","modified_gmt":"2025-01-25T11:02:54","slug":"baader-t-2-schnellwechsler-zeiss-06","status":"publish","type":"product","link":"https:\/\/www.teleskopshop.ch\/fr\/shop\/optique\/extensions-optiques\/oculaires\/baader-t-2-schnellwechsler-zeiss-06\/","title":{"rendered":"Attache rapide Baader T-2 Zeiss #06"},"content":{"rendered":"<p>Attache rapide Baader T-2, micro ba\u00efonnette Zeiss \/ T-2i (ancienne conception).<br \/>\nL&rsquo;adaptateur permet de connecter la ba\u00efonnette Zeiss Micro au<br \/>\nFiletage m\u00e2le T2 des adaptateurs. La Zeiss Micro Bayonet est sous<br \/>\nd&rsquo;autres choses utilis\u00e9es sur les jumelles \u00e0 grand champ.<br \/>\nAvec la contrepartie, l&rsquo;adaptateur avec le Zeiss Micro Bayonet \u00e0 l&rsquo;ext\u00e9rieur<br \/>\n\u00e0 l&rsquo;ext\u00e9rieur du T2 se trouve le syst\u00e8me de changement rapide T2.<\/p>\n","protected":false},"excerpt":{"rendered":"<p>Attache rapide Baader T-2, micro ba\u00efonnette Zeiss \/ T-2i (ancienne conception). L&rsquo;adaptateur permet de connecter la ba\u00efonnette Zeiss Micro au Filetage m\u00e2le T2 des adaptateurs. La Zeiss Micro Bayonet est sous d&rsquo;autres choses utilis\u00e9es sur les jumelles \u00e0 grand champ. Avec la contrepartie, l&rsquo;adaptateur avec le Zeiss Micro Bayonet \u00e0 l&rsquo;ext\u00e9rieur \u00e0 l&rsquo;ext\u00e9rieur du T2 [&hellip;]<\/p>\n","protected":false},"featured_media":9174,"comment_status":"closed","ping_status":"open","template":"","meta":{"_acf_changed":false},"product_brand":[679],"product_cat":[1477,1339],"product_tag":[],"class_list":{"0":"post-59532","1":"product","2":"type-product","3":"status-publish","4":"has-post-thumbnail","6":"product_brand-baader","7":"product_cat-oculaires","8":"product_cat-optique","10":"first","11":"instock","12":"taxable","13":"shipping-taxable","14":"purchasable","15":"product-type-simple"},"acf":[],"_links":{"self":[{"href":"https:\/\/www.teleskopshop.ch\/fr\/wp-json\/wp\/v2\/product\/59532","targetHints":{"allow":["GET"]}}],"collection":[{"href":"https:\/\/www.teleskopshop.ch\/fr\/wp-json\/wp\/v2\/product"}],"about":[{"href":"https:\/\/www.teleskopshop.ch\/fr\/wp-json\/wp\/v2\/types\/product"}],"replies":[{"embeddable":true,"href":"https:\/\/www.teleskopshop.ch\/fr\/wp-json\/wp\/v2\/comments?post=59532"}],"wp:featuredmedia":[{"embeddable":true,"href":"https:\/\/www.teleskopshop.ch\/fr\/wp-json\/wp\/v2\/media\/9174"}],"wp:attachment":[{"href":"https:\/\/www.teleskopshop.ch\/fr\/wp-json\/wp\/v2\/media?parent=59532"}],"wp:term":[{"taxonomy":"product_brand","embeddable":true,"href":"https:\/\/www.teleskopshop.ch\/fr\/wp-json\/wp\/v2\/product_brand?post=59532"},{"taxonomy":"product_cat","embeddable":true,"href":"https:\/\/www.teleskopshop.ch\/fr\/wp-json\/wp\/v2\/product_cat?post=59532"},{"taxonomy":"product_tag","embeddable":true,"href":"https:\/\/www.teleskopshop.ch\/fr\/wp-json\/wp\/v2\/product_tag?post=59532"}],"curies":[{"name":"wp","href":"https:\/\/api.w.org\/{rel}","templated":true}]}}