{"id":59529,"date":"2023-12-18T00:00:00","date_gmt":"2023-12-17T23:00:00","guid":{"rendered":"https:\/\/2025.teleskopshop.ch\/shop\/non%20class\u00e9\/baader-reduzierstueck-1%c2%bc-24-5mm-10\/"},"modified":"2025-01-25T12:02:46","modified_gmt":"2025-01-25T11:02:46","slug":"baader-reduzierstueck-1%c2%bc-24-5mm-10","status":"publish","type":"product","link":"https:\/\/www.teleskopshop.ch\/fr\/shop\/optique\/extensions-optiques\/oculaires\/baader-reduzierstueck-1%c2%bc-24-5mm-10\/","title":{"rendered":"Baader r\u00e9ducteur 1\u00bc\u00a0\u00bb\/24.5mm #10"},"content":{"rendered":"<p>R\u00e9ducteur 1.25&Prime; \u00e0 24.5mm.<br \/>\nAvec ce r\u00e9ducteur, vous pouvez utiliser des oculaires avec une dimension d&rsquo;enfichage de 24,5 mm<br \/>\nUtilisez des r\u00e9ceptacles pour les accessoires de 1,25&Prime;. Cela peut vieillir, mais<br \/>\nUtilisez de bons oculaires sur les nouveaux t\u00e9lescopes au lieu de les mettre sous cocon<br \/>\nou \u00e0 vendre.<br \/>\nUn filetage de filtre permet l&rsquo;utilisation de filtres modernes de 1,25&Prime; et<br \/>\n\u00e9largit ainsi \u00e9norm\u00e9ment les possibilit\u00e9s.<br \/>\nDimension ext\u00e9rieure de la prise : 1,25&Prime;<br \/>\nTaille de la prise int\u00e9rieure 24,5 mm<br \/>\nrainure de verrouillage<br \/>\nSerrage par vis molet\u00e9e<\/p>\n","protected":false},"excerpt":{"rendered":"<p>R\u00e9ducteur 1.25&Prime; \u00e0 24.5mm. Avec ce r\u00e9ducteur, vous pouvez utiliser des oculaires avec une dimension d&rsquo;enfichage de 24,5 mm Utilisez des r\u00e9ceptacles pour les accessoires de 1,25&Prime;. Cela peut vieillir, mais Utilisez de bons oculaires sur les nouveaux t\u00e9lescopes au lieu de les mettre sous cocon ou \u00e0 vendre. Un filetage de filtre permet l&rsquo;utilisation [&hellip;]<\/p>\n","protected":false},"featured_media":9162,"comment_status":"closed","ping_status":"open","template":"","meta":{"_acf_changed":false},"product_brand":[679],"product_cat":[1477,1339],"product_tag":[],"class_list":{"0":"post-59529","1":"product","2":"type-product","3":"status-publish","4":"has-post-thumbnail","6":"product_brand-baader","7":"product_cat-oculaires","8":"product_cat-optique","10":"first","11":"instock","12":"taxable","13":"shipping-taxable","14":"purchasable","15":"product-type-simple"},"acf":[],"_links":{"self":[{"href":"https:\/\/www.teleskopshop.ch\/fr\/wp-json\/wp\/v2\/product\/59529","targetHints":{"allow":["GET"]}}],"collection":[{"href":"https:\/\/www.teleskopshop.ch\/fr\/wp-json\/wp\/v2\/product"}],"about":[{"href":"https:\/\/www.teleskopshop.ch\/fr\/wp-json\/wp\/v2\/types\/product"}],"replies":[{"embeddable":true,"href":"https:\/\/www.teleskopshop.ch\/fr\/wp-json\/wp\/v2\/comments?post=59529"}],"wp:featuredmedia":[{"embeddable":true,"href":"https:\/\/www.teleskopshop.ch\/fr\/wp-json\/wp\/v2\/media\/9162"}],"wp:attachment":[{"href":"https:\/\/www.teleskopshop.ch\/fr\/wp-json\/wp\/v2\/media?parent=59529"}],"wp:term":[{"taxonomy":"product_brand","embeddable":true,"href":"https:\/\/www.teleskopshop.ch\/fr\/wp-json\/wp\/v2\/product_brand?post=59529"},{"taxonomy":"product_cat","embeddable":true,"href":"https:\/\/www.teleskopshop.ch\/fr\/wp-json\/wp\/v2\/product_cat?post=59529"},{"taxonomy":"product_tag","embeddable":true,"href":"https:\/\/www.teleskopshop.ch\/fr\/wp-json\/wp\/v2\/product_tag?post=59529"}],"curies":[{"name":"wp","href":"https:\/\/api.w.org\/{rel}","templated":true}]}}