{"id":59517,"date":"2023-12-18T00:00:00","date_gmt":"2023-12-17T23:00:00","guid":{"rendered":"https:\/\/2025.teleskopshop.ch\/shop\/non%20class\u00e9\/baader-t2-2-steckadapter-16\/"},"modified":"2025-01-25T12:03:04","modified_gmt":"2025-01-25T11:03:04","slug":"baader-t2-2-steckadapter-16","status":"publish","type":"product","link":"https:\/\/www.teleskopshop.ch\/fr\/shop\/optique\/extensions-optiques\/oculaires\/baader-t2-2-steckadapter-16\/","title":{"rendered":"Adaptateur de prise Baader T2\/2&Prime; #16"},"content":{"rendered":"<p>Adaptateur photo T-2 avec filetage int\u00e9rieur 2&Prime;<br \/>\nDiam\u00e8tre ext\u00e9rieur de 2&Prime; c\u00f4t\u00e9 t\u00e9lescope, T-2 et M48 c\u00f4t\u00e9 mise au point<br \/>\nFiletage externe (longueur optique effective seulement 2,5 mm)<br \/>\nC\u00f4t\u00e9 t\u00e9lescope avec filetage de filtre de 48 mm pour filtres de couleur et de n\u00e9buleuse de 2 \u00ab\u00a0et<br \/>\navec rainure de s\u00e9curit\u00e9 sur le diam\u00e8tre ext\u00e9rieur de 2\u00a0\u00bb &#8211; donc aussi le plus lourd<br \/>\nLes accessoires ne peuvent pas tomber au sol !<\/p>\n","protected":false},"excerpt":{"rendered":"<p>Adaptateur photo T-2 avec filetage int\u00e9rieur 2&Prime; Diam\u00e8tre ext\u00e9rieur de 2&Prime; c\u00f4t\u00e9 t\u00e9lescope, T-2 et M48 c\u00f4t\u00e9 mise au point Filetage externe (longueur optique effective seulement 2,5 mm) C\u00f4t\u00e9 t\u00e9lescope avec filetage de filtre de 48 mm pour filtres de couleur et de n\u00e9buleuse de 2 \u00ab\u00a0et avec rainure de s\u00e9curit\u00e9 sur le diam\u00e8tre ext\u00e9rieur [&hellip;]<\/p>\n","protected":false},"featured_media":9146,"comment_status":"closed","ping_status":"open","template":"","meta":{"_acf_changed":false},"product_brand":[679],"product_cat":[1477,1339],"product_tag":[],"class_list":{"0":"post-59517","1":"product","2":"type-product","3":"status-publish","4":"has-post-thumbnail","6":"product_brand-baader","7":"product_cat-oculaires","8":"product_cat-optique","10":"first","11":"instock","12":"taxable","13":"shipping-taxable","14":"purchasable","15":"product-type-simple"},"acf":[],"_links":{"self":[{"href":"https:\/\/www.teleskopshop.ch\/fr\/wp-json\/wp\/v2\/product\/59517","targetHints":{"allow":["GET"]}}],"collection":[{"href":"https:\/\/www.teleskopshop.ch\/fr\/wp-json\/wp\/v2\/product"}],"about":[{"href":"https:\/\/www.teleskopshop.ch\/fr\/wp-json\/wp\/v2\/types\/product"}],"replies":[{"embeddable":true,"href":"https:\/\/www.teleskopshop.ch\/fr\/wp-json\/wp\/v2\/comments?post=59517"}],"wp:featuredmedia":[{"embeddable":true,"href":"https:\/\/www.teleskopshop.ch\/fr\/wp-json\/wp\/v2\/media\/9146"}],"wp:attachment":[{"href":"https:\/\/www.teleskopshop.ch\/fr\/wp-json\/wp\/v2\/media?parent=59517"}],"wp:term":[{"taxonomy":"product_brand","embeddable":true,"href":"https:\/\/www.teleskopshop.ch\/fr\/wp-json\/wp\/v2\/product_brand?post=59517"},{"taxonomy":"product_cat","embeddable":true,"href":"https:\/\/www.teleskopshop.ch\/fr\/wp-json\/wp\/v2\/product_cat?post=59517"},{"taxonomy":"product_tag","embeddable":true,"href":"https:\/\/www.teleskopshop.ch\/fr\/wp-json\/wp\/v2\/product_tag?post=59517"}],"curies":[{"name":"wp","href":"https:\/\/api.w.org\/{rel}","templated":true}]}}