{"id":59514,"date":"2023-12-18T00:00:00","date_gmt":"2023-12-17T23:00:00","guid":{"rendered":"https:\/\/2025.teleskopshop.ch\/shop\/non%20class\u00e9\/baader-fr-4-ccd-stellring-1%c2%bc-30\/"},"modified":"2025-01-25T12:02:20","modified_gmt":"2025-01-25T11:02:20","slug":"baader-fr-4-ccd-stellring-1%c2%bc-30","status":"publish","type":"product","link":"https:\/\/www.teleskopshop.ch\/fr\/shop\/optique\/extensions-optiques\/oculaires\/baader-fr-4-ccd-stellring-1%c2%bc-30\/","title":{"rendered":"Collier Baader FR-4 CCD 1\u00bc\u00a0\u00bb #30"},"content":{"rendered":"<p>FR-4&nbsp;: bague d&rsquo;arr\u00eat de 1\u00bc\u00a0\u00bb pour glisser sur les barillets d&rsquo;oculaires de 1\u00bc\u00a0\u00bb.<br \/>\nAnneau de r\u00e9glage ou anneau de verrouillage pour prises de 1,25&Prime; (1901531 #30)<br \/>\nLa bague de r\u00e9glage est fix\u00e9e via le canon de 1,25&Prime; d&rsquo;un oculaire ou<br \/>\nadaptateur et serr\u00e9 avec les deux vis molet\u00e9es. Pour<br \/>\ngarantit que la m\u00eame position de mise au point est toujours atteinte<br \/>\nsera.<\/p>\n","protected":false},"excerpt":{"rendered":"<p>FR-4&nbsp;: bague d&rsquo;arr\u00eat de 1\u00bc\u00a0\u00bb pour glisser sur les barillets d&rsquo;oculaires de 1\u00bc\u00a0\u00bb. Anneau de r\u00e9glage ou anneau de verrouillage pour prises de 1,25&Prime; (1901531 #30) La bague de r\u00e9glage est fix\u00e9e via le canon de 1,25&Prime; d&rsquo;un oculaire ou adaptateur et serr\u00e9 avec les deux vis molet\u00e9es. Pour garantit que la m\u00eame position de [&hellip;]<\/p>\n","protected":false},"featured_media":9142,"comment_status":"closed","ping_status":"open","template":"","meta":{"_acf_changed":false},"product_brand":[679],"product_cat":[1477,1339],"product_tag":[],"class_list":{"0":"post-59514","1":"product","2":"type-product","3":"status-publish","4":"has-post-thumbnail","6":"product_brand-baader","7":"product_cat-oculaires","8":"product_cat-optique","10":"first","11":"instock","12":"taxable","13":"shipping-taxable","14":"purchasable","15":"product-type-simple"},"acf":[],"_links":{"self":[{"href":"https:\/\/www.teleskopshop.ch\/fr\/wp-json\/wp\/v2\/product\/59514","targetHints":{"allow":["GET"]}}],"collection":[{"href":"https:\/\/www.teleskopshop.ch\/fr\/wp-json\/wp\/v2\/product"}],"about":[{"href":"https:\/\/www.teleskopshop.ch\/fr\/wp-json\/wp\/v2\/types\/product"}],"replies":[{"embeddable":true,"href":"https:\/\/www.teleskopshop.ch\/fr\/wp-json\/wp\/v2\/comments?post=59514"}],"wp:featuredmedia":[{"embeddable":true,"href":"https:\/\/www.teleskopshop.ch\/fr\/wp-json\/wp\/v2\/media\/9142"}],"wp:attachment":[{"href":"https:\/\/www.teleskopshop.ch\/fr\/wp-json\/wp\/v2\/media?parent=59514"}],"wp:term":[{"taxonomy":"product_brand","embeddable":true,"href":"https:\/\/www.teleskopshop.ch\/fr\/wp-json\/wp\/v2\/product_brand?post=59514"},{"taxonomy":"product_cat","embeddable":true,"href":"https:\/\/www.teleskopshop.ch\/fr\/wp-json\/wp\/v2\/product_cat?post=59514"},{"taxonomy":"product_tag","embeddable":true,"href":"https:\/\/www.teleskopshop.ch\/fr\/wp-json\/wp\/v2\/product_tag?post=59514"}],"curies":[{"name":"wp","href":"https:\/\/api.w.org\/{rel}","templated":true}]}}