{"id":59511,"date":"2023-12-18T00:00:00","date_gmt":"2023-12-17T23:00:00","guid":{"rendered":"https:\/\/2025.teleskopshop.ch\/shop\/non%20class\u00e9\/baader-t-2-zwischenring-7-5mm-25-c\/"},"modified":"2025-01-25T12:02:57","modified_gmt":"2025-01-25T11:02:57","slug":"baader-t-2-zwischenring-7-5mm-25-c","status":"publish","type":"product","link":"https:\/\/www.teleskopshop.ch\/fr\/shop\/optique\/extensions-optiques\/oculaires\/baader-t-2-zwischenring-7-5mm-25-c\/","title":{"rendered":"Bague interm\u00e9diaire Baader T-2 7.5mm # 25-C"},"content":{"rendered":"<p>Tube prolongateur T-2 \/ 7,5 mm (longueur optique 7,5 mm).<br \/>\nCe tube d&rsquo;extension ajoute 7,5 mm au chemin optique. elle peut<br \/>\n\u00eatre utilis\u00e9 par exemple dans la projection oculaire.<br \/>\nConnexion T2 et ouverture libre de 37,5 mm des deux c\u00f4t\u00e9s.<br \/>\nLa version en aluminium est anodis\u00e9e noire \u00e0 l&rsquo;int\u00e9rieur et \u00e0 l&rsquo;ext\u00e9rieur.<\/p>\n","protected":false},"excerpt":{"rendered":"<p>Tube prolongateur T-2 \/ 7,5 mm (longueur optique 7,5 mm). Ce tube d&rsquo;extension ajoute 7,5 mm au chemin optique. elle peut \u00eatre utilis\u00e9 par exemple dans la projection oculaire. Connexion T2 et ouverture libre de 37,5 mm des deux c\u00f4t\u00e9s. La version en aluminium est anodis\u00e9e noire \u00e0 l&rsquo;int\u00e9rieur et \u00e0 l&rsquo;ext\u00e9rieur.<\/p>\n","protected":false},"featured_media":9138,"comment_status":"closed","ping_status":"open","template":"","meta":{"_acf_changed":false},"product_brand":[679],"product_cat":[1477,1339],"product_tag":[],"class_list":{"0":"post-59511","1":"product","2":"type-product","3":"status-publish","4":"has-post-thumbnail","6":"product_brand-baader","7":"product_cat-oculaires","8":"product_cat-optique","10":"first","11":"instock","12":"taxable","13":"shipping-taxable","14":"purchasable","15":"product-type-simple"},"acf":[],"_links":{"self":[{"href":"https:\/\/www.teleskopshop.ch\/fr\/wp-json\/wp\/v2\/product\/59511","targetHints":{"allow":["GET"]}}],"collection":[{"href":"https:\/\/www.teleskopshop.ch\/fr\/wp-json\/wp\/v2\/product"}],"about":[{"href":"https:\/\/www.teleskopshop.ch\/fr\/wp-json\/wp\/v2\/types\/product"}],"replies":[{"embeddable":true,"href":"https:\/\/www.teleskopshop.ch\/fr\/wp-json\/wp\/v2\/comments?post=59511"}],"wp:featuredmedia":[{"embeddable":true,"href":"https:\/\/www.teleskopshop.ch\/fr\/wp-json\/wp\/v2\/media\/9138"}],"wp:attachment":[{"href":"https:\/\/www.teleskopshop.ch\/fr\/wp-json\/wp\/v2\/media?parent=59511"}],"wp:term":[{"taxonomy":"product_brand","embeddable":true,"href":"https:\/\/www.teleskopshop.ch\/fr\/wp-json\/wp\/v2\/product_brand?post=59511"},{"taxonomy":"product_cat","embeddable":true,"href":"https:\/\/www.teleskopshop.ch\/fr\/wp-json\/wp\/v2\/product_cat?post=59511"},{"taxonomy":"product_tag","embeddable":true,"href":"https:\/\/www.teleskopshop.ch\/fr\/wp-json\/wp\/v2\/product_tag?post=59511"}],"curies":[{"name":"wp","href":"https:\/\/api.w.org\/{rel}","templated":true}]}}