{"id":59502,"date":"2023-12-18T00:00:00","date_gmt":"2023-12-17T23:00:00","guid":{"rendered":"https:\/\/2025.teleskopshop.ch\/shop\/non%20class\u00e9\/baader-m44-t2-innengewinde-adapter-09\/"},"modified":"2025-01-25T12:02:32","modified_gmt":"2025-01-25T11:02:32","slug":"baader-m44-t2-innengewinde-adapter-09","status":"publish","type":"product","link":"https:\/\/www.teleskopshop.ch\/fr\/shop\/optique\/extensions-optiques\/oculaires\/baader-m44-t2-innengewinde-adapter-09\/","title":{"rendered":"Adaptateur de filetage int\u00e9rieur Baader M44\/T2 09"},"content":{"rendered":"<p>Adaptateur M44\/T-2 (combinaison de filetage Zeiss M44 femelle et T-2 femelle).<br \/>\nL&rsquo;adaptateur permet d&rsquo;utiliser des appareils avec un filetage ext\u00e9rieur T2 ou<br \/>\nAdaptateur avec filetage externe T2 pour connecter les accessoires Zeiss. Le Zeiss<br \/>\nLes accessoires ont toujours un filetage ext\u00e9rieur M44x1 c\u00f4t\u00e9 t\u00e9lescope.<br \/>\nLongueur totale effective : 14 mm<\/p>\n","protected":false},"excerpt":{"rendered":"<p>Adaptateur M44\/T-2 (combinaison de filetage Zeiss M44 femelle et T-2 femelle). L&rsquo;adaptateur permet d&rsquo;utiliser des appareils avec un filetage ext\u00e9rieur T2 ou Adaptateur avec filetage externe T2 pour connecter les accessoires Zeiss. Le Zeiss Les accessoires ont toujours un filetage ext\u00e9rieur M44x1 c\u00f4t\u00e9 t\u00e9lescope. Longueur totale effective : 14 mm<\/p>\n","protected":false},"featured_media":9126,"comment_status":"closed","ping_status":"open","template":"","meta":{"_acf_changed":false},"product_brand":[679],"product_cat":[1477,1339],"product_tag":[],"class_list":{"0":"post-59502","1":"product","2":"type-product","3":"status-publish","4":"has-post-thumbnail","6":"product_brand-baader","7":"product_cat-oculaires","8":"product_cat-optique","10":"first","11":"instock","12":"taxable","13":"shipping-taxable","14":"purchasable","15":"product-type-simple"},"acf":[],"_links":{"self":[{"href":"https:\/\/www.teleskopshop.ch\/fr\/wp-json\/wp\/v2\/product\/59502","targetHints":{"allow":["GET"]}}],"collection":[{"href":"https:\/\/www.teleskopshop.ch\/fr\/wp-json\/wp\/v2\/product"}],"about":[{"href":"https:\/\/www.teleskopshop.ch\/fr\/wp-json\/wp\/v2\/types\/product"}],"replies":[{"embeddable":true,"href":"https:\/\/www.teleskopshop.ch\/fr\/wp-json\/wp\/v2\/comments?post=59502"}],"wp:featuredmedia":[{"embeddable":true,"href":"https:\/\/www.teleskopshop.ch\/fr\/wp-json\/wp\/v2\/media\/9126"}],"wp:attachment":[{"href":"https:\/\/www.teleskopshop.ch\/fr\/wp-json\/wp\/v2\/media?parent=59502"}],"wp:term":[{"taxonomy":"product_brand","embeddable":true,"href":"https:\/\/www.teleskopshop.ch\/fr\/wp-json\/wp\/v2\/product_brand?post=59502"},{"taxonomy":"product_cat","embeddable":true,"href":"https:\/\/www.teleskopshop.ch\/fr\/wp-json\/wp\/v2\/product_cat?post=59502"},{"taxonomy":"product_tag","embeddable":true,"href":"https:\/\/www.teleskopshop.ch\/fr\/wp-json\/wp\/v2\/product_tag?post=59502"}],"curies":[{"name":"wp","href":"https:\/\/api.w.org\/{rel}","templated":true}]}}