{"id":59499,"date":"2023-12-18T00:00:00","date_gmt":"2023-12-17T23:00:00","guid":{"rendered":"https:\/\/2025.teleskopshop.ch\/shop\/non%20class\u00e9\/baader-gewindeadapter-43a-t-2a-22\/"},"modified":"2025-01-25T12:02:20","modified_gmt":"2025-01-25T11:02:20","slug":"baader-gewindeadapter-43a-t-2a-22","status":"publish","type":"product","link":"https:\/\/www.teleskopshop.ch\/fr\/shop\/optique\/extensions-optiques\/oculaires\/baader-gewindeadapter-43a-t-2a-22\/","title":{"rendered":"Adaptateur de filetage Baader 43a\/T-2a #22"},"content":{"rendered":"<p>Adaptateur Vixen : Filetage m\u00e2le M 43&#215;1 &#8211; Filetage m\u00e2le T2 (1508037 &#8211; #22)<br \/>\nUn adaptateur tr\u00e8s court vers le filetage m\u00e2le T2 pour les appareils,<br \/>\nqui ont le filetage interne M43 x 1 mm du c\u00f4t\u00e9 de l&rsquo;oculaire. Vers le T2<br \/>\nLes filetages s&rsquo;adaptent alors \u00e0 tous les adaptateurs T2 courants.<br \/>\nFiletage m\u00e2le M43 x 1<br \/>\nFiletage externe T2<br \/>\nlongueur effective seulement 2,5 mm<\/p>\n","protected":false},"excerpt":{"rendered":"<p>Adaptateur Vixen : Filetage m\u00e2le M 43&#215;1 &#8211; Filetage m\u00e2le T2 (1508037 &#8211; #22) Un adaptateur tr\u00e8s court vers le filetage m\u00e2le T2 pour les appareils, qui ont le filetage interne M43 x 1 mm du c\u00f4t\u00e9 de l&rsquo;oculaire. Vers le T2 Les filetages s&rsquo;adaptent alors \u00e0 tous les adaptateurs T2 courants. Filetage m\u00e2le M43 [&hellip;]<\/p>\n","protected":false},"featured_media":9122,"comment_status":"closed","ping_status":"open","template":"","meta":{"_acf_changed":false},"product_brand":[679],"product_cat":[1477,1339],"product_tag":[],"class_list":{"0":"post-59499","1":"product","2":"type-product","3":"status-publish","4":"has-post-thumbnail","6":"product_brand-baader","7":"product_cat-oculaires","8":"product_cat-optique","10":"first","11":"instock","12":"taxable","13":"shipping-taxable","14":"purchasable","15":"product-type-simple"},"acf":[],"_links":{"self":[{"href":"https:\/\/www.teleskopshop.ch\/fr\/wp-json\/wp\/v2\/product\/59499","targetHints":{"allow":["GET"]}}],"collection":[{"href":"https:\/\/www.teleskopshop.ch\/fr\/wp-json\/wp\/v2\/product"}],"about":[{"href":"https:\/\/www.teleskopshop.ch\/fr\/wp-json\/wp\/v2\/types\/product"}],"replies":[{"embeddable":true,"href":"https:\/\/www.teleskopshop.ch\/fr\/wp-json\/wp\/v2\/comments?post=59499"}],"wp:featuredmedia":[{"embeddable":true,"href":"https:\/\/www.teleskopshop.ch\/fr\/wp-json\/wp\/v2\/media\/9122"}],"wp:attachment":[{"href":"https:\/\/www.teleskopshop.ch\/fr\/wp-json\/wp\/v2\/media?parent=59499"}],"wp:term":[{"taxonomy":"product_brand","embeddable":true,"href":"https:\/\/www.teleskopshop.ch\/fr\/wp-json\/wp\/v2\/product_brand?post=59499"},{"taxonomy":"product_cat","embeddable":true,"href":"https:\/\/www.teleskopshop.ch\/fr\/wp-json\/wp\/v2\/product_cat?post=59499"},{"taxonomy":"product_tag","embeddable":true,"href":"https:\/\/www.teleskopshop.ch\/fr\/wp-json\/wp\/v2\/product_tag?post=59499"}],"curies":[{"name":"wp","href":"https:\/\/api.w.org\/{rel}","templated":true}]}}