{"id":59496,"date":"2023-12-18T00:00:00","date_gmt":"2023-12-17T23:00:00","guid":{"rendered":"https:\/\/2025.teleskopshop.ch\/shop\/non%20class\u00e9\/baader-adapter-2-a-t-2-m-m48-27\/"},"modified":"2025-01-25T12:01:04","modified_gmt":"2025-01-25T11:01:04","slug":"baader-adapter-2-a-t-2-m-m48-27","status":"publish","type":"product","link":"https:\/\/www.teleskopshop.ch\/fr\/shop\/optique\/extensions-optiques\/oculaires\/baader-adapter-2-a-t-2-m-m48-27\/","title":{"rendered":"Adaptateur Baader 2&Prime; a\/T-2 avec M48 #27"},"content":{"rendered":"<p>Adaptateur 2&Prime; (m\u00e2le) \/ T-2 (m\u00e2le), avec filetage int\u00e9rieur M48 &#8211; pour 2&Prime;<br \/>\nFiltre oculaire &#8211; comme connexion directe pour les anneaux en T DSLR au bo\u00eetier<br \/>\n\u00e0 partir d&rsquo;un prisme Herschel 2&Prime; ou d&rsquo;un prisme\/miroir diagonal Maxbright 2&Prime; Baader<\/p>\n","protected":false},"excerpt":{"rendered":"<p>Adaptateur 2&Prime; (m\u00e2le) \/ T-2 (m\u00e2le), avec filetage int\u00e9rieur M48 &#8211; pour 2&Prime; Filtre oculaire &#8211; comme connexion directe pour les anneaux en T DSLR au bo\u00eetier \u00e0 partir d&rsquo;un prisme Herschel 2&Prime; ou d&rsquo;un prisme\/miroir diagonal Maxbright 2&Prime; Baader<\/p>\n","protected":false},"featured_media":9118,"comment_status":"closed","ping_status":"open","template":"","meta":{"_acf_changed":false},"product_brand":[679],"product_cat":[1477,1339],"product_tag":[],"class_list":{"0":"post-59496","1":"product","2":"type-product","3":"status-publish","4":"has-post-thumbnail","6":"product_brand-baader","7":"product_cat-oculaires","8":"product_cat-optique","10":"first","11":"instock","12":"taxable","13":"shipping-taxable","14":"purchasable","15":"product-type-simple"},"acf":[],"_links":{"self":[{"href":"https:\/\/www.teleskopshop.ch\/fr\/wp-json\/wp\/v2\/product\/59496","targetHints":{"allow":["GET"]}}],"collection":[{"href":"https:\/\/www.teleskopshop.ch\/fr\/wp-json\/wp\/v2\/product"}],"about":[{"href":"https:\/\/www.teleskopshop.ch\/fr\/wp-json\/wp\/v2\/types\/product"}],"replies":[{"embeddable":true,"href":"https:\/\/www.teleskopshop.ch\/fr\/wp-json\/wp\/v2\/comments?post=59496"}],"wp:featuredmedia":[{"embeddable":true,"href":"https:\/\/www.teleskopshop.ch\/fr\/wp-json\/wp\/v2\/media\/9118"}],"wp:attachment":[{"href":"https:\/\/www.teleskopshop.ch\/fr\/wp-json\/wp\/v2\/media?parent=59496"}],"wp:term":[{"taxonomy":"product_brand","embeddable":true,"href":"https:\/\/www.teleskopshop.ch\/fr\/wp-json\/wp\/v2\/product_brand?post=59496"},{"taxonomy":"product_cat","embeddable":true,"href":"https:\/\/www.teleskopshop.ch\/fr\/wp-json\/wp\/v2\/product_cat?post=59496"},{"taxonomy":"product_tag","embeddable":true,"href":"https:\/\/www.teleskopshop.ch\/fr\/wp-json\/wp\/v2\/product_tag?post=59496"}],"curies":[{"name":"wp","href":"https:\/\/api.w.org\/{rel}","templated":true}]}}