{"id":59493,"date":"2023-12-18T00:00:00","date_gmt":"2023-12-17T23:00:00","guid":{"rendered":"https:\/\/2025.teleskopshop.ch\/shop\/non%20class\u00e9\/baader-t-2-okularfilterhalter-1-1-4-31\/"},"modified":"2025-01-25T12:02:55","modified_gmt":"2025-01-25T11:02:55","slug":"baader-t-2-okularfilterhalter-1-1-4-31","status":"publish","type":"product","link":"https:\/\/www.teleskopshop.ch\/fr\/shop\/optique\/extensions-optiques\/oculaires\/baader-t-2-okularfilterhalter-1-1-4-31\/","title":{"rendered":"Baader T-2 porte-filtre oculaire 1 1\/4 31"},"content":{"rendered":"<p>Adaptateur : T2 ext\u00e9rieur des deux c\u00f4t\u00e9s &#8211; avec filetage de filtre 1,25&Prime;.<br \/>\nPhotographie CCD &#8211; quand chaque millim\u00e8tre de chemin optique compte et<br \/>\nl&rsquo;adaptation ne permet pas la possibilit\u00e9 de fixation du filtre. Tu peux<br \/>\nPar exemple, cet adaptateur directement dans le filetage T2 des cam\u00e9ras CCD refroidies<br \/>\nTourner (comme ATIK) et peut mettre un filtre directement devant le<br \/>\npuce de positionnement.<br \/>\nLongueur : 10 mm<\/p>\n","protected":false},"excerpt":{"rendered":"<p>Adaptateur : T2 ext\u00e9rieur des deux c\u00f4t\u00e9s &#8211; avec filetage de filtre 1,25&Prime;. Photographie CCD &#8211; quand chaque millim\u00e8tre de chemin optique compte et l&rsquo;adaptation ne permet pas la possibilit\u00e9 de fixation du filtre. Tu peux Par exemple, cet adaptateur directement dans le filetage T2 des cam\u00e9ras CCD refroidies Tourner (comme ATIK) et peut mettre [&hellip;]<\/p>\n","protected":false},"featured_media":9114,"comment_status":"closed","ping_status":"open","template":"","meta":{"_acf_changed":false},"product_brand":[679],"product_cat":[1477,1339],"product_tag":[],"class_list":{"0":"post-59493","1":"product","2":"type-product","3":"status-publish","4":"has-post-thumbnail","6":"product_brand-baader","7":"product_cat-oculaires","8":"product_cat-optique","10":"first","11":"instock","12":"taxable","13":"shipping-taxable","14":"purchasable","15":"product-type-simple"},"acf":[],"_links":{"self":[{"href":"https:\/\/www.teleskopshop.ch\/fr\/wp-json\/wp\/v2\/product\/59493","targetHints":{"allow":["GET"]}}],"collection":[{"href":"https:\/\/www.teleskopshop.ch\/fr\/wp-json\/wp\/v2\/product"}],"about":[{"href":"https:\/\/www.teleskopshop.ch\/fr\/wp-json\/wp\/v2\/types\/product"}],"replies":[{"embeddable":true,"href":"https:\/\/www.teleskopshop.ch\/fr\/wp-json\/wp\/v2\/comments?post=59493"}],"wp:featuredmedia":[{"embeddable":true,"href":"https:\/\/www.teleskopshop.ch\/fr\/wp-json\/wp\/v2\/media\/9114"}],"wp:attachment":[{"href":"https:\/\/www.teleskopshop.ch\/fr\/wp-json\/wp\/v2\/media?parent=59493"}],"wp:term":[{"taxonomy":"product_brand","embeddable":true,"href":"https:\/\/www.teleskopshop.ch\/fr\/wp-json\/wp\/v2\/product_brand?post=59493"},{"taxonomy":"product_cat","embeddable":true,"href":"https:\/\/www.teleskopshop.ch\/fr\/wp-json\/wp\/v2\/product_cat?post=59493"},{"taxonomy":"product_tag","embeddable":true,"href":"https:\/\/www.teleskopshop.ch\/fr\/wp-json\/wp\/v2\/product_tag?post=59493"}],"curies":[{"name":"wp","href":"https:\/\/api.w.org\/{rel}","templated":true}]}}