{"id":59487,"date":"2023-12-18T00:00:00","date_gmt":"2023-12-17T23:00:00","guid":{"rendered":"https:\/\/2025.teleskopshop.ch\/shop\/non%20class\u00e9\/baader-2-umkehrring-48mm-fuer-2-filter\/"},"modified":"2025-01-25T12:01:01","modified_gmt":"2025-01-25T11:01:01","slug":"baader-2-umkehrring-48mm-fuer-2-filter","status":"publish","type":"product","link":"https:\/\/www.teleskopshop.ch\/fr\/shop\/optique\/extensions-optiques\/oculaires\/baader-2-umkehrring-48mm-fuer-2-filter\/","title":{"rendered":"Bague d&rsquo;inversion Baader 2&Prime; 48mm pour 2 filtres"},"content":{"rendered":"<p>La bague d&rsquo;inversion Baader 2&Prime; convertit un filetage interne SC en SC<br \/>\nfiletage externe et offre un logement pour les filtres de 2&Prime;. (convertit<br \/>\nFiletage 2&Prime; femelle dans 2&Prime; m\u00e2le.) L&rsquo;adaptateur offre une \u00e9l\u00e9gante<br \/>\nPossibilit\u00e9 d&rsquo;int\u00e9grer des filtres pour gagner de la place.<br \/>\nUn autre domaine d&rsquo;application est l&rsquo;adaptation d&rsquo;accessoires avec SC 2&Prime;<br \/>\nFil vers une adaptation M48.<br \/>\nLongueur totale optiquement efficace : 0 mm<br \/>\nFiletage interne Filetage de filtre M48x0,75 &#8211; pour filtres 2&Prime;<\/p>\n","protected":false},"excerpt":{"rendered":"<p>La bague d&rsquo;inversion Baader 2&Prime; convertit un filetage interne SC en SC filetage externe et offre un logement pour les filtres de 2&Prime;. (convertit Filetage 2&Prime; femelle dans 2&Prime; m\u00e2le.) L&rsquo;adaptateur offre une \u00e9l\u00e9gante Possibilit\u00e9 d&rsquo;int\u00e9grer des filtres pour gagner de la place. Un autre domaine d&rsquo;application est l&rsquo;adaptation d&rsquo;accessoires avec SC 2&Prime; Fil vers [&hellip;]<\/p>\n","protected":false},"featured_media":9106,"comment_status":"closed","ping_status":"open","template":"","meta":{"_acf_changed":false},"product_brand":[679],"product_cat":[1477,1339],"product_tag":[],"class_list":{"0":"post-59487","1":"product","2":"type-product","3":"status-publish","4":"has-post-thumbnail","6":"product_brand-baader","7":"product_cat-oculaires","8":"product_cat-optique","10":"first","11":"instock","12":"taxable","13":"shipping-taxable","14":"purchasable","15":"product-type-simple"},"acf":[],"_links":{"self":[{"href":"https:\/\/www.teleskopshop.ch\/fr\/wp-json\/wp\/v2\/product\/59487","targetHints":{"allow":["GET"]}}],"collection":[{"href":"https:\/\/www.teleskopshop.ch\/fr\/wp-json\/wp\/v2\/product"}],"about":[{"href":"https:\/\/www.teleskopshop.ch\/fr\/wp-json\/wp\/v2\/types\/product"}],"replies":[{"embeddable":true,"href":"https:\/\/www.teleskopshop.ch\/fr\/wp-json\/wp\/v2\/comments?post=59487"}],"wp:featuredmedia":[{"embeddable":true,"href":"https:\/\/www.teleskopshop.ch\/fr\/wp-json\/wp\/v2\/media\/9106"}],"wp:attachment":[{"href":"https:\/\/www.teleskopshop.ch\/fr\/wp-json\/wp\/v2\/media?parent=59487"}],"wp:term":[{"taxonomy":"product_brand","embeddable":true,"href":"https:\/\/www.teleskopshop.ch\/fr\/wp-json\/wp\/v2\/product_brand?post=59487"},{"taxonomy":"product_cat","embeddable":true,"href":"https:\/\/www.teleskopshop.ch\/fr\/wp-json\/wp\/v2\/product_cat?post=59487"},{"taxonomy":"product_tag","embeddable":true,"href":"https:\/\/www.teleskopshop.ch\/fr\/wp-json\/wp\/v2\/product_tag?post=59487"}],"curies":[{"name":"wp","href":"https:\/\/api.w.org\/{rel}","templated":true}]}}