{"id":59481,"date":"2023-12-18T00:00:00","date_gmt":"2023-12-17T23:00:00","guid":{"rendered":"https:\/\/2025.teleskopshop.ch\/shop\/non%20class\u00e9\/baader-t2-m44-aussengewinde-zeiss\/"},"modified":"2025-01-25T12:03:02","modified_gmt":"2025-01-25T11:03:02","slug":"baader-t2-m44-aussengewinde-zeiss","status":"publish","type":"product","link":"https:\/\/www.teleskopshop.ch\/fr\/shop\/optique\/extensions-optiques\/oculaires\/baader-t2-m44-aussengewinde-zeiss\/","title":{"rendered":"Filetage ext\u00e9rieur Baader T2\/M44 (Zeiss)"},"content":{"rendered":"<p>Adaptateur : Filetage m\u00e2le M 44&#215;1 &#8211; Filetage m\u00e2le T2 (1508005 #13)<br \/>\nUn adaptateur court pour le filetage m\u00e2le T2, pour les t\u00e9lescopes<br \/>\nqui ont le filetage interne M44x1 c\u00f4t\u00e9 oculaire. Vers le T2<br \/>\nLes filetages s&rsquo;adaptent alors \u00e0 tous les adaptateurs T2 courants. Tu peux avec \u00e7a<br \/>\nL&rsquo;adaptateur fait une tr\u00e8s courte adaptation au T2.<br \/>\nFiletage ext\u00e9rieur 44&#215;1<br \/>\nFiletage externe T2<br \/>\nlongueur totale effective : 5 mm<\/p>\n","protected":false},"excerpt":{"rendered":"<p>Adaptateur : Filetage m\u00e2le M 44&#215;1 &#8211; Filetage m\u00e2le T2 (1508005 #13) Un adaptateur court pour le filetage m\u00e2le T2, pour les t\u00e9lescopes qui ont le filetage interne M44x1 c\u00f4t\u00e9 oculaire. Vers le T2 Les filetages s&rsquo;adaptent alors \u00e0 tous les adaptateurs T2 courants. Tu peux avec \u00e7a L&rsquo;adaptateur fait une tr\u00e8s courte adaptation au [&hellip;]<\/p>\n","protected":false},"featured_media":9098,"comment_status":"closed","ping_status":"open","template":"","meta":{"_acf_changed":false},"product_brand":[679],"product_cat":[1477,1339],"product_tag":[],"class_list":{"0":"post-59481","1":"product","2":"type-product","3":"status-publish","4":"has-post-thumbnail","6":"product_brand-baader","7":"product_cat-oculaires","8":"product_cat-optique","10":"first","11":"instock","12":"taxable","13":"shipping-taxable","14":"purchasable","15":"product-type-simple"},"acf":[],"_links":{"self":[{"href":"https:\/\/www.teleskopshop.ch\/fr\/wp-json\/wp\/v2\/product\/59481","targetHints":{"allow":["GET"]}}],"collection":[{"href":"https:\/\/www.teleskopshop.ch\/fr\/wp-json\/wp\/v2\/product"}],"about":[{"href":"https:\/\/www.teleskopshop.ch\/fr\/wp-json\/wp\/v2\/types\/product"}],"replies":[{"embeddable":true,"href":"https:\/\/www.teleskopshop.ch\/fr\/wp-json\/wp\/v2\/comments?post=59481"}],"wp:featuredmedia":[{"embeddable":true,"href":"https:\/\/www.teleskopshop.ch\/fr\/wp-json\/wp\/v2\/media\/9098"}],"wp:attachment":[{"href":"https:\/\/www.teleskopshop.ch\/fr\/wp-json\/wp\/v2\/media?parent=59481"}],"wp:term":[{"taxonomy":"product_brand","embeddable":true,"href":"https:\/\/www.teleskopshop.ch\/fr\/wp-json\/wp\/v2\/product_brand?post=59481"},{"taxonomy":"product_cat","embeddable":true,"href":"https:\/\/www.teleskopshop.ch\/fr\/wp-json\/wp\/v2\/product_cat?post=59481"},{"taxonomy":"product_tag","embeddable":true,"href":"https:\/\/www.teleskopshop.ch\/fr\/wp-json\/wp\/v2\/product_tag?post=59481"}],"curies":[{"name":"wp","href":"https:\/\/api.w.org\/{rel}","templated":true}]}}